{"id":997,"date":"2009-01-07T16:11:46","date_gmt":"2009-01-07T16:11:46","guid":{"rendered":"http:\/\/testrolland.justecordes.fr\/?product=mister"},"modified":"2026-04-20T14:55:36","modified_gmt":"2026-04-20T12:55:36","slug":"mister","status":"publish","type":"product","link":"https:\/\/rolland-sprinklers.com\/IRRIGATION\/produit\/mister\/","title":{"rendered":"Mister"},"content":{"rendered":"<p>Le Mister, disponible en version 360\u00b0 et 180\u00b0, est utilis\u00e9 pour l&rsquo;irrigation sous frondaison de petits vergers et de fleurs. Il est indispensable quand on veut recr\u00e9er un effet de brumisation, d&rsquo;humidification et de refroidissement des serres. Ses faibles d\u00e9bits et sa facilit\u00e9 d&rsquo;installation en font un brumiseur tr\u00e8s \u00e9conomique.<\/p>\n<p><strong>Caract\u00e9ristiques techniques :<\/strong><\/p>\n<ul>\n<li>Port\u00e9e de 1.2 \u00e0 1.5 m<\/li>\n<li>D\u00e9bit de 30 \u00e0 43 l\/h<\/li>\n<li>Pression de service de 1 \u00e0 3 bars<\/li>\n<li>Mod\u00e8les disponibles : Mister 360\u00b0 \/ Mister 180\u00b0<\/li>\n<li>Possibilit\u00e9 de montage sur notre support P4<\/li>\n<\/ul>\n<p><img data-recalc-dims=\"1\" decoding=\"async\" class=\"alignnone  wp-image-4392\" src=\"https:\/\/i0.wp.com\/www.rolland-sprinklers.com\/IRRIGATION\/wp-content\/uploads\/2022\/03\/Telechargement-fiche-technique.png?resize=205%2C45&#038;ssl=1\" alt=\"\" width=\"205\" height=\"45\" srcset=\"https:\/\/i0.wp.com\/www.rolland-sprinklers.com\/IRRIGATION\/wp-content\/uploads\/2022\/03\/Telechargement-fiche-technique.png?resize=300%2C66&amp;ssl=1 300w, https:\/\/i0.wp.com\/www.rolland-sprinklers.com\/IRRIGATION\/wp-content\/uploads\/2022\/03\/Telechargement-fiche-technique.png?resize=18%2C4&amp;ssl=1 18w, https:\/\/i0.wp.com\/www.rolland-sprinklers.com\/IRRIGATION\/wp-content\/uploads\/2022\/03\/Telechargement-fiche-technique.png?w=366&amp;ssl=1 366w\" sizes=\"(max-width: 205px) 100vw, 205px\" \/> <a href=\"http:\/\/www.rolland-sprinklers.com\/Fichiers\/Irrigation\/Mister.pdf\" target=\"blank&quot;\" rel=\"noopener\">Fiche technique<\/a><\/p>\n","protected":false},"excerpt":{"rendered":"<p>Le Mister, disponible en version 360\u00b0 et 180\u00b0, est utilis\u00e9 pour l&rsquo;irrigation sous frondaison de petits vergers et de fleurs. Il est indispensable quand on veut recr\u00e9er un effet de brumisation, d&rsquo;humidification et de refroidissement des serres. Ses faibles d\u00e9bits et sa facilit\u00e9 d&rsquo;installation en font un brumiseur tr\u00e8s \u00e9conomique. Caract\u00e9ristiques techniques : Port\u00e9e de [&hellip;]<\/p>\n","protected":false},"featured_media":998,"template":"","meta":[],"product_brand":[],"product_cat":[157],"product_tag":[],"class_list":{"0":"post-997","1":"product","2":"type-product","3":"status-publish","4":"has-post-thumbnail","6":"product_cat-micro-aspersion-goutteur","7":"pa_1-choix-du-modele-mister-o1-180-40lh","8":"pa_1-choix-du-modele-mister-o1-360-40lh","9":"pa_1-choix-du-modele-mister-o11-360-60lh","10":"pa_1-choix-du-modele-mister-o2-360-160lh","12":"first","13":"instock","14":"taxable","15":"shipping-taxable","16":"purchasable","17":"product-type-variable"},"jetpack_sharing_enabled":true,"_links":{"self":[{"href":"https:\/\/rolland-sprinklers.com\/IRRIGATION\/wp-json\/wp\/v2\/product\/997","targetHints":{"allow":["GET"]}}],"collection":[{"href":"https:\/\/rolland-sprinklers.com\/IRRIGATION\/wp-json\/wp\/v2\/product"}],"about":[{"href":"https:\/\/rolland-sprinklers.com\/IRRIGATION\/wp-json\/wp\/v2\/types\/product"}],"version-history":[{"count":2,"href":"https:\/\/rolland-sprinklers.com\/IRRIGATION\/wp-json\/wp\/v2\/product\/997\/revisions"}],"predecessor-version":[{"id":4931,"href":"https:\/\/rolland-sprinklers.com\/IRRIGATION\/wp-json\/wp\/v2\/product\/997\/revisions\/4931"}],"wp:featuredmedia":[{"embeddable":true,"href":"https:\/\/rolland-sprinklers.com\/IRRIGATION\/wp-json\/wp\/v2\/media\/998"}],"wp:attachment":[{"href":"https:\/\/rolland-sprinklers.com\/IRRIGATION\/wp-json\/wp\/v2\/media?parent=997"}],"wp:term":[{"taxonomy":"product_brand","embeddable":true,"href":"https:\/\/rolland-sprinklers.com\/IRRIGATION\/wp-json\/wp\/v2\/product_brand?post=997"},{"taxonomy":"product_cat","embeddable":true,"href":"https:\/\/rolland-sprinklers.com\/IRRIGATION\/wp-json\/wp\/v2\/product_cat?post=997"},{"taxonomy":"product_tag","embeddable":true,"href":"https:\/\/rolland-sprinklers.com\/IRRIGATION\/wp-json\/wp\/v2\/product_tag?post=997"}],"curies":[{"name":"wp","href":"https:\/\/api.w.org\/{rel}","templated":true}]}}