{"id":994,"date":"2008-11-26T14:59:08","date_gmt":"2008-11-26T14:59:08","guid":{"rendered":"http:\/\/testrolland.justecordes.fr\/?product=tuyere-t-tete-laiton-escamotable"},"modified":"2025-04-03T13:43:27","modified_gmt":"2025-04-03T11:43:27","slug":"tuyere-t-tete-laiton-escamotable","status":"publish","type":"product","link":"https:\/\/rolland-sprinklers.com\/IRRIGATION\/produit\/tuyere-t-tete-laiton-escamotable\/","title":{"rendered":"Tuy\u00e8re T t\u00eate Laiton escamotable"},"content":{"rendered":"<p>Con\u00e7ue pour l&rsquo;arrosage des petits espaces verts, la tuy\u00e8re ROLLAND poss\u00e8de plusieurs avantages qui la rend tr\u00e8s comp\u00e9titive. Ex\u00e9cut\u00e9e avec des mati\u00e8res de haute qualit\u00e9 tels que le Delrin et l&rsquo;ABS, elle est robuste et fiable.<br \/>\nLa grande \u00e9mergence de la t\u00eate du sol (88 mm), sa vis de r\u00e9glage pour r\u00e9duire la port\u00e9e et le d\u00e9bit, sa facilit\u00e9 de d\u00e9montage du m\u00e9canisme font que la tuy\u00e8re ROLLAND est appr\u00e9ci\u00e9e aussi bien par les particuliers que par les professionnels de l&rsquo;arrosage.<\/p>\n<p>Caract\u00e9ristiques techniques :<\/p>\n<p>*Port\u00e9e r\u00e9glable, maxi 7 m. D\u00e9bit de 350 \u00e0 690 l\/h, Pression de service de 1 \u00e0 3 bars.<br \/>\n*Mod\u00e8les disponibles : TA (Circulaire, classique) TAS 90\u00b0\/180\u00b0 (secteur, classique), TBS 90\u00b0\/180\u00b0\/270\u00b0(secteur, jets dirig\u00e9s)<br \/>\n*Montage : il est conseill\u00e9 d&rsquo;utiliser l&rsquo;allonge t\u00e9l\u00e9scopique pour la mise \u00e0 niveau de la tuy\u00e8re par rapport au sol<br \/>\n*Raccordement 1\/2 \u00a0\u00bb femelle<\/p>\n<p><img data-recalc-dims=\"1\" decoding=\"async\" src=\"https:\/\/i0.wp.com\/testrolland.justecordes.fr\/wp-content\/uploads\/catalog\/images\/logoacrobat.gif?w=980\" \/> <a href=\"http:\/\/www.rolland-sprinklers.com\/Fichiers\/Irrigation\/p42-Tuyere-FR-DIST.pdf\" target=\"blank\" rel=\"noopener\">Documentation tuy\u00e8res<\/a><\/p>\n<p><img data-recalc-dims=\"1\" decoding=\"async\" src=\"https:\/\/i0.wp.com\/testrolland.justecordes.fr\/wp-content\/uploads\/catalog\/images\/logoacrobat.gif?w=980\" \/> <a href=\"http:\/\/www.rolland-sprinklers.com\/Fichiers\/Irrigation\/Tuyere Rolland.PDF\" target=\"blank&quot;\" rel=\"noopener\">Vue \u00e9clat\u00e9e<\/a><\/p>\n","protected":false},"excerpt":{"rendered":"<p>Con\u00e7ue pour l&rsquo;arrosage des petits espaces verts, la tuy\u00e8re ROLLAND poss\u00e8de plusieurs avantages qui la rend tr\u00e8s comp\u00e9titive. Ex\u00e9cut\u00e9e avec des mati\u00e8res de haute qualit\u00e9 tels que le Delrin et l&rsquo;ABS, elle est robuste et fiable. La grande \u00e9mergence de la t\u00eate du sol (88 mm), sa vis de r\u00e9glage pour r\u00e9duire la port\u00e9e et [&hellip;]<\/p>\n","protected":false},"featured_media":995,"template":"","meta":[],"product_brand":[],"product_cat":[159],"product_tag":[],"class_list":{"0":"post-994","1":"product","2":"type-product","3":"status-publish","4":"has-post-thumbnail","6":"product_cat-escamotables","7":"pa_choix-de-la-tete-de-tuyere-laiton-bs-jets-180","8":"pa_choix-de-la-tete-de-tuyere-laiton-bs-jets-270","9":"pa_choix-de-la-tete-de-tuyere-laiton-bs-jets-90","11":"first","12":"instock","13":"taxable","14":"shipping-taxable","15":"purchasable","16":"product-type-variable"},"jetpack_sharing_enabled":true,"_links":{"self":[{"href":"https:\/\/rolland-sprinklers.com\/IRRIGATION\/wp-json\/wp\/v2\/product\/994","targetHints":{"allow":["GET"]}}],"collection":[{"href":"https:\/\/rolland-sprinklers.com\/IRRIGATION\/wp-json\/wp\/v2\/product"}],"about":[{"href":"https:\/\/rolland-sprinklers.com\/IRRIGATION\/wp-json\/wp\/v2\/types\/product"}],"version-history":[{"count":1,"href":"https:\/\/rolland-sprinklers.com\/IRRIGATION\/wp-json\/wp\/v2\/product\/994\/revisions"}],"predecessor-version":[{"id":8770,"href":"https:\/\/rolland-sprinklers.com\/IRRIGATION\/wp-json\/wp\/v2\/product\/994\/revisions\/8770"}],"wp:featuredmedia":[{"embeddable":true,"href":"https:\/\/rolland-sprinklers.com\/IRRIGATION\/wp-json\/wp\/v2\/media\/995"}],"wp:attachment":[{"href":"https:\/\/rolland-sprinklers.com\/IRRIGATION\/wp-json\/wp\/v2\/media?parent=994"}],"wp:term":[{"taxonomy":"product_brand","embeddable":true,"href":"https:\/\/rolland-sprinklers.com\/IRRIGATION\/wp-json\/wp\/v2\/product_brand?post=994"},{"taxonomy":"product_cat","embeddable":true,"href":"https:\/\/rolland-sprinklers.com\/IRRIGATION\/wp-json\/wp\/v2\/product_cat?post=994"},{"taxonomy":"product_tag","embeddable":true,"href":"https:\/\/rolland-sprinklers.com\/IRRIGATION\/wp-json\/wp\/v2\/product_tag?post=994"}],"curies":[{"name":"wp","href":"https:\/\/api.w.org\/{rel}","templated":true}]}}