{"id":9659,"date":"2025-02-18T14:18:35","date_gmt":"2025-02-18T13:18:35","guid":{"rendered":"https:\/\/rolland-sprinklers.com\/IRRIGATION\/?post_type=product&#038;p=9659"},"modified":"2025-04-03T13:45:43","modified_gmt":"2025-04-03T11:45:43","slug":"arroseur-11","status":"publish","type":"product","link":"https:\/\/rolland-sprinklers.com\/IRRIGATION\/produit\/arroseur-11\/","title":{"rendered":"Arroseur 11"},"content":{"rendered":"<p>L&rsquo;arroseur 11 est un arroseur en laiton fonctionnant uniquement de fa\u00e7ons circulaire.<\/p>\n<p>Tr\u00e8s appr\u00e9ci\u00e9 pour ses fines gouttelettes et sa qualit\u00e9 d&rsquo;arrosage, l&rsquo;arroseur 11 est \u00e9galement \u00e9quip\u00e9<\/p>\n<p>d&rsquo;une vis brise-jet permettant d&rsquo;optimiser l&rsquo;arrosage.<\/p>\n<p><strong>Utilisation :<\/strong><\/p>\n<ul>\n<li>Arrosage sur frondaison<\/li>\n<li>Mara\u00eechage, petits espaces verts, p\u00e9pini\u00e8re, horticulture, etc &#8230;<\/li>\n<li>Chaque fois que l\u2019on souhaite un arroseur polyvalent faible d\u00e9bit.<\/li>\n<\/ul>\n<p><strong>Caract\u00e9ristiques techniques :<\/strong><\/p>\n<ul>\n<li>D\u00e9bit de 0.55 \u00e0 1.73 m3\/h<\/li>\n<li>Port\u00e9e de 12 \u00e0 14 m<\/li>\n<li>Pression de service de 2.5 \u00e0 4 bars<\/li>\n<li>Filetage 1\/2 \u00a0\u00bb m\u00e2le (Existe aussi en 3\/4&Prime; M\u00e2le)<\/li>\n<li>Angle du jet 30\u00b0<\/li>\n<li>Arroseur laiton<\/li>\n<li>Possibilit\u00e9 de montage sur notre tra\u00eeneau T11, T12 et tr\u00e9pied<\/li>\n<\/ul>\n<p><img data-recalc-dims=\"1\" decoding=\"async\" class=\"alignnone wp-image-4392\" src=\"https:\/\/i0.wp.com\/www.rolland-sprinklers.com\/IRRIGATION\/wp-content\/uploads\/2022\/03\/Telechargement-fiche-technique.png?resize=205%2C45&#038;ssl=1\" alt=\"\" width=\"205\" height=\"45\" srcset=\"https:\/\/i0.wp.com\/www.rolland-sprinklers.com\/IRRIGATION\/wp-content\/uploads\/2022\/03\/Telechargement-fiche-technique.png?resize=300%2C66&amp;ssl=1 300w, https:\/\/i0.wp.com\/www.rolland-sprinklers.com\/IRRIGATION\/wp-content\/uploads\/2022\/03\/Telechargement-fiche-technique.png?resize=18%2C4&amp;ssl=1 18w, https:\/\/i0.wp.com\/www.rolland-sprinklers.com\/IRRIGATION\/wp-content\/uploads\/2022\/03\/Telechargement-fiche-technique.png?w=366&amp;ssl=1 366w\" sizes=\"(max-width: 205px) 100vw, 205px\" \/> <a href=\"http:\/\/www.rolland-sprinklers.com\/Fichiers\/Irrigation\/p17-11FR-DIST.pdf\" target=\"blank\" rel=\"noopener\"> Fiche technique Arroseur 11<\/a><\/p>\n<p><img data-recalc-dims=\"1\" decoding=\"async\" class=\"alignnone wp-image-4396\" src=\"https:\/\/i0.wp.com\/www.rolland-sprinklers.com\/IRRIGATION\/wp-content\/uploads\/2022\/03\/Telechargement-Vue-Eclate-300x65.png?resize=203%2C44&#038;ssl=1\" alt=\"\" width=\"203\" height=\"44\" srcset=\"https:\/\/i0.wp.com\/www.rolland-sprinklers.com\/IRRIGATION\/wp-content\/uploads\/2022\/03\/Telechargement-Vue-Eclate.png?resize=300%2C65&amp;ssl=1 300w, https:\/\/i0.wp.com\/www.rolland-sprinklers.com\/IRRIGATION\/wp-content\/uploads\/2022\/03\/Telechargement-Vue-Eclate.png?resize=18%2C4&amp;ssl=1 18w, https:\/\/i0.wp.com\/www.rolland-sprinklers.com\/IRRIGATION\/wp-content\/uploads\/2022\/03\/Telechargement-Vue-Eclate.png?w=366&amp;ssl=1 366w\" sizes=\"(max-width: 203px) 100vw, 203px\" \/> <a href=\"http:\/\/www.rolland-sprinklers.com\/Fichiers\/Irrigation\/472_sp11fr.pdf\" target=\"blank&quot;\" rel=\"noopener\"> Vue \u00e9clat\u00e9e 11<\/a><\/p>\n","protected":false},"excerpt":{"rendered":"<p>L&rsquo;arroseur 11 est un arroseur en laiton fonctionnant uniquement de fa\u00e7ons circulaire. Tr\u00e8s appr\u00e9ci\u00e9 pour ses fines gouttelettes et sa qualit\u00e9 d&rsquo;arrosage, l&rsquo;arroseur 11 est \u00e9galement \u00e9quip\u00e9 d&rsquo;une vis brise-jet permettant d&rsquo;optimiser l&rsquo;arrosage. Utilisation : Arrosage sur frondaison Mara\u00eechage, petits espaces verts, p\u00e9pini\u00e8re, horticulture, etc &#8230; Chaque fois que l\u2019on souhaite un arroseur polyvalent faible [&hellip;]<\/p>\n","protected":false},"featured_media":661,"template":"","meta":[],"product_brand":[],"product_cat":[154],"product_tag":[],"class_list":{"0":"post-9659","1":"product","2":"type-product","3":"status-publish","4":"has-post-thumbnail","6":"product_cat-arroseurs-de-surface","7":"pa_1-choix-de-buse-motrice-1117-o3","8":"pa_1-choix-de-buse-motrice-1117-o35","9":"pa_1-choix-de-buse-motrice-1117-o4","10":"pa_1-choix-de-buse-motrice-1117-o45","11":"pa_2-choix-de-buse-arriere-bouchon-1119","12":"pa_2-choix-de-buse-arriere-buse-arriere-1143-o2","13":"pa_2-choix-de-buse-arriere-buse-arriere-1143-o25","15":"first","16":"instock","17":"taxable","18":"shipping-taxable","19":"purchasable","20":"product-type-variable","21":"has-default-attributes"},"jetpack_sharing_enabled":true,"_links":{"self":[{"href":"https:\/\/rolland-sprinklers.com\/IRRIGATION\/wp-json\/wp\/v2\/product\/9659","targetHints":{"allow":["GET"]}}],"collection":[{"href":"https:\/\/rolland-sprinklers.com\/IRRIGATION\/wp-json\/wp\/v2\/product"}],"about":[{"href":"https:\/\/rolland-sprinklers.com\/IRRIGATION\/wp-json\/wp\/v2\/types\/product"}],"version-history":[{"count":1,"href":"https:\/\/rolland-sprinklers.com\/IRRIGATION\/wp-json\/wp\/v2\/product\/9659\/revisions"}],"predecessor-version":[{"id":9661,"href":"https:\/\/rolland-sprinklers.com\/IRRIGATION\/wp-json\/wp\/v2\/product\/9659\/revisions\/9661"}],"wp:featuredmedia":[{"embeddable":true,"href":"https:\/\/rolland-sprinklers.com\/IRRIGATION\/wp-json\/wp\/v2\/media\/661"}],"wp:attachment":[{"href":"https:\/\/rolland-sprinklers.com\/IRRIGATION\/wp-json\/wp\/v2\/media?parent=9659"}],"wp:term":[{"taxonomy":"product_brand","embeddable":true,"href":"https:\/\/rolland-sprinklers.com\/IRRIGATION\/wp-json\/wp\/v2\/product_brand?post=9659"},{"taxonomy":"product_cat","embeddable":true,"href":"https:\/\/rolland-sprinklers.com\/IRRIGATION\/wp-json\/wp\/v2\/product_cat?post=9659"},{"taxonomy":"product_tag","embeddable":true,"href":"https:\/\/rolland-sprinklers.com\/IRRIGATION\/wp-json\/wp\/v2\/product_tag?post=9659"}],"curies":[{"name":"wp","href":"https:\/\/api.w.org\/{rel}","templated":true}]}}