{"id":949,"date":"2008-11-24T08:44:42","date_gmt":"2008-11-24T08:44:42","guid":{"rendered":"http:\/\/testrolland.justecordes.fr\/?product=masse-mma-pour-3ctb"},"modified":"2026-04-20T14:55:54","modified_gmt":"2026-04-20T12:55:54","slug":"masse-mma-pour-3ctb","status":"publish","type":"product","link":"https:\/\/rolland-sprinklers.com\/IRRIGATION\/produit\/masse-mma-pour-3ctb\/","title":{"rendered":"Masse MMA  (pour 3CTB)"},"content":{"rendered":"<p>Masse galvanis\u00e9e sp\u00e9cialement con\u00e7u pour \u00e9viter les d\u00e9bo\u00eetements entre tubing et micro jets.<br \/>\nPour montage avec tubing TSMA.<br \/>\nPour rotojet 3CTB5 ou microjets filet\u00e9s M5.<\/p>\n<p><img data-recalc-dims=\"1\" decoding=\"async\" class=\"alignnone  wp-image-4393\" src=\"https:\/\/i0.wp.com\/www.rolland-sprinklers.com\/IRRIGATION\/wp-content\/uploads\/2022\/03\/Telechargement-Notice-de-montage.png?resize=203%2C44&#038;ssl=1\" alt=\"\" width=\"203\" height=\"44\" srcset=\"https:\/\/i0.wp.com\/www.rolland-sprinklers.com\/IRRIGATION\/wp-content\/uploads\/2022\/03\/Telechargement-Notice-de-montage.png?resize=300%2C65&amp;ssl=1 300w, https:\/\/i0.wp.com\/www.rolland-sprinklers.com\/IRRIGATION\/wp-content\/uploads\/2022\/03\/Telechargement-Notice-de-montage.png?resize=18%2C4&amp;ssl=1 18w, https:\/\/i0.wp.com\/www.rolland-sprinklers.com\/IRRIGATION\/wp-content\/uploads\/2022\/03\/Telechargement-Notice-de-montage.png?w=366&amp;ssl=1 366w\" sizes=\"(max-width: 203px) 100vw, 203px\" \/> <a href=\"http:\/\/www.rolland-sprinklers.com\/Fichiers\/Irrigation\/p44-Rotojet-FR-DIST.pdf\" target=\"_blank\" rel=\"noopener\">Montage 3CTB5<\/a><\/p>\n","protected":false},"excerpt":{"rendered":"<p>Masse galvanis\u00e9e sp\u00e9cialement con\u00e7u pour \u00e9viter les d\u00e9bo\u00eetements entre tubing et micro jets. Pour montage avec tubing TSMA. Pour rotojet 3CTB5 ou microjets filet\u00e9s M5. Montage 3CTB5<\/p>\n","protected":false},"featured_media":950,"template":"","meta":[],"product_brand":[],"product_cat":[157],"product_tag":[],"class_list":{"0":"post-949","1":"product","2":"type-product","3":"status-publish","4":"has-post-thumbnail","6":"product_cat-micro-aspersion-goutteur","8":"first","9":"instock","10":"taxable","11":"shipping-taxable","12":"purchasable","13":"product-type-simple"},"jetpack_sharing_enabled":true,"_links":{"self":[{"href":"https:\/\/rolland-sprinklers.com\/IRRIGATION\/wp-json\/wp\/v2\/product\/949","targetHints":{"allow":["GET"]}}],"collection":[{"href":"https:\/\/rolland-sprinklers.com\/IRRIGATION\/wp-json\/wp\/v2\/product"}],"about":[{"href":"https:\/\/rolland-sprinklers.com\/IRRIGATION\/wp-json\/wp\/v2\/types\/product"}],"version-history":[{"count":1,"href":"https:\/\/rolland-sprinklers.com\/IRRIGATION\/wp-json\/wp\/v2\/product\/949\/revisions"}],"predecessor-version":[{"id":4944,"href":"https:\/\/rolland-sprinklers.com\/IRRIGATION\/wp-json\/wp\/v2\/product\/949\/revisions\/4944"}],"wp:featuredmedia":[{"embeddable":true,"href":"https:\/\/rolland-sprinklers.com\/IRRIGATION\/wp-json\/wp\/v2\/media\/950"}],"wp:attachment":[{"href":"https:\/\/rolland-sprinklers.com\/IRRIGATION\/wp-json\/wp\/v2\/media?parent=949"}],"wp:term":[{"taxonomy":"product_brand","embeddable":true,"href":"https:\/\/rolland-sprinklers.com\/IRRIGATION\/wp-json\/wp\/v2\/product_brand?post=949"},{"taxonomy":"product_cat","embeddable":true,"href":"https:\/\/rolland-sprinklers.com\/IRRIGATION\/wp-json\/wp\/v2\/product_cat?post=949"},{"taxonomy":"product_tag","embeddable":true,"href":"https:\/\/rolland-sprinklers.com\/IRRIGATION\/wp-json\/wp\/v2\/product_tag?post=949"}],"curies":[{"name":"wp","href":"https:\/\/api.w.org\/{rel}","templated":true}]}}