{"id":916,"date":"2008-11-21T14:41:17","date_gmt":"2008-11-21T14:41:17","guid":{"rendered":"http:\/\/testrolland.justecordes.fr\/?product=rotojet-3c5"},"modified":"2026-04-20T14:56:04","modified_gmt":"2026-04-20T12:56:04","slug":"rotojet-3c5","status":"publish","type":"product","link":"https:\/\/rolland-sprinklers.com\/IRRIGATION\/produit\/rotojet-3c5\/","title":{"rendered":"Rotojet 3C5"},"content":{"rendered":"<p>Le Rotojet 3C5 est utilis\u00e9 pour les serres de 6 \u00e0 9 m\u00e8tres lorsque les plantes requi\u00e8rent des gouttes d&rsquo;eau fines et une bonne r\u00e9partition de la pluviom\u00e9trie. Il est \u00e9quip\u00e9 de la buse de votre choix.<\/p>\n<p><strong>Caract\u00e9ristiques techniques :<\/strong><\/p>\n<ul>\n<li>Port\u00e9e de 3.5 \u00e0 5 m. D\u00e9bit de 30 \u00e0 250 l\/h<\/li>\n<li>Pression de service de 1 \u00e0 3 bars<\/li>\n<\/ul>\n<p><img data-recalc-dims=\"1\" decoding=\"async\" class=\"alignnone wp-image-4392\" src=\"https:\/\/i0.wp.com\/www.rolland-sprinklers.com\/IRRIGATION\/wp-content\/uploads\/2022\/03\/Telechargement-fiche-technique.png?resize=205%2C45&#038;ssl=1\" alt=\"\" width=\"205\" height=\"45\" srcset=\"https:\/\/i0.wp.com\/www.rolland-sprinklers.com\/IRRIGATION\/wp-content\/uploads\/2022\/03\/Telechargement-fiche-technique.png?resize=300%2C66&amp;ssl=1 300w, https:\/\/i0.wp.com\/www.rolland-sprinklers.com\/IRRIGATION\/wp-content\/uploads\/2022\/03\/Telechargement-fiche-technique.png?resize=18%2C4&amp;ssl=1 18w, https:\/\/i0.wp.com\/www.rolland-sprinklers.com\/IRRIGATION\/wp-content\/uploads\/2022\/03\/Telechargement-fiche-technique.png?w=366&amp;ssl=1 366w\" sizes=\"(max-width: 205px) 100vw, 205px\" \/> <a href=\"https:\/\/www.rolland-sprinklers.com\/IRRIGATION\/wp-content\/uploads\/2024\/07\/p41-Rotojet-FR-1.pdf\" target=\"_blank\" rel=\"noopener\">Fiche technique 3C5<\/a><\/p>\n<p><a href=\"https:\/\/www.rolland-sprinklers.com\/IRRIGATION\/wp-content\/uploads\/2022\/09\/flyer-special-3C-FR.pdf\" target=\"_blank\" rel=\"noopener\"><img data-recalc-dims=\"1\" decoding=\"async\" class=\"alignnone wp-image-4391\" src=\"https:\/\/i0.wp.com\/www.rolland-sprinklers.com\/IRRIGATION\/wp-content\/uploads\/2022\/03\/Telechargement-Fiche-commerciale.png?resize=203%2C44&#038;ssl=1\" alt=\"\" width=\"203\" height=\"44\" srcset=\"https:\/\/i0.wp.com\/www.rolland-sprinklers.com\/IRRIGATION\/wp-content\/uploads\/2022\/03\/Telechargement-Fiche-commerciale.png?resize=300%2C65&amp;ssl=1 300w, https:\/\/i0.wp.com\/www.rolland-sprinklers.com\/IRRIGATION\/wp-content\/uploads\/2022\/03\/Telechargement-Fiche-commerciale.png?resize=18%2C4&amp;ssl=1 18w, https:\/\/i0.wp.com\/www.rolland-sprinklers.com\/IRRIGATION\/wp-content\/uploads\/2022\/03\/Telechargement-Fiche-commerciale.png?resize=416%2C90&amp;ssl=1 416w, https:\/\/i0.wp.com\/www.rolland-sprinklers.com\/IRRIGATION\/wp-content\/uploads\/2022\/03\/Telechargement-Fiche-commerciale.png?w=570&amp;ssl=1 570w\" sizes=\"(max-width: 203px) 100vw, 203px\" \/>Rotojet<\/a><\/p>\n<p><img data-recalc-dims=\"1\" decoding=\"async\" class=\"alignnone wp-image-4393\" src=\"https:\/\/i0.wp.com\/www.rolland-sprinklers.com\/IRRIGATION\/wp-content\/uploads\/2022\/03\/Telechargement-Notice-de-montage.png?resize=203%2C44&#038;ssl=1\" alt=\"\" width=\"203\" height=\"44\" srcset=\"https:\/\/i0.wp.com\/www.rolland-sprinklers.com\/IRRIGATION\/wp-content\/uploads\/2022\/03\/Telechargement-Notice-de-montage.png?resize=300%2C65&amp;ssl=1 300w, https:\/\/i0.wp.com\/www.rolland-sprinklers.com\/IRRIGATION\/wp-content\/uploads\/2022\/03\/Telechargement-Notice-de-montage.png?resize=18%2C4&amp;ssl=1 18w, https:\/\/i0.wp.com\/www.rolland-sprinklers.com\/IRRIGATION\/wp-content\/uploads\/2022\/03\/Telechargement-Notice-de-montage.png?w=366&amp;ssl=1 366w\" sizes=\"(max-width: 203px) 100vw, 203px\" \/> <a href=\"http:\/\/www.rolland-sprinklers.com\/Fichiers\/Irrigation\/Rotojets.PDF\" target=\"_blank\" rel=\"noopener\">Type de Montage<\/a><\/p>\n","protected":false},"excerpt":{"rendered":"<p>Le Rotojet 3C5 est utilis\u00e9 pour les serres de 6 \u00e0 9 m\u00e8tres lorsque les plantes requi\u00e8rent des gouttes d&rsquo;eau fines et une bonne r\u00e9partition de la pluviom\u00e9trie. Il est \u00e9quip\u00e9 de la buse de votre choix. Caract\u00e9ristiques techniques : Port\u00e9e de 3.5 \u00e0 5 m. D\u00e9bit de 30 \u00e0 250 l\/h Pression de service [&hellip;]<\/p>\n","protected":false},"featured_media":917,"template":"","meta":[],"product_brand":[],"product_cat":[157],"product_tag":[],"class_list":{"0":"post-916","1":"product","2":"type-product","3":"status-publish","4":"has-post-thumbnail","6":"product_cat-micro-aspersion-goutteur","7":"pa_1-choix-de-buse-motrice-317-o1-verte","8":"pa_1-choix-de-buse-motrice-317-o12-marron","9":"pa_1-choix-de-buse-motrice-317-o15-rouge","10":"pa_1-choix-de-buse-motrice-317-o17-orange","11":"pa_1-choix-de-buse-motrice-317-o2-jaune","12":"pa_1-choix-de-buse-motrice-317-o22-noire","13":"pa_1-choix-de-buse-motrice-317-o24-blanche","15":"first","16":"instock","17":"taxable","18":"shipping-taxable","19":"purchasable","20":"product-type-variable"},"jetpack_sharing_enabled":true,"_links":{"self":[{"href":"https:\/\/rolland-sprinklers.com\/IRRIGATION\/wp-json\/wp\/v2\/product\/916","targetHints":{"allow":["GET"]}}],"collection":[{"href":"https:\/\/rolland-sprinklers.com\/IRRIGATION\/wp-json\/wp\/v2\/product"}],"about":[{"href":"https:\/\/rolland-sprinklers.com\/IRRIGATION\/wp-json\/wp\/v2\/types\/product"}],"version-history":[{"count":5,"href":"https:\/\/rolland-sprinklers.com\/IRRIGATION\/wp-json\/wp\/v2\/product\/916\/revisions"}],"predecessor-version":[{"id":8845,"href":"https:\/\/rolland-sprinklers.com\/IRRIGATION\/wp-json\/wp\/v2\/product\/916\/revisions\/8845"}],"wp:featuredmedia":[{"embeddable":true,"href":"https:\/\/rolland-sprinklers.com\/IRRIGATION\/wp-json\/wp\/v2\/media\/917"}],"wp:attachment":[{"href":"https:\/\/rolland-sprinklers.com\/IRRIGATION\/wp-json\/wp\/v2\/media?parent=916"}],"wp:term":[{"taxonomy":"product_brand","embeddable":true,"href":"https:\/\/rolland-sprinklers.com\/IRRIGATION\/wp-json\/wp\/v2\/product_brand?post=916"},{"taxonomy":"product_cat","embeddable":true,"href":"https:\/\/rolland-sprinklers.com\/IRRIGATION\/wp-json\/wp\/v2\/product_cat?post=916"},{"taxonomy":"product_tag","embeddable":true,"href":"https:\/\/rolland-sprinklers.com\/IRRIGATION\/wp-json\/wp\/v2\/product_tag?post=916"}],"curies":[{"name":"wp","href":"https:\/\/api.w.org\/{rel}","templated":true}]}}