{"id":9141,"date":"2024-09-26T10:52:28","date_gmt":"2024-09-26T08:52:28","guid":{"rendered":"https:\/\/rolland-sprinklers.com\/IRRIGATION\/?post_type=product&#038;p=9141"},"modified":"2026-04-20T14:55:17","modified_gmt":"2026-04-20T12:55:17","slug":"notice-montage-17atg-copie","status":"publish","type":"product","link":"https:\/\/rolland-sprinklers.com\/IRRIGATION\/produit\/notice-montage-17atg-copie\/","title":{"rendered":"Les fondamentaux de la lutte Antigel"},"content":{"rendered":"<p><strong>Ma\u00eetrisez les bases pour une protection antigel performante.<\/strong><\/p>\n<p>Garantissez une protection fiable et efficace en respectant les principes essentiels d\u2019une installation antigel. L\u2019exposition, la disponibilit\u00e9 des ressources en eau, le type de culture, les conditions de vent et la maintenance sont autant de facteurs cl\u00e9s \u00e0 optimiser pour assurer le succ\u00e8s de votre installation. En prenant en compte ces param\u00e8tres, vous maximisez vos chances de prot\u00e9ger efficacement vos cultures.<\/p>\n<p style=\"text-align: left;\"><img data-recalc-dims=\"1\" decoding=\"async\" class=\"alignnone wp-image-4391\" src=\"https:\/\/i0.wp.com\/www.rolland-sprinklers.com\/IRRIGATION\/wp-content\/uploads\/2022\/03\/Telechargement-Fiche-commerciale.png?resize=204%2C44&#038;ssl=1\" alt=\"\" width=\"204\" height=\"44\" srcset=\"https:\/\/i0.wp.com\/www.rolland-sprinklers.com\/IRRIGATION\/wp-content\/uploads\/2022\/03\/Telechargement-Fiche-commerciale.png?resize=300%2C65&amp;ssl=1 300w, https:\/\/i0.wp.com\/www.rolland-sprinklers.com\/IRRIGATION\/wp-content\/uploads\/2022\/03\/Telechargement-Fiche-commerciale.png?resize=18%2C4&amp;ssl=1 18w, https:\/\/i0.wp.com\/www.rolland-sprinklers.com\/IRRIGATION\/wp-content\/uploads\/2022\/03\/Telechargement-Fiche-commerciale.png?resize=416%2C90&amp;ssl=1 416w, https:\/\/i0.wp.com\/www.rolland-sprinklers.com\/IRRIGATION\/wp-content\/uploads\/2022\/03\/Telechargement-Fiche-commerciale.png?w=570&amp;ssl=1 570w\" sizes=\"(max-width: 204px) 100vw, 204px\" \/><a href=\"https:\/\/www.rolland-sprinklers.com\/IRRIGATION\/wp-content\/uploads\/2024\/09\/Les-fondamentaux-de-La-lutte-antigel-FR.pdf\" target=\"_blank\" rel=\"noopener\">Les fondamentaux de la lutte ATG<\/a><\/p>\n<p>&nbsp;<\/p>\n","protected":false},"excerpt":{"rendered":"<p>Ma\u00eetrisez les bases pour une protection antigel performante. Garantissez une protection fiable et efficace en respectant les principes essentiels d\u2019une installation antigel. L\u2019exposition, la disponibilit\u00e9 des ressources en eau, le type de culture, les conditions de vent et la maintenance sont autant de facteurs cl\u00e9s \u00e0 optimiser pour assurer le succ\u00e8s de votre installation. En [&hellip;]<\/p>\n","protected":false},"featured_media":9139,"template":"","meta":[],"product_brand":[],"product_cat":[400],"product_tag":[],"class_list":{"0":"post-9141","1":"product","2":"type-product","3":"status-publish","4":"has-post-thumbnail","6":"product_cat-guide-et-notice","8":"first","9":"outofstock","10":"taxable","11":"shipping-taxable","12":"purchasable","13":"product-type-simple"},"jetpack_sharing_enabled":true,"_links":{"self":[{"href":"https:\/\/rolland-sprinklers.com\/IRRIGATION\/wp-json\/wp\/v2\/product\/9141","targetHints":{"allow":["GET"]}}],"collection":[{"href":"https:\/\/rolland-sprinklers.com\/IRRIGATION\/wp-json\/wp\/v2\/product"}],"about":[{"href":"https:\/\/rolland-sprinklers.com\/IRRIGATION\/wp-json\/wp\/v2\/types\/product"}],"version-history":[{"count":5,"href":"https:\/\/rolland-sprinklers.com\/IRRIGATION\/wp-json\/wp\/v2\/product\/9141\/revisions"}],"predecessor-version":[{"id":9153,"href":"https:\/\/rolland-sprinklers.com\/IRRIGATION\/wp-json\/wp\/v2\/product\/9141\/revisions\/9153"}],"wp:featuredmedia":[{"embeddable":true,"href":"https:\/\/rolland-sprinklers.com\/IRRIGATION\/wp-json\/wp\/v2\/media\/9139"}],"wp:attachment":[{"href":"https:\/\/rolland-sprinklers.com\/IRRIGATION\/wp-json\/wp\/v2\/media?parent=9141"}],"wp:term":[{"taxonomy":"product_brand","embeddable":true,"href":"https:\/\/rolland-sprinklers.com\/IRRIGATION\/wp-json\/wp\/v2\/product_brand?post=9141"},{"taxonomy":"product_cat","embeddable":true,"href":"https:\/\/rolland-sprinklers.com\/IRRIGATION\/wp-json\/wp\/v2\/product_cat?post=9141"},{"taxonomy":"product_tag","embeddable":true,"href":"https:\/\/rolland-sprinklers.com\/IRRIGATION\/wp-json\/wp\/v2\/product_tag?post=9141"}],"curies":[{"name":"wp","href":"https:\/\/api.w.org\/{rel}","templated":true}]}}