{"id":9128,"date":"2024-09-26T09:52:15","date_gmt":"2024-09-26T07:52:15","guid":{"rendered":"https:\/\/rolland-sprinklers.com\/IRRIGATION\/?post_type=product&#038;p=9128"},"modified":"2025-04-03T13:45:39","modified_gmt":"2025-04-03T11:45:39","slug":"notice-montage-14atg","status":"publish","type":"product","link":"https:\/\/rolland-sprinklers.com\/IRRIGATION\/produit\/notice-montage-14atg\/","title":{"rendered":"Notice montage 14ATG"},"content":{"rendered":"<p><strong>Une installation optimale pour des performances maximales.<\/strong><\/p>\n<p>Assurez-vous que vos arroseurs fonctionnent \u00e0 leur plein potentiel en suivant rigoureusement nos recommandations d\u2019installation. Un non-respect des consignes<br \/>\npeut entra\u00eener des dysfonctionnements, compromettant l&rsquo;efficacit\u00e9 de votre syst\u00e8me. Si vous avez le moindre doute, notre \u00e9quipe se tient \u00e0 votre disposition pour vous guider.<\/p>\n<p style=\"text-align: left;\"><img data-recalc-dims=\"1\" decoding=\"async\" class=\"alignnone wp-image-4393\" src=\"https:\/\/i0.wp.com\/www.rolland-sprinklers.com\/IRRIGATION\/wp-content\/uploads\/2022\/03\/Telechargement-Notice-de-montage.png?resize=204%2C44&#038;ssl=1\" alt=\"\" width=\"204\" height=\"44\" srcset=\"https:\/\/i0.wp.com\/www.rolland-sprinklers.com\/IRRIGATION\/wp-content\/uploads\/2022\/03\/Telechargement-Notice-de-montage.png?resize=300%2C65&amp;ssl=1 300w, https:\/\/i0.wp.com\/www.rolland-sprinklers.com\/IRRIGATION\/wp-content\/uploads\/2022\/03\/Telechargement-Notice-de-montage.png?resize=18%2C4&amp;ssl=1 18w, https:\/\/i0.wp.com\/www.rolland-sprinklers.com\/IRRIGATION\/wp-content\/uploads\/2022\/03\/Telechargement-Notice-de-montage.png?w=366&amp;ssl=1 366w\" sizes=\"(max-width: 204px) 100vw, 204px\" \/><a href=\"https:\/\/www.rolland-sprinklers.com\/IRRIGATION\/wp-content\/uploads\/2024\/09\/Notice-montage-14ATG.png\" target=\"_blank\" rel=\"noopener\">Guide installation arroseur<\/a><\/p>\n<p>&nbsp;<\/p>\n","protected":false},"excerpt":{"rendered":"<p>Une installation optimale pour des performances maximales. Assurez-vous que vos arroseurs fonctionnent \u00e0 leur plein potentiel en suivant rigoureusement nos recommandations d\u2019installation. Un non-respect des consignes peut entra\u00eener des dysfonctionnements, compromettant l&rsquo;efficacit\u00e9 de votre syst\u00e8me. Si vous avez le moindre doute, notre \u00e9quipe se tient \u00e0 votre disposition pour vous guider. Guide installation arroseur &nbsp;<\/p>\n","protected":false},"featured_media":9126,"template":"","meta":[],"product_brand":[],"product_cat":[400],"product_tag":[],"class_list":{"0":"post-9128","1":"product","2":"type-product","3":"status-publish","4":"has-post-thumbnail","6":"product_cat-guide-et-notice","8":"first","9":"outofstock","10":"taxable","11":"shipping-taxable","12":"purchasable","13":"product-type-simple"},"jetpack_sharing_enabled":true,"_links":{"self":[{"href":"https:\/\/rolland-sprinklers.com\/IRRIGATION\/wp-json\/wp\/v2\/product\/9128","targetHints":{"allow":["GET"]}}],"collection":[{"href":"https:\/\/rolland-sprinklers.com\/IRRIGATION\/wp-json\/wp\/v2\/product"}],"about":[{"href":"https:\/\/rolland-sprinklers.com\/IRRIGATION\/wp-json\/wp\/v2\/types\/product"}],"version-history":[{"count":4,"href":"https:\/\/rolland-sprinklers.com\/IRRIGATION\/wp-json\/wp\/v2\/product\/9128\/revisions"}],"predecessor-version":[{"id":9152,"href":"https:\/\/rolland-sprinklers.com\/IRRIGATION\/wp-json\/wp\/v2\/product\/9128\/revisions\/9152"}],"wp:featuredmedia":[{"embeddable":true,"href":"https:\/\/rolland-sprinklers.com\/IRRIGATION\/wp-json\/wp\/v2\/media\/9126"}],"wp:attachment":[{"href":"https:\/\/rolland-sprinklers.com\/IRRIGATION\/wp-json\/wp\/v2\/media?parent=9128"}],"wp:term":[{"taxonomy":"product_brand","embeddable":true,"href":"https:\/\/rolland-sprinklers.com\/IRRIGATION\/wp-json\/wp\/v2\/product_brand?post=9128"},{"taxonomy":"product_cat","embeddable":true,"href":"https:\/\/rolland-sprinklers.com\/IRRIGATION\/wp-json\/wp\/v2\/product_cat?post=9128"},{"taxonomy":"product_tag","embeddable":true,"href":"https:\/\/rolland-sprinklers.com\/IRRIGATION\/wp-json\/wp\/v2\/product_tag?post=9128"}],"curies":[{"name":"wp","href":"https:\/\/api.w.org\/{rel}","templated":true}]}}