{"id":908,"date":"2008-11-20T16:39:37","date_gmt":"2008-11-20T16:39:37","guid":{"rendered":"http:\/\/testrolland.justecordes.fr\/?product=traineau-t11"},"modified":"2026-04-20T14:57:19","modified_gmt":"2026-04-20T12:57:19","slug":"traineau-t11","status":"publish","type":"product","link":"https:\/\/rolland-sprinklers.com\/IRRIGATION\/produit\/traineau-t11\/","title":{"rendered":"Traineau T11"},"content":{"rendered":"<p>Sp\u00e9cialement con\u00e7u en alliage de zinc (1.2kg) pour assurer une grande stabilit\u00e9.<br \/>\nIl est principalement utilis\u00e9 pour le montage des arroseurs des series 11 et 17<\/p>\n<p>Traineaux T11 (classique) et T11GR (sp\u00e9cial grumes)<\/p>\n<p><strong>Caract\u00e9ristiques techniques :<br \/>\n<\/strong><\/p>\n<ul>\n<li>Dimensions L x lg = 33 x 25 cm<\/li>\n<li>poids : 1,2 Kg<\/li>\n<\/ul>\n<p><img data-recalc-dims=\"1\" decoding=\"async\" class=\"alignnone wp-image-4392\" src=\"https:\/\/i0.wp.com\/www.rolland-sprinklers.com\/IRRIGATION\/wp-content\/uploads\/2022\/03\/Telechargement-fiche-technique.png?resize=205%2C45&#038;ssl=1\" alt=\"\" width=\"205\" height=\"45\" srcset=\"https:\/\/i0.wp.com\/www.rolland-sprinklers.com\/IRRIGATION\/wp-content\/uploads\/2022\/03\/Telechargement-fiche-technique.png?resize=300%2C66&amp;ssl=1 300w, https:\/\/i0.wp.com\/www.rolland-sprinklers.com\/IRRIGATION\/wp-content\/uploads\/2022\/03\/Telechargement-fiche-technique.png?resize=18%2C4&amp;ssl=1 18w, https:\/\/i0.wp.com\/www.rolland-sprinklers.com\/IRRIGATION\/wp-content\/uploads\/2022\/03\/Telechargement-fiche-technique.png?w=366&amp;ssl=1 366w\" sizes=\"(max-width: 205px) 100vw, 205px\" \/> <a href=\"https:\/\/www.rolland-sprinklers.com\/IRRIGATION\/wp-content\/uploads\/2025\/07\/p52-Traineau-FR.pdf\" target=\"_blank\" rel=\"noopener\">Fiche technique T11<\/a><\/p>\n<p>Pour assurer l&rsquo;\u00e9tanch\u00e9it\u00e9 arroseur\/traineau, il est conseill\u00e9 d&rsquo;utiliser de la bande t\u00e9flon.<\/p>\n","protected":false},"excerpt":{"rendered":"<p>Sp\u00e9cialement con\u00e7u en alliage de zinc (1.2kg) pour assurer une grande stabilit\u00e9. Il est principalement utilis\u00e9 pour le montage des arroseurs des series 11 et 17 Traineaux T11 (classique) et T11GR (sp\u00e9cial grumes) Caract\u00e9ristiques techniques : Dimensions L x lg = 33 x 25 cm poids : 1,2 Kg Fiche technique T11 Pour assurer l&rsquo;\u00e9tanch\u00e9it\u00e9 [&hellip;]<\/p>\n","protected":false},"featured_media":909,"template":"","meta":[],"product_brand":[],"product_cat":[206],"product_tag":[],"class_list":{"0":"post-908","1":"product","2":"type-product","3":"status-publish","4":"has-post-thumbnail","6":"product_cat-traineaux-supports","8":"first","9":"instock","10":"taxable","11":"shipping-taxable","12":"purchasable","13":"product-type-simple"},"jetpack_sharing_enabled":true,"_links":{"self":[{"href":"https:\/\/rolland-sprinklers.com\/IRRIGATION\/wp-json\/wp\/v2\/product\/908","targetHints":{"allow":["GET"]}}],"collection":[{"href":"https:\/\/rolland-sprinklers.com\/IRRIGATION\/wp-json\/wp\/v2\/product"}],"about":[{"href":"https:\/\/rolland-sprinklers.com\/IRRIGATION\/wp-json\/wp\/v2\/types\/product"}],"version-history":[{"count":5,"href":"https:\/\/rolland-sprinklers.com\/IRRIGATION\/wp-json\/wp\/v2\/product\/908\/revisions"}],"predecessor-version":[{"id":4843,"href":"https:\/\/rolland-sprinklers.com\/IRRIGATION\/wp-json\/wp\/v2\/product\/908\/revisions\/4843"}],"wp:featuredmedia":[{"embeddable":true,"href":"https:\/\/rolland-sprinklers.com\/IRRIGATION\/wp-json\/wp\/v2\/media\/909"}],"wp:attachment":[{"href":"https:\/\/rolland-sprinklers.com\/IRRIGATION\/wp-json\/wp\/v2\/media?parent=908"}],"wp:term":[{"taxonomy":"product_brand","embeddable":true,"href":"https:\/\/rolland-sprinklers.com\/IRRIGATION\/wp-json\/wp\/v2\/product_brand?post=908"},{"taxonomy":"product_cat","embeddable":true,"href":"https:\/\/rolland-sprinklers.com\/IRRIGATION\/wp-json\/wp\/v2\/product_cat?post=908"},{"taxonomy":"product_tag","embeddable":true,"href":"https:\/\/rolland-sprinklers.com\/IRRIGATION\/wp-json\/wp\/v2\/product_tag?post=908"}],"curies":[{"name":"wp","href":"https:\/\/api.w.org\/{rel}","templated":true}]}}