{"id":905,"date":"2008-11-20T15:13:15","date_gmt":"2008-11-20T15:13:15","guid":{"rendered":"http:\/\/testrolland.justecordes.fr\/?product=djet"},"modified":"2026-04-20T14:55:51","modified_gmt":"2026-04-20T12:55:51","slug":"djet","status":"publish","type":"product","link":"https:\/\/rolland-sprinklers.com\/IRRIGATION\/produit\/djet\/","title":{"rendered":"Djet"},"content":{"rendered":"<p>Le Djet donne un arrosage tr\u00e8s fin, localis\u00e9 sans abimer les plantes ou les fleurs tout en apportant la quantit\u00e9 d\u2019eau n\u00e9cessaire aux plantations, autorisant une grande souplesse dans la gestion de l&rsquo;arrosage. Il est \u00e9quip\u00e9 de la buse et du diffuseur de votre choix.<\/p>\n<p>3 types de diffuseur :\u00a0 16 Fentes 360\u00b0 Vert \/ 12 Fentes 180\u00b0 Noir \/ 2 Fentes = 2 jets oppos\u00e9s<\/p>\n<p><strong>Caract\u00e9ristiques techniques :<\/strong><\/p>\n<ul>\n<li>D\u00e9bit de 19 \u00e0 105 l\/h<\/li>\n<li>Port\u00e9e : de 1.2 \u00e0 3.5 m\u00e8tres<\/li>\n<li>Pression de service : de 1 \u00e0 2 bars<\/li>\n<\/ul>\n<p><img data-recalc-dims=\"1\" decoding=\"async\" class=\"alignnone wp-image-4392\" src=\"https:\/\/i0.wp.com\/www.rolland-sprinklers.com\/IRRIGATION\/wp-content\/uploads\/2022\/03\/Telechargement-fiche-technique.png?resize=205%2C45&#038;ssl=1\" alt=\"\" width=\"205\" height=\"45\" srcset=\"https:\/\/i0.wp.com\/www.rolland-sprinklers.com\/IRRIGATION\/wp-content\/uploads\/2022\/03\/Telechargement-fiche-technique.png?resize=300%2C66&amp;ssl=1 300w, https:\/\/i0.wp.com\/www.rolland-sprinklers.com\/IRRIGATION\/wp-content\/uploads\/2022\/03\/Telechargement-fiche-technique.png?resize=18%2C4&amp;ssl=1 18w, https:\/\/i0.wp.com\/www.rolland-sprinklers.com\/IRRIGATION\/wp-content\/uploads\/2022\/03\/Telechargement-fiche-technique.png?w=366&amp;ssl=1 366w\" sizes=\"(max-width: 205px) 100vw, 205px\" \/> <a href=\"http:\/\/www.rolland-sprinklers.com\/Fichiers\/Irrigation\/p46-MicroAspersion DJET-FR-DIST.pdf\" target=\"_blank\" rel=\"noopener\">Fiche technique Djet<\/a><\/p>\n","protected":false},"excerpt":{"rendered":"<p>Le Djet donne un arrosage tr\u00e8s fin, localis\u00e9 sans abimer les plantes ou les fleurs tout en apportant la quantit\u00e9 d\u2019eau n\u00e9cessaire aux plantations, autorisant une grande souplesse dans la gestion de l&rsquo;arrosage. Il est \u00e9quip\u00e9 de la buse et du diffuseur de votre choix. 3 types de diffuseur :\u00a0 16 Fentes 360\u00b0 Vert \/ [&hellip;]<\/p>\n","protected":false},"featured_media":906,"template":"","meta":[],"product_brand":[],"product_cat":[157],"product_tag":[],"class_list":{"0":"post-905","1":"product","2":"type-product","3":"status-publish","4":"has-post-thumbnail","6":"product_cat-micro-aspersion-goutteur","7":"pa_1-choix-du-modele-do08-180-12-fentes-2","8":"pa_1-choix-du-modele-do08-360-16-fentes","9":"pa_1-choix-du-modele-do1-180-12-fentes","10":"pa_1-choix-du-modele-o1-360-16-fentes","11":"pa_1-choix-du-modele-do13-180-12-fentes","12":"pa_1-choix-du-modele-o13-360-16-fentes","13":"pa_1-choix-du-modele-do16-180-12-fentes","14":"pa_1-choix-du-modele-o16-360-16-fentes","16":"first","17":"instock","18":"taxable","19":"shipping-taxable","20":"purchasable","21":"product-type-variable"},"jetpack_sharing_enabled":true,"_links":{"self":[{"href":"https:\/\/rolland-sprinklers.com\/IRRIGATION\/wp-json\/wp\/v2\/product\/905","targetHints":{"allow":["GET"]}}],"collection":[{"href":"https:\/\/rolland-sprinklers.com\/IRRIGATION\/wp-json\/wp\/v2\/product"}],"about":[{"href":"https:\/\/rolland-sprinklers.com\/IRRIGATION\/wp-json\/wp\/v2\/types\/product"}],"version-history":[{"count":6,"href":"https:\/\/rolland-sprinklers.com\/IRRIGATION\/wp-json\/wp\/v2\/product\/905\/revisions"}],"predecessor-version":[{"id":4924,"href":"https:\/\/rolland-sprinklers.com\/IRRIGATION\/wp-json\/wp\/v2\/product\/905\/revisions\/4924"}],"wp:featuredmedia":[{"embeddable":true,"href":"https:\/\/rolland-sprinklers.com\/IRRIGATION\/wp-json\/wp\/v2\/media\/906"}],"wp:attachment":[{"href":"https:\/\/rolland-sprinklers.com\/IRRIGATION\/wp-json\/wp\/v2\/media?parent=905"}],"wp:term":[{"taxonomy":"product_brand","embeddable":true,"href":"https:\/\/rolland-sprinklers.com\/IRRIGATION\/wp-json\/wp\/v2\/product_brand?post=905"},{"taxonomy":"product_cat","embeddable":true,"href":"https:\/\/rolland-sprinklers.com\/IRRIGATION\/wp-json\/wp\/v2\/product_cat?post=905"},{"taxonomy":"product_tag","embeddable":true,"href":"https:\/\/rolland-sprinklers.com\/IRRIGATION\/wp-json\/wp\/v2\/product_tag?post=905"}],"curies":[{"name":"wp","href":"https:\/\/api.w.org\/{rel}","templated":true}]}}