{"id":823,"date":"2008-11-19T10:31:32","date_gmt":"2008-11-19T10:31:32","guid":{"rendered":"http:\/\/testrolland.justecordes.fr\/?product=arroseur-escamotable-e21-circulaire"},"modified":"2025-04-03T13:43:02","modified_gmt":"2025-04-03T11:43:02","slug":"arroseur-escamotable-e21-circulaire","status":"publish","type":"product","link":"https:\/\/rolland-sprinklers.com\/IRRIGATION\/produit\/arroseur-escamotable-e21-circulaire\/","title":{"rendered":"Arroseur escamotable E21 circulaire"},"content":{"rendered":"<p>E21C (Circulaire), E21D (Circulaire, gros d\u00e9bit)<\/p>\n<p>Les mod\u00e8les E21 sont adapt\u00e9s aux grandes installations d&rsquo;arrosage tels que les golfs et les grands espaces verts.<br \/>\nLeur grande port\u00e9e et leur fonctionnement \u00e0 basse pression sont des avantages certains.<\/p>\n<p><strong>Utilisations :<\/strong><\/p>\n<ul>\n<li>Parcs et jardins<\/li>\n<li>Golf<\/li>\n<li>Hippodrome<\/li>\n<li>Terrains de sports<\/li>\n<\/ul>\n<p><strong>Caract\u00e9ristiques techniques :<\/strong><\/p>\n<ul>\n<li>D\u00e9bit de 1.6 \u00e0 6.7 m3\/h<\/li>\n<li>Port\u00e9e de 13 \u00e0 21 m<\/li>\n<li>Pression de service de 3 \u00e0 5 bars<\/li>\n<li>Raccordement 1&Prime; femelle<\/li>\n<li>Angle du jet 30\u00b0<\/li>\n<li>Arroseur laiton<\/li>\n<\/ul>\n<p><img data-recalc-dims=\"1\" decoding=\"async\" class=\"alignnone wp-image-4392\" src=\"https:\/\/i0.wp.com\/www.rolland-sprinklers.com\/IRRIGATION\/wp-content\/uploads\/2022\/03\/Telechargement-fiche-technique.png?resize=205%2C45&#038;ssl=1\" alt=\"\" width=\"205\" height=\"45\" srcset=\"https:\/\/i0.wp.com\/www.rolland-sprinklers.com\/IRRIGATION\/wp-content\/uploads\/2022\/03\/Telechargement-fiche-technique.png?resize=300%2C66&amp;ssl=1 300w, https:\/\/i0.wp.com\/www.rolland-sprinklers.com\/IRRIGATION\/wp-content\/uploads\/2022\/03\/Telechargement-fiche-technique.png?resize=18%2C4&amp;ssl=1 18w, https:\/\/i0.wp.com\/www.rolland-sprinklers.com\/IRRIGATION\/wp-content\/uploads\/2022\/03\/Telechargement-fiche-technique.png?w=366&amp;ssl=1 366w\" sizes=\"(max-width: 205px) 100vw, 205px\" \/> <a href=\"https:\/\/www.rolland-sprinklers.com\/IRRIGATION\/wp-content\/uploads\/2024\/07\/p38-E21-V2-FR.pdf\" target=\"_blank\" rel=\"noopener\">Fiche technique E21\/E21S<\/a><br \/>\n<img data-recalc-dims=\"1\" decoding=\"async\" class=\"alignnone wp-image-4396\" src=\"https:\/\/i0.wp.com\/www.rolland-sprinklers.com\/IRRIGATION\/wp-content\/uploads\/2022\/03\/Telechargement-Vue-Eclate-300x65.png?resize=203%2C44&#038;ssl=1\" alt=\"\" width=\"203\" height=\"44\" srcset=\"https:\/\/i0.wp.com\/www.rolland-sprinklers.com\/IRRIGATION\/wp-content\/uploads\/2022\/03\/Telechargement-Vue-Eclate.png?resize=300%2C65&amp;ssl=1 300w, https:\/\/i0.wp.com\/www.rolland-sprinklers.com\/IRRIGATION\/wp-content\/uploads\/2022\/03\/Telechargement-Vue-Eclate.png?resize=18%2C4&amp;ssl=1 18w, https:\/\/i0.wp.com\/www.rolland-sprinklers.com\/IRRIGATION\/wp-content\/uploads\/2022\/03\/Telechargement-Vue-Eclate.png?w=366&amp;ssl=1 366w\" sizes=\"(max-width: 203px) 100vw, 203px\" \/> <a href=\"http:\/\/www.rolland-sprinklers.com\/Fichiers\/Irrigation\/500_spe21fr.pdf\" target=\"blank&quot;\" rel=\"noopener\">Vue \u00e9clat\u00e9e E21<\/a><\/p>\n","protected":false},"excerpt":{"rendered":"<p>E21C (Circulaire), E21D (Circulaire, gros d\u00e9bit) Les mod\u00e8les E21 sont adapt\u00e9s aux grandes installations d&rsquo;arrosage tels que les golfs et les grands espaces verts. Leur grande port\u00e9e et leur fonctionnement \u00e0 basse pression sont des avantages certains. Utilisations : Parcs et jardins Golf Hippodrome Terrains de sports Caract\u00e9ristiques techniques : D\u00e9bit de 1.6 \u00e0 6.7 [&hellip;]<\/p>\n","protected":false},"featured_media":824,"template":"","meta":[],"product_brand":[],"product_cat":[159],"product_tag":[],"class_list":{"0":"post-823","1":"product","2":"type-product","3":"status-publish","4":"has-post-thumbnail","6":"product_cat-escamotables","8":"first","9":"instock","10":"taxable","11":"shipping-taxable","12":"purchasable","13":"product-type-simple"},"jetpack_sharing_enabled":true,"_links":{"self":[{"href":"https:\/\/rolland-sprinklers.com\/IRRIGATION\/wp-json\/wp\/v2\/product\/823","targetHints":{"allow":["GET"]}}],"collection":[{"href":"https:\/\/rolland-sprinklers.com\/IRRIGATION\/wp-json\/wp\/v2\/product"}],"about":[{"href":"https:\/\/rolland-sprinklers.com\/IRRIGATION\/wp-json\/wp\/v2\/types\/product"}],"version-history":[{"count":3,"href":"https:\/\/rolland-sprinklers.com\/IRRIGATION\/wp-json\/wp\/v2\/product\/823\/revisions"}],"predecessor-version":[{"id":8832,"href":"https:\/\/rolland-sprinklers.com\/IRRIGATION\/wp-json\/wp\/v2\/product\/823\/revisions\/8832"}],"wp:featuredmedia":[{"embeddable":true,"href":"https:\/\/rolland-sprinklers.com\/IRRIGATION\/wp-json\/wp\/v2\/media\/824"}],"wp:attachment":[{"href":"https:\/\/rolland-sprinklers.com\/IRRIGATION\/wp-json\/wp\/v2\/media?parent=823"}],"wp:term":[{"taxonomy":"product_brand","embeddable":true,"href":"https:\/\/rolland-sprinklers.com\/IRRIGATION\/wp-json\/wp\/v2\/product_brand?post=823"},{"taxonomy":"product_cat","embeddable":true,"href":"https:\/\/rolland-sprinklers.com\/IRRIGATION\/wp-json\/wp\/v2\/product_cat?post=823"},{"taxonomy":"product_tag","embeddable":true,"href":"https:\/\/rolland-sprinklers.com\/IRRIGATION\/wp-json\/wp\/v2\/product_tag?post=823"}],"curies":[{"name":"wp","href":"https:\/\/api.w.org\/{rel}","templated":true}]}}