{"id":8202,"date":"2023-10-10T13:40:54","date_gmt":"2023-10-10T11:40:54","guid":{"rendered":"https:\/\/rolland-sprinklers.com\/IRRIGATION\/?post_type=product&#038;p=8202"},"modified":"2026-04-20T14:56:03","modified_gmt":"2026-04-20T12:56:03","slug":"anneau-21-24","status":"publish","type":"product","link":"https:\/\/rolland-sprinklers.com\/IRRIGATION\/produit\/anneau-21-24\/","title":{"rendered":"Anneau 21.24"},"content":{"rendered":"<p>Pour arroseur 21S :\u00a0 2 anneaux par arroseur.<\/p>\n<p>Montage : \u00e9carter les deux \u00e9xtr\u00e9mit\u00e9s de l&rsquo;anneau avec 2 tubes et l&rsquo;ins\u00e9rer sur le moyeu de l&rsquo;arroseur.<\/p>\n<p><span style=\"color: #ff0000;\">Anneau vendu \u00e0 l&rsquo;unit\u00e9.<\/span><\/p>\n","protected":false},"excerpt":{"rendered":"<p>Pour arroseur 21S :\u00a0 2 anneaux par arroseur. Montage : \u00e9carter les deux \u00e9xtr\u00e9mit\u00e9s de l&rsquo;anneau avec 2 tubes et l&rsquo;ins\u00e9rer sur le moyeu de l&rsquo;arroseur. Anneau vendu \u00e0 l&rsquo;unit\u00e9.<\/p>\n","protected":false},"featured_media":1816,"template":"","meta":[],"product_brand":[],"product_cat":[201,197,378],"product_tag":[],"class_list":{"0":"post-8202","1":"product","2":"type-product","3":"status-publish","4":"has-post-thumbnail","6":"product_cat-buses-canons-51c51s","7":"product_cat-pieces-detachees","8":"product_cat-anneaux","10":"first","11":"instock","12":"taxable","13":"shipping-taxable","14":"purchasable","15":"product-type-simple"},"jetpack_sharing_enabled":true,"_links":{"self":[{"href":"https:\/\/rolland-sprinklers.com\/IRRIGATION\/wp-json\/wp\/v2\/product\/8202","targetHints":{"allow":["GET"]}}],"collection":[{"href":"https:\/\/rolland-sprinklers.com\/IRRIGATION\/wp-json\/wp\/v2\/product"}],"about":[{"href":"https:\/\/rolland-sprinklers.com\/IRRIGATION\/wp-json\/wp\/v2\/types\/product"}],"version-history":[{"count":1,"href":"https:\/\/rolland-sprinklers.com\/IRRIGATION\/wp-json\/wp\/v2\/product\/8202\/revisions"}],"predecessor-version":[{"id":8203,"href":"https:\/\/rolland-sprinklers.com\/IRRIGATION\/wp-json\/wp\/v2\/product\/8202\/revisions\/8203"}],"wp:featuredmedia":[{"embeddable":true,"href":"https:\/\/rolland-sprinklers.com\/IRRIGATION\/wp-json\/wp\/v2\/media\/1816"}],"wp:attachment":[{"href":"https:\/\/rolland-sprinklers.com\/IRRIGATION\/wp-json\/wp\/v2\/media?parent=8202"}],"wp:term":[{"taxonomy":"product_brand","embeddable":true,"href":"https:\/\/rolland-sprinklers.com\/IRRIGATION\/wp-json\/wp\/v2\/product_brand?post=8202"},{"taxonomy":"product_cat","embeddable":true,"href":"https:\/\/rolland-sprinklers.com\/IRRIGATION\/wp-json\/wp\/v2\/product_cat?post=8202"},{"taxonomy":"product_tag","embeddable":true,"href":"https:\/\/rolland-sprinklers.com\/IRRIGATION\/wp-json\/wp\/v2\/product_tag?post=8202"}],"curies":[{"name":"wp","href":"https:\/\/api.w.org\/{rel}","templated":true}]}}