{"id":8172,"date":"2023-10-05T14:55:34","date_gmt":"2023-10-05T12:55:34","guid":{"rendered":"https:\/\/rolland-sprinklers.com\/IRRIGATION\/?post_type=product&#038;p=8172"},"modified":"2026-04-20T14:55:16","modified_gmt":"2026-04-20T12:55:16","slug":"guide-de-maintenance","status":"publish","type":"product","link":"https:\/\/rolland-sprinklers.com\/IRRIGATION\/produit\/guide-de-maintenance\/","title":{"rendered":"Guide de Maintenance Arroseurs"},"content":{"rendered":"<p><span id=\"-html\" class=\"tagify__input-v2\" role=\"textbox\" contenteditable=\"\" data-placeholder=\"\u200b\" aria-placeholder=\"\" aria-autocomplete=\"both\" aria-multiline=\"true\">Un bon arrosage d\u00e9pend en grande partie de la qualit\u00e9 de l&rsquo;arroseur. <\/span><span id=\"-html\" class=\"tagify__input-v2\" role=\"textbox\" contenteditable=\"\" data-placeholder=\"\u200b\" aria-placeholder=\"\" aria-autocomplete=\"both\" aria-multiline=\"true\">Il est donc essentiel de ne pas n\u00e9gliger son entretien. <\/span><br \/>\n<span id=\"-html\" class=\"tagify__input-v2\" role=\"textbox\" contenteditable=\"\" data-placeholder=\"\u200b\" aria-placeholder=\"\" aria-autocomplete=\"both\" aria-multiline=\"true\">Vous pouvez augmenter la dur\u00e9e de vie de vos arroseurs avec un budget limit\u00e9 et un minimum d&rsquo;efforts en utilisant l&rsquo;ensemble <\/span><br \/>\n<span id=\"-html\" class=\"tagify__input-v2\" role=\"textbox\" contenteditable=\"\" data-placeholder=\"\u200b\" aria-placeholder=\"\" aria-autocomplete=\"both\" aria-multiline=\"true\">des pi\u00e8ces d\u00e9tach\u00e9es disponibles chez ROLLAND.<\/span><\/p>\n<p style=\"text-align: left;\"><img data-recalc-dims=\"1\" decoding=\"async\" class=\"alignnone wp-image-4393\" src=\"https:\/\/i0.wp.com\/www.rolland-sprinklers.com\/IRRIGATION\/wp-content\/uploads\/2022\/03\/Telechargement-Notice-de-montage.png?resize=204%2C44&#038;ssl=1\" alt=\"\" width=\"204\" height=\"44\" srcset=\"https:\/\/i0.wp.com\/www.rolland-sprinklers.com\/IRRIGATION\/wp-content\/uploads\/2022\/03\/Telechargement-Notice-de-montage.png?resize=300%2C65&amp;ssl=1 300w, https:\/\/i0.wp.com\/www.rolland-sprinklers.com\/IRRIGATION\/wp-content\/uploads\/2022\/03\/Telechargement-Notice-de-montage.png?resize=18%2C4&amp;ssl=1 18w, https:\/\/i0.wp.com\/www.rolland-sprinklers.com\/IRRIGATION\/wp-content\/uploads\/2022\/03\/Telechargement-Notice-de-montage.png?w=366&amp;ssl=1 366w\" sizes=\"(max-width: 204px) 100vw, 204px\" \/><a href=\"https:\/\/www.rolland-sprinklers.com\/IRRIGATION\/wp-content\/uploads\/2023\/10\/Pub-fiche-maintenance-FR.pdf\" target=\"_blank\" rel=\"noopener\">Guide de Maintenance Arroseurs<\/a><\/p>\n<p>&nbsp;<\/p>\n","protected":false},"excerpt":{"rendered":"<p>Un bon arrosage d\u00e9pend en grande partie de la qualit\u00e9 de l&rsquo;arroseur. Il est donc essentiel de ne pas n\u00e9gliger son entretien. Vous pouvez augmenter la dur\u00e9e de vie de vos arroseurs avec un budget limit\u00e9 et un minimum d&rsquo;efforts en utilisant l&rsquo;ensemble des pi\u00e8ces d\u00e9tach\u00e9es disponibles chez ROLLAND. Guide de Maintenance Arroseurs &nbsp;<\/p>\n","protected":false},"featured_media":8169,"template":"","meta":[],"product_brand":[],"product_cat":[400],"product_tag":[],"class_list":{"0":"post-8172","1":"product","2":"type-product","3":"status-publish","4":"has-post-thumbnail","6":"product_cat-guide-et-notice","8":"first","9":"outofstock","10":"taxable","11":"shipping-taxable","12":"purchasable","13":"product-type-simple"},"jetpack_sharing_enabled":true,"_links":{"self":[{"href":"https:\/\/rolland-sprinklers.com\/IRRIGATION\/wp-json\/wp\/v2\/product\/8172","targetHints":{"allow":["GET"]}}],"collection":[{"href":"https:\/\/rolland-sprinklers.com\/IRRIGATION\/wp-json\/wp\/v2\/product"}],"about":[{"href":"https:\/\/rolland-sprinklers.com\/IRRIGATION\/wp-json\/wp\/v2\/types\/product"}],"version-history":[{"count":6,"href":"https:\/\/rolland-sprinklers.com\/IRRIGATION\/wp-json\/wp\/v2\/product\/8172\/revisions"}],"predecessor-version":[{"id":8182,"href":"https:\/\/rolland-sprinklers.com\/IRRIGATION\/wp-json\/wp\/v2\/product\/8172\/revisions\/8182"}],"wp:featuredmedia":[{"embeddable":true,"href":"https:\/\/rolland-sprinklers.com\/IRRIGATION\/wp-json\/wp\/v2\/media\/8169"}],"wp:attachment":[{"href":"https:\/\/rolland-sprinklers.com\/IRRIGATION\/wp-json\/wp\/v2\/media?parent=8172"}],"wp:term":[{"taxonomy":"product_brand","embeddable":true,"href":"https:\/\/rolland-sprinklers.com\/IRRIGATION\/wp-json\/wp\/v2\/product_brand?post=8172"},{"taxonomy":"product_cat","embeddable":true,"href":"https:\/\/rolland-sprinklers.com\/IRRIGATION\/wp-json\/wp\/v2\/product_cat?post=8172"},{"taxonomy":"product_tag","embeddable":true,"href":"https:\/\/rolland-sprinklers.com\/IRRIGATION\/wp-json\/wp\/v2\/product_tag?post=8172"}],"curies":[{"name":"wp","href":"https:\/\/api.w.org\/{rel}","templated":true}]}}