{"id":7945,"date":"2023-06-05T09:33:21","date_gmt":"2023-06-05T07:33:21","guid":{"rendered":"https:\/\/rolland-sprinklers.com\/IRRIGATION\/?post_type=product&#038;p=7945"},"modified":"2026-04-20T14:56:19","modified_gmt":"2026-04-20T12:56:19","slug":"support-s1012nu","status":"publish","type":"product","link":"https:\/\/rolland-sprinklers.com\/IRRIGATION\/produit\/support-s1012nu\/","title":{"rendered":"Support S1012NU"},"content":{"rendered":"<p>Support S10 1\/2&Prime;F avec 1,20m de tube diam\u00e8tre 11&#215;15 <strong>SANS JONCTION<\/strong>. L&rsquo;ensemble est mont\u00e9.<br \/>\n<strong>Utiliser les raccord suivant<\/strong> : cannel\u00e9\/filet\u00e9 ref. MR 13&#215;1\/2 ou jonction JCP10D ou jonction JCP10J<\/p>\n<p><img data-recalc-dims=\"1\" decoding=\"async\" class=\"alignnone wp-image-4392\" src=\"https:\/\/i0.wp.com\/www.rolland-sprinklers.com\/IRRIGATION\/wp-content\/uploads\/2022\/03\/Telechargement-fiche-technique.png?resize=205%2C45&#038;ssl=1\" alt=\"\" width=\"205\" height=\"45\" srcset=\"https:\/\/i0.wp.com\/www.rolland-sprinklers.com\/IRRIGATION\/wp-content\/uploads\/2022\/03\/Telechargement-fiche-technique.png?resize=300%2C66&amp;ssl=1 300w, https:\/\/i0.wp.com\/www.rolland-sprinklers.com\/IRRIGATION\/wp-content\/uploads\/2022\/03\/Telechargement-fiche-technique.png?resize=18%2C4&amp;ssl=1 18w, https:\/\/i0.wp.com\/www.rolland-sprinklers.com\/IRRIGATION\/wp-content\/uploads\/2022\/03\/Telechargement-fiche-technique.png?w=366&amp;ssl=1 366w\" sizes=\"(max-width: 205px) 100vw, 205px\" \/> <a href=\"https:\/\/www.rolland-sprinklers.com\/IRRIGATION\/wp-content\/uploads\/2025\/07\/p49-P6-P10-S10-FR.pdf\" target=\"_blank\" rel=\"noopener\">Support S10<\/a><\/p>\n","protected":false},"excerpt":{"rendered":"<p>Support S10 1\/2&Prime;F avec 1,20m de tube diam\u00e8tre 11&#215;15 SANS JONCTION. L&rsquo;ensemble est mont\u00e9. Utiliser les raccord suivant : cannel\u00e9\/filet\u00e9 ref. MR 13&#215;1\/2 ou jonction JCP10D ou jonction JCP10J Support S10<\/p>\n","protected":false},"featured_media":7944,"template":"","meta":[],"product_brand":[],"product_cat":[154,206,160,187,380],"product_tag":[],"class_list":{"0":"post-7945","1":"product","2":"type-product","3":"status-publish","4":"has-post-thumbnail","6":"product_cat-arroseurs-de-surface","7":"product_cat-traineaux-supports","8":"product_cat-accessoires-irrigation","9":"product_cat-buses-arroseur-17atg","10":"product_cat-rondelles","12":"first","13":"instock","14":"taxable","15":"shipping-taxable","16":"purchasable","17":"product-type-simple"},"jetpack_sharing_enabled":true,"_links":{"self":[{"href":"https:\/\/rolland-sprinklers.com\/IRRIGATION\/wp-json\/wp\/v2\/product\/7945","targetHints":{"allow":["GET"]}}],"collection":[{"href":"https:\/\/rolland-sprinklers.com\/IRRIGATION\/wp-json\/wp\/v2\/product"}],"about":[{"href":"https:\/\/rolland-sprinklers.com\/IRRIGATION\/wp-json\/wp\/v2\/types\/product"}],"version-history":[{"count":2,"href":"https:\/\/rolland-sprinklers.com\/IRRIGATION\/wp-json\/wp\/v2\/product\/7945\/revisions"}],"predecessor-version":[{"id":12867,"href":"https:\/\/rolland-sprinklers.com\/IRRIGATION\/wp-json\/wp\/v2\/product\/7945\/revisions\/12867"}],"wp:featuredmedia":[{"embeddable":true,"href":"https:\/\/rolland-sprinklers.com\/IRRIGATION\/wp-json\/wp\/v2\/media\/7944"}],"wp:attachment":[{"href":"https:\/\/rolland-sprinklers.com\/IRRIGATION\/wp-json\/wp\/v2\/media?parent=7945"}],"wp:term":[{"taxonomy":"product_brand","embeddable":true,"href":"https:\/\/rolland-sprinklers.com\/IRRIGATION\/wp-json\/wp\/v2\/product_brand?post=7945"},{"taxonomy":"product_cat","embeddable":true,"href":"https:\/\/rolland-sprinklers.com\/IRRIGATION\/wp-json\/wp\/v2\/product_cat?post=7945"},{"taxonomy":"product_tag","embeddable":true,"href":"https:\/\/rolland-sprinklers.com\/IRRIGATION\/wp-json\/wp\/v2\/product_tag?post=7945"}],"curies":[{"name":"wp","href":"https:\/\/api.w.org\/{rel}","templated":true}]}}