{"id":790,"date":"2008-11-18T16:47:10","date_gmt":"2008-11-18T16:47:10","guid":{"rendered":"http:\/\/testrolland.justecordes.fr\/?product=arroseur-109-circulaire"},"modified":"2026-04-20T14:56:29","modified_gmt":"2026-04-20T12:56:29","slug":"arroseur-109-circulaire","status":"publish","type":"product","link":"https:\/\/rolland-sprinklers.com\/IRRIGATION\/produit\/arroseur-109-circulaire\/","title":{"rendered":"Arroseur 10.9 circulaire"},"content":{"rendered":"<p><strong>Utilisation :<\/strong><\/p>\n<ul>\n<li>Arrosage sous frondaison<\/li>\n<li>Verger<\/li>\n<\/ul>\n<p><strong>Caract\u00e9ristiques techniques :<\/strong><\/p>\n<ul>\n<li>D\u00e9bit de 0.36 m\u00b3\/h \u00e0 1.04 m\u00b3\/h<\/li>\n<li>Port\u00e9e de 7.1 \u00e0 10.6 m\u00e8tres<\/li>\n<li>Pression de service: 2 \u00e0 3.5 kg\/cm\u00b2<\/li>\n<li>Filetage 1\/2&Prime; M\u00e2le<\/li>\n<li>Angle du jet: 9\u00b0<\/li>\n<li>Mati\u00e8re: plastique<\/li>\n<\/ul>\n<p><img data-recalc-dims=\"1\" decoding=\"async\" class=\"alignnone wp-image-4392\" src=\"https:\/\/i0.wp.com\/www.rolland-sprinklers.com\/IRRIGATION\/wp-content\/uploads\/2022\/03\/Telechargement-fiche-technique.png?resize=205%2C45&#038;ssl=1\" alt=\"\" width=\"205\" height=\"45\" srcset=\"https:\/\/i0.wp.com\/www.rolland-sprinklers.com\/IRRIGATION\/wp-content\/uploads\/2022\/03\/Telechargement-fiche-technique.png?resize=300%2C66&amp;ssl=1 300w, https:\/\/i0.wp.com\/www.rolland-sprinklers.com\/IRRIGATION\/wp-content\/uploads\/2022\/03\/Telechargement-fiche-technique.png?resize=18%2C4&amp;ssl=1 18w, https:\/\/i0.wp.com\/www.rolland-sprinklers.com\/IRRIGATION\/wp-content\/uploads\/2022\/03\/Telechargement-fiche-technique.png?w=366&amp;ssl=1 366w\" sizes=\"(max-width: 205px) 100vw, 205px\" \/> <a href=\"http:\/\/www.rolland-sprinklers.com\/Fichiers\/Irrigation\/p11-10-9FR-DIST.pdf\" target=\"blank\" rel=\"noopener\">Fiche technique 10.9<\/a><\/p>\n<p><img data-recalc-dims=\"1\" decoding=\"async\" class=\"alignnone wp-image-4396\" src=\"https:\/\/i0.wp.com\/www.rolland-sprinklers.com\/IRRIGATION\/wp-content\/uploads\/2022\/03\/Telechargement-Vue-Eclate-300x65.png?resize=203%2C44&#038;ssl=1\" alt=\"\" width=\"203\" height=\"44\" srcset=\"https:\/\/i0.wp.com\/www.rolland-sprinklers.com\/IRRIGATION\/wp-content\/uploads\/2022\/03\/Telechargement-Vue-Eclate.png?resize=300%2C65&amp;ssl=1 300w, https:\/\/i0.wp.com\/www.rolland-sprinklers.com\/IRRIGATION\/wp-content\/uploads\/2022\/03\/Telechargement-Vue-Eclate.png?resize=18%2C4&amp;ssl=1 18w, https:\/\/i0.wp.com\/www.rolland-sprinklers.com\/IRRIGATION\/wp-content\/uploads\/2022\/03\/Telechargement-Vue-Eclate.png?w=366&amp;ssl=1 366w\" sizes=\"(max-width: 203px) 100vw, 203px\" \/> <a href=\"http:\/\/www.rolland-sprinklers.com\/Fichiers\/Irrigation\/468_sp10-9fr.pdf\" target=\"blank&quot;\" rel=\"noopener\">Vue \u00e9clat\u00e9e 10.9<\/a><\/p>\n<p><img data-recalc-dims=\"1\" decoding=\"async\" class=\"alignnone wp-image-4680\" src=\"https:\/\/i0.wp.com\/www.rolland-sprinklers.com\/IRRIGATION\/wp-content\/uploads\/2008\/11\/Telechargement-Accessoires.png?resize=205%2C45&#038;ssl=1\" alt=\"\" width=\"205\" height=\"45\" srcset=\"https:\/\/i0.wp.com\/www.rolland-sprinklers.com\/IRRIGATION\/wp-content\/uploads\/2008\/11\/Telechargement-Accessoires.png?resize=300%2C66&amp;ssl=1 300w, https:\/\/i0.wp.com\/www.rolland-sprinklers.com\/IRRIGATION\/wp-content\/uploads\/2008\/11\/Telechargement-Accessoires.png?resize=18%2C4&amp;ssl=1 18w, https:\/\/i0.wp.com\/www.rolland-sprinklers.com\/IRRIGATION\/wp-content\/uploads\/2008\/11\/Telechargement-Accessoires.png?resize=416%2C91&amp;ssl=1 416w, https:\/\/i0.wp.com\/www.rolland-sprinklers.com\/IRRIGATION\/wp-content\/uploads\/2008\/11\/Telechargement-Accessoires.png?w=571&amp;ssl=1 571w\" sizes=\"(max-width: 205px) 100vw, 205px\" \/> <a href=\"http:\/\/www.rolland-sprinklers.com\/Fichiers\/Irrigation\/p53-P6-P10-S10-FR-DIST.pdf\" target=\"blank\" rel=\"noopener\">Accessoires<\/a><\/p>\n<p>&nbsp;<\/p>\n","protected":false},"excerpt":{"rendered":"<p>Utilisation : Arrosage sous frondaison Verger Caract\u00e9ristiques techniques : D\u00e9bit de 0.36 m\u00b3\/h \u00e0 1.04 m\u00b3\/h Port\u00e9e de 7.1 \u00e0 10.6 m\u00e8tres Pression de service: 2 \u00e0 3.5 kg\/cm\u00b2 Filetage 1\/2&Prime; M\u00e2le Angle du jet: 9\u00b0 Mati\u00e8re: plastique Fiche technique 10.9 Vue \u00e9clat\u00e9e 10.9 Accessoires &nbsp;<\/p>\n","protected":false},"featured_media":791,"template":"","meta":[],"product_brand":[],"product_cat":[155],"product_tag":[],"class_list":{"0":"post-790","1":"product","2":"type-product","3":"status-publish","4":"has-post-thumbnail","6":"product_cat-arroseurs-angle-bas","7":"pa_1-choix-de-buse-motrice-1017-o3-rouge","8":"pa_1-choix-de-buse-motrice-1017-o35-jaune","9":"pa_1-choix-de-buse-motrice-1017e-o25-grise","10":"pa_1-choix-de-buse-motrice-1017e-o3-orange","11":"pa_1-choix-de-buse-motrice-1017e-o35-blanche","12":"pa_2-choix-de-buse-arriere-bouchon-10199-violette","13":"pa_2-choix-de-buse-arriere-buse-arriere-10439-o15-verte","15":"first","16":"instock","17":"taxable","18":"shipping-taxable","19":"purchasable","20":"product-type-variable"},"jetpack_sharing_enabled":true,"_links":{"self":[{"href":"https:\/\/rolland-sprinklers.com\/IRRIGATION\/wp-json\/wp\/v2\/product\/790","targetHints":{"allow":["GET"]}}],"collection":[{"href":"https:\/\/rolland-sprinklers.com\/IRRIGATION\/wp-json\/wp\/v2\/product"}],"about":[{"href":"https:\/\/rolland-sprinklers.com\/IRRIGATION\/wp-json\/wp\/v2\/types\/product"}],"version-history":[{"count":4,"href":"https:\/\/rolland-sprinklers.com\/IRRIGATION\/wp-json\/wp\/v2\/product\/790\/revisions"}],"predecessor-version":[{"id":4681,"href":"https:\/\/rolland-sprinklers.com\/IRRIGATION\/wp-json\/wp\/v2\/product\/790\/revisions\/4681"}],"wp:featuredmedia":[{"embeddable":true,"href":"https:\/\/rolland-sprinklers.com\/IRRIGATION\/wp-json\/wp\/v2\/media\/791"}],"wp:attachment":[{"href":"https:\/\/rolland-sprinklers.com\/IRRIGATION\/wp-json\/wp\/v2\/media?parent=790"}],"wp:term":[{"taxonomy":"product_brand","embeddable":true,"href":"https:\/\/rolland-sprinklers.com\/IRRIGATION\/wp-json\/wp\/v2\/product_brand?post=790"},{"taxonomy":"product_cat","embeddable":true,"href":"https:\/\/rolland-sprinklers.com\/IRRIGATION\/wp-json\/wp\/v2\/product_cat?post=790"},{"taxonomy":"product_tag","embeddable":true,"href":"https:\/\/rolland-sprinklers.com\/IRRIGATION\/wp-json\/wp\/v2\/product_tag?post=790"}],"curies":[{"name":"wp","href":"https:\/\/api.w.org\/{rel}","templated":true}]}}