{"id":780,"date":"2008-11-18T16:46:44","date_gmt":"2008-11-18T16:46:44","guid":{"rendered":"http:\/\/testrolland.justecordes.fr\/?product=arroseur-6c-circulaire"},"modified":"2025-04-03T13:42:59","modified_gmt":"2025-04-03T11:42:59","slug":"arroseur-6c-circulaire","status":"publish","type":"product","link":"https:\/\/rolland-sprinklers.com\/IRRIGATION\/produit\/arroseur-6c-circulaire\/","title":{"rendered":"Arroseur 6C circulaire"},"content":{"rendered":"<p>Con\u00e7u pour l&rsquo;irrigation de plantations arboricoles, le 6C, avec ses buses de 7\u00b0 ou 16\u00b0 (AH) s&rsquo;adapte parfaitement \u00e0 tous les types d&rsquo;arbres sans mouiller le feuillage.<\/p>\n<p><strong>Caract\u00e9ristiques techniques :<\/strong><\/p>\n<ul>\n<li>D\u00e9bit de 0.12 \u00e0 0.39 m3\/h<\/li>\n<li>Port\u00e9e de 5.8 \u00e0 9 m<\/li>\n<li>Pression de service de 2 \u00e0 3.5 bars<\/li>\n<li>Filetage 1\/2 \u00a0\u00bb m\u00e2le<\/li>\n<li>angle du jet: 7\u00b0 ou 16\u00b0<\/li>\n<li>Asperseur en Delrin<\/li>\n<li>Montage avec disque D6 et pic P6 (buse &lt; 2mm) ou pic P10 (buse &gt; 2mm) ou P10D (jonction D\u00e9montable)<\/li>\n<\/ul>\n<p><img data-recalc-dims=\"1\" decoding=\"async\" class=\"alignnone  wp-image-4392\" src=\"https:\/\/i0.wp.com\/www.rolland-sprinklers.com\/IRRIGATION\/wp-content\/uploads\/2022\/03\/Telechargement-fiche-technique.png?resize=205%2C45&#038;ssl=1\" alt=\"\" width=\"205\" height=\"45\" srcset=\"https:\/\/i0.wp.com\/www.rolland-sprinklers.com\/IRRIGATION\/wp-content\/uploads\/2022\/03\/Telechargement-fiche-technique.png?resize=300%2C66&amp;ssl=1 300w, https:\/\/i0.wp.com\/www.rolland-sprinklers.com\/IRRIGATION\/wp-content\/uploads\/2022\/03\/Telechargement-fiche-technique.png?resize=18%2C4&amp;ssl=1 18w, https:\/\/i0.wp.com\/www.rolland-sprinklers.com\/IRRIGATION\/wp-content\/uploads\/2022\/03\/Telechargement-fiche-technique.png?w=366&amp;ssl=1 366w\" sizes=\"(max-width: 205px) 100vw, 205px\" \/> <a href=\"http:\/\/www.rolland-sprinklers.com\/Fichiers\/Irrigation\/p07-6FR-DIST.pdf\" target=\"blank\" rel=\"noopener\">Fiche technique 6C<\/a><\/p>\n<p><img data-recalc-dims=\"1\" decoding=\"async\" class=\"alignnone  wp-image-4396\" src=\"https:\/\/i0.wp.com\/www.rolland-sprinklers.com\/IRRIGATION\/wp-content\/uploads\/2022\/03\/Telechargement-Vue-Eclate-300x65.png?resize=203%2C44&#038;ssl=1\" alt=\"\" width=\"203\" height=\"44\" srcset=\"https:\/\/i0.wp.com\/www.rolland-sprinklers.com\/IRRIGATION\/wp-content\/uploads\/2022\/03\/Telechargement-Vue-Eclate.png?resize=300%2C65&amp;ssl=1 300w, https:\/\/i0.wp.com\/www.rolland-sprinklers.com\/IRRIGATION\/wp-content\/uploads\/2022\/03\/Telechargement-Vue-Eclate.png?resize=18%2C4&amp;ssl=1 18w, https:\/\/i0.wp.com\/www.rolland-sprinklers.com\/IRRIGATION\/wp-content\/uploads\/2022\/03\/Telechargement-Vue-Eclate.png?w=366&amp;ssl=1 366w\" sizes=\"(max-width: 203px) 100vw, 203px\" \/> <a href=\"http:\/\/www.rolland-sprinklers.com\/Fichiers\/Irrigation\/617_sp6.pdf\" target=\"blank&quot;\" rel=\"noopener\">Vue \u00e9clat\u00e9e 6C <\/a><\/p>\n<p>Pour assurer l&rsquo;\u00e9tanch\u00e9it\u00e9 au niveau du raccordement de l&rsquo;arroseur, il est conseill\u00e9 d&rsquo;utiliser de la bande t\u00e9flon.<\/p>\n","protected":false},"excerpt":{"rendered":"<p>Con\u00e7u pour l&rsquo;irrigation de plantations arboricoles, le 6C, avec ses buses de 7\u00b0 ou 16\u00b0 (AH) s&rsquo;adapte parfaitement \u00e0 tous les types d&rsquo;arbres sans mouiller le feuillage. Caract\u00e9ristiques techniques : D\u00e9bit de 0.12 \u00e0 0.39 m3\/h Port\u00e9e de 5.8 \u00e0 9 m Pression de service de 2 \u00e0 3.5 bars Filetage 1\/2 \u00a0\u00bb m\u00e2le angle [&hellip;]<\/p>\n","protected":false},"featured_media":781,"template":"","meta":[],"product_brand":[],"product_cat":[155],"product_tag":[],"class_list":{"0":"post-780","1":"product","2":"type-product","3":"status-publish","4":"has-post-thumbnail","6":"product_cat-arroseurs-angle-bas","7":"pa_1-choix-de-buse-motrice-617-o15","8":"pa_1-choix-de-buse-motrice-617-o2","9":"pa_1-choix-de-buse-motrice-617-o22","10":"pa_1-choix-de-buse-motrice-617-o25","11":"pa_1-choix-de-buse-motrice-617-o3","12":"pa_1-choix-de-buse-motrice-617-o32","13":"pa_1-choix-de-buse-motrice-617ah-o2","14":"pa_1-choix-de-buse-motrice-617ah-o25","16":"first","17":"instock","18":"taxable","19":"shipping-taxable","20":"purchasable","21":"product-type-variable","22":"has-default-attributes"},"jetpack_sharing_enabled":true,"_links":{"self":[{"href":"https:\/\/rolland-sprinklers.com\/IRRIGATION\/wp-json\/wp\/v2\/product\/780","targetHints":{"allow":["GET"]}}],"collection":[{"href":"https:\/\/rolland-sprinklers.com\/IRRIGATION\/wp-json\/wp\/v2\/product"}],"about":[{"href":"https:\/\/rolland-sprinklers.com\/IRRIGATION\/wp-json\/wp\/v2\/types\/product"}],"version-history":[{"count":2,"href":"https:\/\/rolland-sprinklers.com\/IRRIGATION\/wp-json\/wp\/v2\/product\/780\/revisions"}],"predecessor-version":[{"id":4674,"href":"https:\/\/rolland-sprinklers.com\/IRRIGATION\/wp-json\/wp\/v2\/product\/780\/revisions\/4674"}],"wp:featuredmedia":[{"embeddable":true,"href":"https:\/\/rolland-sprinklers.com\/IRRIGATION\/wp-json\/wp\/v2\/media\/781"}],"wp:attachment":[{"href":"https:\/\/rolland-sprinklers.com\/IRRIGATION\/wp-json\/wp\/v2\/media?parent=780"}],"wp:term":[{"taxonomy":"product_brand","embeddable":true,"href":"https:\/\/rolland-sprinklers.com\/IRRIGATION\/wp-json\/wp\/v2\/product_brand?post=780"},{"taxonomy":"product_cat","embeddable":true,"href":"https:\/\/rolland-sprinklers.com\/IRRIGATION\/wp-json\/wp\/v2\/product_cat?post=780"},{"taxonomy":"product_tag","embeddable":true,"href":"https:\/\/rolland-sprinklers.com\/IRRIGATION\/wp-json\/wp\/v2\/product_tag?post=780"}],"curies":[{"name":"wp","href":"https:\/\/api.w.org\/{rel}","templated":true}]}}