{"id":777,"date":"2008-11-18T16:10:58","date_gmt":"2008-11-18T16:10:58","guid":{"rendered":"http:\/\/testrolland.justecordes.fr\/?product=arroseur-31s-secteur"},"modified":"2025-04-03T13:42:59","modified_gmt":"2025-04-03T11:42:59","slug":"arroseur-31s-secteur","status":"publish","type":"product","link":"https:\/\/rolland-sprinklers.com\/IRRIGATION\/produit\/arroseur-31s-secteur\/","title":{"rendered":"Arroseur 31S secteur"},"content":{"rendered":"<p>La s\u00e9rie des arroseurs 31 \u00e0 \u00e9t\u00e9 sp\u00e9cialement con\u00e7us pour obtenir une tr\u00e8s grande port\u00e9e avec des d\u00e9bits importants.<\/p>\n<p><strong>Utilisations :<\/strong><\/p>\n<ul>\n<li>Prairies<\/li>\n<li>Carri\u00e8re \u00e9questre<\/li>\n<li>Terrains de sport<\/li>\n<li>Grands espaces, etc &#8230;<\/li>\n<\/ul>\n<p><strong>Caract\u00e9ristiques techniques :<\/strong><\/p>\n<ul>\n<li>D\u00e9bit de 7 \u00e0 21 m3\/h<\/li>\n<li>Port\u00e9e de 21 \u00e0 32 m<\/li>\n<li>Pression de service de 4 \u00e0 6.5 bars<\/li>\n<li>Filetage 1&Prime;1\/4 m\u00e2le<\/li>\n<li>Angle du jet 28\u00b0<\/li>\n<li>Arroseur laiton<\/li>\n<\/ul>\n<p><img data-recalc-dims=\"1\" decoding=\"async\" class=\"alignnone wp-image-4392\" src=\"https:\/\/i0.wp.com\/www.rolland-sprinklers.com\/IRRIGATION\/wp-content\/uploads\/2022\/03\/Telechargement-fiche-technique.png?resize=205%2C45&#038;ssl=1\" alt=\"\" width=\"205\" height=\"45\" srcset=\"https:\/\/i0.wp.com\/www.rolland-sprinklers.com\/IRRIGATION\/wp-content\/uploads\/2022\/03\/Telechargement-fiche-technique.png?resize=300%2C66&amp;ssl=1 300w, https:\/\/i0.wp.com\/www.rolland-sprinklers.com\/IRRIGATION\/wp-content\/uploads\/2022\/03\/Telechargement-fiche-technique.png?resize=18%2C4&amp;ssl=1 18w, https:\/\/i0.wp.com\/www.rolland-sprinklers.com\/IRRIGATION\/wp-content\/uploads\/2022\/03\/Telechargement-fiche-technique.png?w=366&amp;ssl=1 366w\" sizes=\"(max-width: 205px) 100vw, 205px\" \/> <a href=\"https:\/\/www.rolland-sprinklers.com\/IRRIGATION\/wp-content\/uploads\/2024\/07\/p29-31-31S-FR.pdf\" target=\"_blank\" rel=\"noopener\">Fiche technique 31C\/31S<\/a><\/p>\n<p><img data-recalc-dims=\"1\" decoding=\"async\" class=\"alignnone wp-image-4396\" src=\"https:\/\/i0.wp.com\/www.rolland-sprinklers.com\/IRRIGATION\/wp-content\/uploads\/2022\/03\/Telechargement-Vue-Eclate-300x65.png?resize=203%2C44&#038;ssl=1\" alt=\"\" width=\"203\" height=\"44\" srcset=\"https:\/\/i0.wp.com\/www.rolland-sprinklers.com\/IRRIGATION\/wp-content\/uploads\/2022\/03\/Telechargement-Vue-Eclate.png?resize=300%2C65&amp;ssl=1 300w, https:\/\/i0.wp.com\/www.rolland-sprinklers.com\/IRRIGATION\/wp-content\/uploads\/2022\/03\/Telechargement-Vue-Eclate.png?resize=18%2C4&amp;ssl=1 18w, https:\/\/i0.wp.com\/www.rolland-sprinklers.com\/IRRIGATION\/wp-content\/uploads\/2022\/03\/Telechargement-Vue-Eclate.png?w=366&amp;ssl=1 366w\" sizes=\"(max-width: 203px) 100vw, 203px\" \/> <a href=\"http:\/\/www.rolland-sprinklers.com\/Fichiers\/Irrigation\/488_sp31sfr.pdf\" target=\"blank\" rel=\"noopener\">Vue \u00e9clat\u00e9e 31S<\/a><\/p>\n<p>Pour assurer l&rsquo;\u00e9tanch\u00e9it\u00e9 au niveau du raccordement de l&rsquo;arroseur, il est conseill\u00e9 d&rsquo;utiliser de la bande t\u00e9flon.<\/p>\n","protected":false},"excerpt":{"rendered":"<p>La s\u00e9rie des arroseurs 31 \u00e0 \u00e9t\u00e9 sp\u00e9cialement con\u00e7us pour obtenir une tr\u00e8s grande port\u00e9e avec des d\u00e9bits importants. Utilisations : Prairies Carri\u00e8re \u00e9questre Terrains de sport Grands espaces, etc &#8230; Caract\u00e9ristiques techniques : D\u00e9bit de 7 \u00e0 21 m3\/h Port\u00e9e de 21 \u00e0 32 m Pression de service de 4 \u00e0 6.5 bars Filetage [&hellip;]<\/p>\n","protected":false},"featured_media":778,"template":"","meta":[],"product_brand":[],"product_cat":[154,158],"product_tag":[],"class_list":{"0":"post-777","1":"product","2":"type-product","3":"status-publish","4":"has-post-thumbnail","6":"product_cat-arroseurs-de-surface","7":"product_cat-canons","8":"pa_1-choix-de-buse-motrice-1717-o5","9":"pa_1-choix-de-buse-motrice-1717-o55","10":"pa_2-choix-de-buse-projectrice-3118-o10","11":"pa_2-choix-de-buse-projectrice-3118-o11","12":"pa_2-choix-de-buse-projectrice-3118-o12","13":"pa_2-choix-de-buse-projectrice-3118-o13","14":"pa_2-choix-de-buse-projectrice-3118-o14","15":"pa_2-choix-de-buse-projectrice-3118-o15","16":"pa_2-choix-de-buse-projectrice-3118-o8","17":"pa_2-choix-de-buse-projectrice-3118-o9","19":"first","20":"instock","21":"taxable","22":"shipping-taxable","23":"purchasable","24":"product-type-variable"},"jetpack_sharing_enabled":true,"_links":{"self":[{"href":"https:\/\/rolland-sprinklers.com\/IRRIGATION\/wp-json\/wp\/v2\/product\/777","targetHints":{"allow":["GET"]}}],"collection":[{"href":"https:\/\/rolland-sprinklers.com\/IRRIGATION\/wp-json\/wp\/v2\/product"}],"about":[{"href":"https:\/\/rolland-sprinklers.com\/IRRIGATION\/wp-json\/wp\/v2\/types\/product"}],"version-history":[{"count":4,"href":"https:\/\/rolland-sprinklers.com\/IRRIGATION\/wp-json\/wp\/v2\/product\/777\/revisions"}],"predecessor-version":[{"id":8875,"href":"https:\/\/rolland-sprinklers.com\/IRRIGATION\/wp-json\/wp\/v2\/product\/777\/revisions\/8875"}],"wp:featuredmedia":[{"embeddable":true,"href":"https:\/\/rolland-sprinklers.com\/IRRIGATION\/wp-json\/wp\/v2\/media\/778"}],"wp:attachment":[{"href":"https:\/\/rolland-sprinklers.com\/IRRIGATION\/wp-json\/wp\/v2\/media?parent=777"}],"wp:term":[{"taxonomy":"product_brand","embeddable":true,"href":"https:\/\/rolland-sprinklers.com\/IRRIGATION\/wp-json\/wp\/v2\/product_brand?post=777"},{"taxonomy":"product_cat","embeddable":true,"href":"https:\/\/rolland-sprinklers.com\/IRRIGATION\/wp-json\/wp\/v2\/product_cat?post=777"},{"taxonomy":"product_tag","embeddable":true,"href":"https:\/\/rolland-sprinklers.com\/IRRIGATION\/wp-json\/wp\/v2\/product_tag?post=777"}],"curies":[{"name":"wp","href":"https:\/\/api.w.org\/{rel}","templated":true}]}}