{"id":767,"date":"2008-11-18T16:10:55","date_gmt":"2008-11-18T16:10:55","guid":{"rendered":"http:\/\/testrolland.justecordes.fr\/?product=arroseur-21s-secteur"},"modified":"2026-04-20T14:57:33","modified_gmt":"2026-04-20T12:57:33","slug":"arroseur-21s-secteur","status":"publish","type":"product","link":"https:\/\/rolland-sprinklers.com\/IRRIGATION\/produit\/arroseur-21s-secteur\/","title":{"rendered":"Arroseur 21S secteur"},"content":{"rendered":"<p>Les arroseurs 21 trouvent leur application chaque fois qu&rsquo;une forte pluviom\u00e9trie horaire est souhait\u00e9e.<\/p>\n<p><strong>Utilisations :<\/strong><\/p>\n<ul>\n<li>Carri\u00e8re \u00e9questre<\/li>\n<li>Espaces verts<\/li>\n<li>Cultures maraich\u00e8res<\/li>\n<\/ul>\n<p><strong>Caract\u00e9ristiques techniques :<\/strong><\/p>\n<ul>\n<li>D\u00e9bit de 1.97 \u00e0 3.90 m3\/h<\/li>\n<li>Port\u00e9e de 15.5 \u00e0 20 m<\/li>\n<li>Pression de service de 3 \u00e0 5 bars<\/li>\n<li>Filetage 1&Prime; m\u00e2le<\/li>\n<li>Angle du jet 28\u00b0<\/li>\n<li>Arroseur laiton<\/li>\n<\/ul>\n<p><img data-recalc-dims=\"1\" decoding=\"async\" class=\"alignnone  wp-image-4392\" src=\"https:\/\/i0.wp.com\/www.rolland-sprinklers.com\/IRRIGATION\/wp-content\/uploads\/2022\/03\/Telechargement-fiche-technique.png?resize=205%2C45&#038;ssl=1\" alt=\"\" width=\"205\" height=\"45\" srcset=\"https:\/\/i0.wp.com\/www.rolland-sprinklers.com\/IRRIGATION\/wp-content\/uploads\/2022\/03\/Telechargement-fiche-technique.png?resize=300%2C66&amp;ssl=1 300w, https:\/\/i0.wp.com\/www.rolland-sprinklers.com\/IRRIGATION\/wp-content\/uploads\/2022\/03\/Telechargement-fiche-technique.png?resize=18%2C4&amp;ssl=1 18w, https:\/\/i0.wp.com\/www.rolland-sprinklers.com\/IRRIGATION\/wp-content\/uploads\/2022\/03\/Telechargement-fiche-technique.png?w=366&amp;ssl=1 366w\" sizes=\"(max-width: 205px) 100vw, 205px\" \/> <a href=\"http:\/\/www.rolland-sprinklers.com\/Fichiers\/Irrigation\/p25-21FR-DIST.pdf\" target=\"blank\" rel=\"noopener\">Fiche technique 21\/21S <\/a><br \/>\n<img data-recalc-dims=\"1\" decoding=\"async\" class=\"alignnone  wp-image-4396\" src=\"https:\/\/i0.wp.com\/www.rolland-sprinklers.com\/IRRIGATION\/wp-content\/uploads\/2022\/03\/Telechargement-Vue-Eclate-300x65.png?resize=203%2C44&#038;ssl=1\" alt=\"\" width=\"203\" height=\"44\" srcset=\"https:\/\/i0.wp.com\/www.rolland-sprinklers.com\/IRRIGATION\/wp-content\/uploads\/2022\/03\/Telechargement-Vue-Eclate.png?resize=300%2C65&amp;ssl=1 300w, https:\/\/i0.wp.com\/www.rolland-sprinklers.com\/IRRIGATION\/wp-content\/uploads\/2022\/03\/Telechargement-Vue-Eclate.png?resize=18%2C4&amp;ssl=1 18w, https:\/\/i0.wp.com\/www.rolland-sprinklers.com\/IRRIGATION\/wp-content\/uploads\/2022\/03\/Telechargement-Vue-Eclate.png?w=366&amp;ssl=1 366w\" sizes=\"(max-width: 203px) 100vw, 203px\" \/> <a href=\"http:\/\/www.rolland-sprinklers.com\/Fichiers\/Irrigation\/486_sp21sfr.pdf\" target=\"blank\" rel=\"noopener\">Vue \u00e9clat\u00e9e 21S<\/a><\/p>\n<p>Pour assurer l&rsquo;\u00e9tanch\u00e9it\u00e9 au niveau du raccordement de l&rsquo;arroseur, il est conseill\u00e9 d&rsquo;utiliser de la bande t\u00e9flon.<\/p>\n","protected":false},"excerpt":{"rendered":"<p>Les arroseurs 21 trouvent leur application chaque fois qu&rsquo;une forte pluviom\u00e9trie horaire est souhait\u00e9e. Utilisations : Carri\u00e8re \u00e9questre Espaces verts Cultures maraich\u00e8res Caract\u00e9ristiques techniques : D\u00e9bit de 1.97 \u00e0 3.90 m3\/h Port\u00e9e de 15.5 \u00e0 20 m Pression de service de 3 \u00e0 5 bars Filetage 1&Prime; m\u00e2le Angle du jet 28\u00b0 Arroseur laiton Fiche [&hellip;]<\/p>\n","protected":false},"featured_media":768,"template":"","meta":[],"product_brand":[],"product_cat":[154],"product_tag":[],"class_list":{"0":"post-767","1":"product","2":"type-product","3":"status-publish","4":"has-post-thumbnail","6":"product_cat-arroseurs-de-surface","7":"pa_1-choix-de-buse-motrice-2117-o55","8":"pa_1-choix-de-buse-motrice-2117-o6","9":"pa_1-choix-de-buse-motrice-2117-o65","10":"pa_1-choix-de-buse-motrice-2117-o7","11":"pa_1-choix-de-buse-motrice-2128-o55-brise-jet","12":"pa_1-choix-de-buse-motrice-2128-o6-brise-jet","13":"pa_1-choix-de-buse-motrice-2128-o65-brise-jet","14":"pa_1-choix-de-buse-motrice-2128-o7-brise-jet","16":"first","17":"instock","18":"taxable","19":"shipping-taxable","20":"purchasable","21":"product-type-variable","22":"has-default-attributes"},"jetpack_sharing_enabled":true,"_links":{"self":[{"href":"https:\/\/rolland-sprinklers.com\/IRRIGATION\/wp-json\/wp\/v2\/product\/767","targetHints":{"allow":["GET"]}}],"collection":[{"href":"https:\/\/rolland-sprinklers.com\/IRRIGATION\/wp-json\/wp\/v2\/product"}],"about":[{"href":"https:\/\/rolland-sprinklers.com\/IRRIGATION\/wp-json\/wp\/v2\/types\/product"}],"version-history":[{"count":2,"href":"https:\/\/rolland-sprinklers.com\/IRRIGATION\/wp-json\/wp\/v2\/product\/767\/revisions"}],"predecessor-version":[{"id":4799,"href":"https:\/\/rolland-sprinklers.com\/IRRIGATION\/wp-json\/wp\/v2\/product\/767\/revisions\/4799"}],"wp:featuredmedia":[{"embeddable":true,"href":"https:\/\/rolland-sprinklers.com\/IRRIGATION\/wp-json\/wp\/v2\/media\/768"}],"wp:attachment":[{"href":"https:\/\/rolland-sprinklers.com\/IRRIGATION\/wp-json\/wp\/v2\/media?parent=767"}],"wp:term":[{"taxonomy":"product_brand","embeddable":true,"href":"https:\/\/rolland-sprinklers.com\/IRRIGATION\/wp-json\/wp\/v2\/product_brand?post=767"},{"taxonomy":"product_cat","embeddable":true,"href":"https:\/\/rolland-sprinklers.com\/IRRIGATION\/wp-json\/wp\/v2\/product_cat?post=767"},{"taxonomy":"product_tag","embeddable":true,"href":"https:\/\/rolland-sprinklers.com\/IRRIGATION\/wp-json\/wp\/v2\/product_tag?post=767"}],"curies":[{"name":"wp","href":"https:\/\/api.w.org\/{rel}","templated":true}]}}