{"id":764,"date":"2008-11-18T16:10:51","date_gmt":"2008-11-18T16:10:51","guid":{"rendered":"http:\/\/testrolland.justecordes.fr\/?product=arroseur-24-circulaire"},"modified":"2025-04-03T13:42:52","modified_gmt":"2025-04-03T11:42:52","slug":"arroseur-24-circulaire","status":"publish","type":"product","link":"https:\/\/rolland-sprinklers.com\/IRRIGATION\/produit\/arroseur-24-circulaire\/","title":{"rendered":"Arroseur 24 circulaire"},"content":{"rendered":"<p>L&rsquo; arroseur de plein champ 24 est utilisable sur toutes les grandes cultures, et dispose d&rsquo;une grande gamme de buses permettant de s&rsquo;adapter \u00e0 de nombreuses configurations de pluviom\u00e9trie et d&rsquo;\u00e9cartement.<br \/>\nTr\u00e8s r\u00e9gulier dans la rotation et la r\u00e9partition de l&rsquo;eau, cet arroseur convient parfaitement \u00e0 la r\u00e9alisation de grands projets d&rsquo;irrigation.<\/p>\n<p><strong>Utilisations :<\/strong><\/p>\n<ul>\n<li>Grandes cultures<\/li>\n<li>Prairies<\/li>\n<\/ul>\n<p><strong>Caract\u00e9ristiques techniques :<\/strong><\/p>\n<ul>\n<li>D\u00e9bit de 2 \u00e0 7.4 m3\/h<\/li>\n<li>Port\u00e9e de 18 \u00e0 25 m<\/li>\n<li>Pression de service de 3 \u00e0 6 bars<\/li>\n<li>Filetage 1&Prime; m\u00e2le<\/li>\n<li>Angle du jet 28\u00b0<\/li>\n<li>Arroseur laiton<\/li>\n<\/ul>\n<p><img data-recalc-dims=\"1\" decoding=\"async\" class=\"alignnone wp-image-4392\" src=\"https:\/\/i0.wp.com\/www.rolland-sprinklers.com\/IRRIGATION\/wp-content\/uploads\/2022\/03\/Telechargement-fiche-technique.png?resize=205%2C45&#038;ssl=1\" alt=\"\" width=\"205\" height=\"45\" srcset=\"https:\/\/i0.wp.com\/www.rolland-sprinklers.com\/IRRIGATION\/wp-content\/uploads\/2022\/03\/Telechargement-fiche-technique.png?resize=300%2C66&amp;ssl=1 300w, https:\/\/i0.wp.com\/www.rolland-sprinklers.com\/IRRIGATION\/wp-content\/uploads\/2022\/03\/Telechargement-fiche-technique.png?resize=18%2C4&amp;ssl=1 18w, https:\/\/i0.wp.com\/www.rolland-sprinklers.com\/IRRIGATION\/wp-content\/uploads\/2022\/03\/Telechargement-fiche-technique.png?w=366&amp;ssl=1 366w\" sizes=\"(max-width: 205px) 100vw, 205px\" \/> <a href=\"http:\/\/www.rolland-sprinklers.com\/Fichiers\/Irrigation\/p27-24FR-DIST.pdf\" target=\"blank\" rel=\"noopener\">Fiche technique 24<\/a><\/p>\n<p><img data-recalc-dims=\"1\" decoding=\"async\" class=\"alignnone wp-image-4396\" src=\"https:\/\/i0.wp.com\/www.rolland-sprinklers.com\/IRRIGATION\/wp-content\/uploads\/2022\/03\/Telechargement-Vue-Eclate-300x65.png?resize=203%2C44&#038;ssl=1\" alt=\"\" width=\"203\" height=\"44\" srcset=\"https:\/\/i0.wp.com\/www.rolland-sprinklers.com\/IRRIGATION\/wp-content\/uploads\/2022\/03\/Telechargement-Vue-Eclate.png?resize=300%2C65&amp;ssl=1 300w, https:\/\/i0.wp.com\/www.rolland-sprinklers.com\/IRRIGATION\/wp-content\/uploads\/2022\/03\/Telechargement-Vue-Eclate.png?resize=18%2C4&amp;ssl=1 18w, https:\/\/i0.wp.com\/www.rolland-sprinklers.com\/IRRIGATION\/wp-content\/uploads\/2022\/03\/Telechargement-Vue-Eclate.png?w=366&amp;ssl=1 366w\" sizes=\"(max-width: 203px) 100vw, 203px\" \/> <a href=\"http:\/\/www.rolland-sprinklers.com\/Fichiers\/Irrigation\/582_sp24fr.pdf\" target=\"blank\" rel=\"noopener\">Vue \u00e9clat\u00e9e 24<\/a><\/p>\n<p>Pour assurer l&rsquo;\u00e9tanch\u00e9it\u00e9 au niveau du raccordement de l&rsquo;arroseur, il est conseill\u00e9 d&rsquo;utiliser de la bande t\u00e9flon.<\/p>\n","protected":false},"excerpt":{"rendered":"<p>L&rsquo; arroseur de plein champ 24 est utilisable sur toutes les grandes cultures, et dispose d&rsquo;une grande gamme de buses permettant de s&rsquo;adapter \u00e0 de nombreuses configurations de pluviom\u00e9trie et d&rsquo;\u00e9cartement. Tr\u00e8s r\u00e9gulier dans la rotation et la r\u00e9partition de l&rsquo;eau, cet arroseur convient parfaitement \u00e0 la r\u00e9alisation de grands projets d&rsquo;irrigation. Utilisations : Grandes [&hellip;]<\/p>\n","protected":false},"featured_media":765,"template":"","meta":[],"product_brand":[],"product_cat":[154],"product_tag":[],"class_list":{"0":"post-764","1":"product","2":"type-product","3":"status-publish","4":"has-post-thumbnail","6":"product_cat-arroseurs-de-surface","7":"pa_1-choix-de-buse-motrice-2117-o55","8":"pa_1-choix-de-buse-motrice-2117-o6","9":"pa_1-choix-de-buse-motrice-2117-o65","10":"pa_1-choix-de-buse-motrice-2117-o7","11":"pa_1-choix-de-buse-motrice-2117-o8","12":"pa_1-choix-de-buse-motrice-2117-o9","13":"pa_2-choix-de-buse-arriere-bouchon-1719","14":"pa_2-choix-de-buse-arriere-buse-arriere-1743-o3","16":"first","17":"instock","18":"taxable","19":"shipping-taxable","20":"purchasable","21":"product-type-variable"},"jetpack_sharing_enabled":true,"_links":{"self":[{"href":"https:\/\/rolland-sprinklers.com\/IRRIGATION\/wp-json\/wp\/v2\/product\/764","targetHints":{"allow":["GET"]}}],"collection":[{"href":"https:\/\/rolland-sprinklers.com\/IRRIGATION\/wp-json\/wp\/v2\/product"}],"about":[{"href":"https:\/\/rolland-sprinklers.com\/IRRIGATION\/wp-json\/wp\/v2\/types\/product"}],"version-history":[{"count":3,"href":"https:\/\/rolland-sprinklers.com\/IRRIGATION\/wp-json\/wp\/v2\/product\/764\/revisions"}],"predecessor-version":[{"id":4785,"href":"https:\/\/rolland-sprinklers.com\/IRRIGATION\/wp-json\/wp\/v2\/product\/764\/revisions\/4785"}],"wp:featuredmedia":[{"embeddable":true,"href":"https:\/\/rolland-sprinklers.com\/IRRIGATION\/wp-json\/wp\/v2\/media\/765"}],"wp:attachment":[{"href":"https:\/\/rolland-sprinklers.com\/IRRIGATION\/wp-json\/wp\/v2\/media?parent=764"}],"wp:term":[{"taxonomy":"product_brand","embeddable":true,"href":"https:\/\/rolland-sprinklers.com\/IRRIGATION\/wp-json\/wp\/v2\/product_brand?post=764"},{"taxonomy":"product_cat","embeddable":true,"href":"https:\/\/rolland-sprinklers.com\/IRRIGATION\/wp-json\/wp\/v2\/product_cat?post=764"},{"taxonomy":"product_tag","embeddable":true,"href":"https:\/\/rolland-sprinklers.com\/IRRIGATION\/wp-json\/wp\/v2\/product_tag?post=764"}],"curies":[{"name":"wp","href":"https:\/\/api.w.org\/{rel}","templated":true}]}}