{"id":7438,"date":"2022-09-16T11:59:17","date_gmt":"2022-09-16T09:59:17","guid":{"rendered":"https:\/\/rolland-sprinklers.com\/IRRIGATION\/?post_type=product&#038;p=7438"},"modified":"2025-04-03T13:45:37","modified_gmt":"2025-04-03T11:45:37","slug":"canon-ns45-2-circulaire-secteur","status":"publish","type":"product","link":"https:\/\/rolland-sprinklers.com\/IRRIGATION\/produit\/canon-ns45-2-circulaire-secteur\/","title":{"rendered":"Canon NS45-2 circulaire \/ secteur"},"content":{"rendered":"<p>Canon avec m\u00e9canisme \u00e0 turbine. Vitesse de rotation constante (all\u00e9 et retour), arrosage circulaire ou \u00e0 secteur, \u2026 .<br \/>\n\u00c9quip\u00e9 d&rsquo;un brise jet intermittent r\u00e9glable pour meilleur uniformit\u00e9 d&rsquo;arrosage. Son canon de forme conique am\u00e9liore la port\u00e9e.<br \/>\nLe syst\u00e8me d&rsquo;entra\u00eenement par turbine ( pas de vibration) permet le montage sur un quadripode.<\/p>\n<p><strong>Caract\u00e9ristiques techniques :<\/strong><\/p>\n<ul>\n<li>D\u00e9bit de 8 \u00e0 46.8 m3\/h<\/li>\n<li>Port\u00e9e de 24 \u00e0 50 m<\/li>\n<li>Pression de service de 2 \u00e0 6 bars<\/li>\n<li>Filetage 2&Prime; Femelle<\/li>\n<li>Angle du jet: 25\u00b0.<\/li>\n<\/ul>\n<p><img data-recalc-dims=\"1\" decoding=\"async\" class=\"alignnone wp-image-4392\" src=\"https:\/\/i0.wp.com\/www.rolland-sprinklers.com\/IRRIGATION\/wp-content\/uploads\/2022\/03\/Telechargement-fiche-technique.png?resize=205%2C45&#038;ssl=1\" alt=\"\" width=\"205\" height=\"45\" srcset=\"https:\/\/i0.wp.com\/www.rolland-sprinklers.com\/IRRIGATION\/wp-content\/uploads\/2022\/03\/Telechargement-fiche-technique.png?resize=300%2C66&amp;ssl=1 300w, https:\/\/i0.wp.com\/www.rolland-sprinklers.com\/IRRIGATION\/wp-content\/uploads\/2022\/03\/Telechargement-fiche-technique.png?resize=18%2C4&amp;ssl=1 18w, https:\/\/i0.wp.com\/www.rolland-sprinklers.com\/IRRIGATION\/wp-content\/uploads\/2022\/03\/Telechargement-fiche-technique.png?w=366&amp;ssl=1 366w\" sizes=\"(max-width: 205px) 100vw, 205px\" \/> <a href=\"https:\/\/www.rolland-sprinklers.com\/IRRIGATION\/wp-content\/uploads\/2022\/09\/p35-flyer-canon-S45-FR.pdf\" target=\"_blank\" rel=\"noopener\">Fiche technique NS45-2<\/a><\/p>\n<p>&nbsp;<\/p>\n","protected":false},"excerpt":{"rendered":"<p>Canon avec m\u00e9canisme \u00e0 turbine. Vitesse de rotation constante (all\u00e9 et retour), arrosage circulaire ou \u00e0 secteur, \u2026 . \u00c9quip\u00e9 d&rsquo;un brise jet intermittent r\u00e9glable pour meilleur uniformit\u00e9 d&rsquo;arrosage. Son canon de forme conique am\u00e9liore la port\u00e9e. Le syst\u00e8me d&rsquo;entra\u00eenement par turbine ( pas de vibration) permet le montage sur un quadripode. Caract\u00e9ristiques techniques : [&hellip;]<\/p>\n","protected":false},"featured_media":7445,"template":"","meta":[],"product_brand":[],"product_cat":[158],"product_tag":[],"class_list":{"0":"post-7438","1":"product","2":"type-product","3":"status-publish","4":"has-post-thumbnail","6":"product_cat-canons","8":"first","9":"outofstock","10":"taxable","11":"shipping-taxable","12":"purchasable","13":"product-type-simple"},"jetpack_sharing_enabled":true,"_links":{"self":[{"href":"https:\/\/rolland-sprinklers.com\/IRRIGATION\/wp-json\/wp\/v2\/product\/7438","targetHints":{"allow":["GET"]}}],"collection":[{"href":"https:\/\/rolland-sprinklers.com\/IRRIGATION\/wp-json\/wp\/v2\/product"}],"about":[{"href":"https:\/\/rolland-sprinklers.com\/IRRIGATION\/wp-json\/wp\/v2\/types\/product"}],"version-history":[{"count":5,"href":"https:\/\/rolland-sprinklers.com\/IRRIGATION\/wp-json\/wp\/v2\/product\/7438\/revisions"}],"predecessor-version":[{"id":7446,"href":"https:\/\/rolland-sprinklers.com\/IRRIGATION\/wp-json\/wp\/v2\/product\/7438\/revisions\/7446"}],"wp:featuredmedia":[{"embeddable":true,"href":"https:\/\/rolland-sprinklers.com\/IRRIGATION\/wp-json\/wp\/v2\/media\/7445"}],"wp:attachment":[{"href":"https:\/\/rolland-sprinklers.com\/IRRIGATION\/wp-json\/wp\/v2\/media?parent=7438"}],"wp:term":[{"taxonomy":"product_brand","embeddable":true,"href":"https:\/\/rolland-sprinklers.com\/IRRIGATION\/wp-json\/wp\/v2\/product_brand?post=7438"},{"taxonomy":"product_cat","embeddable":true,"href":"https:\/\/rolland-sprinklers.com\/IRRIGATION\/wp-json\/wp\/v2\/product_cat?post=7438"},{"taxonomy":"product_tag","embeddable":true,"href":"https:\/\/rolland-sprinklers.com\/IRRIGATION\/wp-json\/wp\/v2\/product_tag?post=7438"}],"curies":[{"name":"wp","href":"https:\/\/api.w.org\/{rel}","templated":true}]}}