{"id":689,"date":"2008-11-18T16:10:37","date_gmt":"2008-11-18T16:10:37","guid":{"rendered":"http:\/\/testrolland.justecordes.fr\/?product=arroseur-22-circulaire"},"modified":"2025-04-03T13:42:36","modified_gmt":"2025-04-03T11:42:36","slug":"arroseur-22-circulaire","status":"publish","type":"product","link":"https:\/\/rolland-sprinklers.com\/IRRIGATION\/produit\/arroseur-22-circulaire\/","title":{"rendered":"Arroseur 22 circulaire"},"content":{"rendered":"<p>L&rsquo;arroseur 22 de par sa grande port\u00e9e est adapt\u00e9 \u00e0 des cultures de plein champ.<br \/>\nLes diff\u00e9rents diam\u00e8tres de buses mont\u00e9s \u00e0 l&rsquo;avant comme \u00e0 l&rsquo;arri\u00e8re permettent de g\u00e9rer au mieux l&rsquo;arrosage par rapport aux besoins de la plante.<\/p>\n<p><strong>Utilisations :<\/strong><\/p>\n<ul>\n<li>Grandes cultures<\/li>\n<li>Canne \u00e0 sucre<\/li>\n<li>Prairies<\/li>\n<\/ul>\n<p><strong>Caract\u00e9ristiques techniques :<\/strong><\/p>\n<ul>\n<li>D\u00e9bit de 1.3 \u00e0 4.5 m3\/h<\/li>\n<li>Port\u00e9e de 15 \u00e0 21 m<\/li>\n<li>Pression de service de 3 \u00e0 6 bars<\/li>\n<li>Filetage 1&Prime; m\u00e2le<\/li>\n<li>Angle du jet 28\u00b0<\/li>\n<li>Arroseur laiton<\/li>\n<\/ul>\n<p><img data-recalc-dims=\"1\" decoding=\"async\" class=\"alignnone wp-image-4392\" src=\"https:\/\/i0.wp.com\/www.rolland-sprinklers.com\/IRRIGATION\/wp-content\/uploads\/2022\/03\/Telechargement-fiche-technique.png?resize=205%2C45&#038;ssl=1\" alt=\"\" width=\"205\" height=\"45\" srcset=\"https:\/\/i0.wp.com\/www.rolland-sprinklers.com\/IRRIGATION\/wp-content\/uploads\/2022\/03\/Telechargement-fiche-technique.png?resize=300%2C66&amp;ssl=1 300w, https:\/\/i0.wp.com\/www.rolland-sprinklers.com\/IRRIGATION\/wp-content\/uploads\/2022\/03\/Telechargement-fiche-technique.png?resize=18%2C4&amp;ssl=1 18w, https:\/\/i0.wp.com\/www.rolland-sprinklers.com\/IRRIGATION\/wp-content\/uploads\/2022\/03\/Telechargement-fiche-technique.png?w=366&amp;ssl=1 366w\" sizes=\"(max-width: 205px) 100vw, 205px\" \/> <a href=\"http:\/\/www.rolland-sprinklers.com\/Fichiers\/Irrigation\/p26-22FR-DIST.pdf\" target=\"blank\" rel=\"noopener\">Fiche technique 22<\/a><\/p>\n<p><img data-recalc-dims=\"1\" decoding=\"async\" class=\"alignnone wp-image-4396\" src=\"https:\/\/i0.wp.com\/www.rolland-sprinklers.com\/IRRIGATION\/wp-content\/uploads\/2022\/03\/Telechargement-Vue-Eclate-300x65.png?resize=203%2C44&#038;ssl=1\" alt=\"\" width=\"203\" height=\"44\" srcset=\"https:\/\/i0.wp.com\/www.rolland-sprinklers.com\/IRRIGATION\/wp-content\/uploads\/2022\/03\/Telechargement-Vue-Eclate.png?resize=300%2C65&amp;ssl=1 300w, https:\/\/i0.wp.com\/www.rolland-sprinklers.com\/IRRIGATION\/wp-content\/uploads\/2022\/03\/Telechargement-Vue-Eclate.png?resize=18%2C4&amp;ssl=1 18w, https:\/\/i0.wp.com\/www.rolland-sprinklers.com\/IRRIGATION\/wp-content\/uploads\/2022\/03\/Telechargement-Vue-Eclate.png?w=366&amp;ssl=1 366w\" sizes=\"(max-width: 203px) 100vw, 203px\" \/> <a href=\"http:\/\/www.rolland-sprinklers.com\/Fichiers\/Irrigation\/478_sp22fr.pdf\" target=\"blank\" rel=\"noopener\">Vue \u00e9clat\u00e9e 22<\/a><\/p>\n<p>Pour assurer l&rsquo;\u00e9tanch\u00e9it\u00e9 au niveau du raccordement de l&rsquo;arroseur, il est conseill\u00e9 d&rsquo;utiliser de la bande t\u00e9flon.<\/p>\n","protected":false},"excerpt":{"rendered":"<p>L&rsquo;arroseur 22 de par sa grande port\u00e9e est adapt\u00e9 \u00e0 des cultures de plein champ. Les diff\u00e9rents diam\u00e8tres de buses mont\u00e9s \u00e0 l&rsquo;avant comme \u00e0 l&rsquo;arri\u00e8re permettent de g\u00e9rer au mieux l&rsquo;arrosage par rapport aux besoins de la plante. Utilisations : Grandes cultures Canne \u00e0 sucre Prairies Caract\u00e9ristiques techniques : D\u00e9bit de 1.3 \u00e0 4.5 [&hellip;]<\/p>\n","protected":false},"featured_media":690,"template":"","meta":[],"product_brand":[],"product_cat":[154],"product_tag":[],"class_list":{"0":"post-689","1":"product","2":"type-product","3":"status-publish","4":"has-post-thumbnail","6":"product_cat-arroseurs-de-surface","7":"pa_1-choix-de-buse-motrice-2117-o45","8":"pa_1-choix-de-buse-motrice-2117-o5","9":"pa_1-choix-de-buse-motrice-2117-o55","10":"pa_1-choix-de-buse-motrice-2117-o6","11":"pa_1-choix-de-buse-motrice-2117-o65","12":"pa_1-choix-de-buse-motrice-2117-o7","13":"pa_2-choix-de-buse-arriere-2243-o3","14":"pa_2-choix-de-buse-arriere-bouchon-2219","16":"first","17":"instock","18":"taxable","19":"shipping-taxable","20":"purchasable","21":"product-type-variable","22":"has-default-attributes"},"jetpack_sharing_enabled":true,"_links":{"self":[{"href":"https:\/\/rolland-sprinklers.com\/IRRIGATION\/wp-json\/wp\/v2\/product\/689","targetHints":{"allow":["GET"]}}],"collection":[{"href":"https:\/\/rolland-sprinklers.com\/IRRIGATION\/wp-json\/wp\/v2\/product"}],"about":[{"href":"https:\/\/rolland-sprinklers.com\/IRRIGATION\/wp-json\/wp\/v2\/types\/product"}],"version-history":[{"count":3,"href":"https:\/\/rolland-sprinklers.com\/IRRIGATION\/wp-json\/wp\/v2\/product\/689\/revisions"}],"predecessor-version":[{"id":4786,"href":"https:\/\/rolland-sprinklers.com\/IRRIGATION\/wp-json\/wp\/v2\/product\/689\/revisions\/4786"}],"wp:featuredmedia":[{"embeddable":true,"href":"https:\/\/rolland-sprinklers.com\/IRRIGATION\/wp-json\/wp\/v2\/media\/690"}],"wp:attachment":[{"href":"https:\/\/rolland-sprinklers.com\/IRRIGATION\/wp-json\/wp\/v2\/media?parent=689"}],"wp:term":[{"taxonomy":"product_brand","embeddable":true,"href":"https:\/\/rolland-sprinklers.com\/IRRIGATION\/wp-json\/wp\/v2\/product_brand?post=689"},{"taxonomy":"product_cat","embeddable":true,"href":"https:\/\/rolland-sprinklers.com\/IRRIGATION\/wp-json\/wp\/v2\/product_cat?post=689"},{"taxonomy":"product_tag","embeddable":true,"href":"https:\/\/rolland-sprinklers.com\/IRRIGATION\/wp-json\/wp\/v2\/product_tag?post=689"}],"curies":[{"name":"wp","href":"https:\/\/api.w.org\/{rel}","templated":true}]}}