{"id":680,"date":"2008-10-31T21:18:43","date_gmt":"2008-10-31T21:18:43","guid":{"rendered":"http:\/\/testrolland.justecordes.fr\/?product=arroseur-1026-circulaire"},"modified":"2026-04-20T14:56:29","modified_gmt":"2026-04-20T12:56:29","slug":"arroseur-1026-circulaire","status":"publish","type":"product","link":"https:\/\/rolland-sprinklers.com\/IRRIGATION\/produit\/arroseur-1026-circulaire\/","title":{"rendered":"Arroseur 10.26 circulaire"},"content":{"rendered":"\t\t<div data-elementor-type=\"wp-post\" data-elementor-id=\"680\" class=\"elementor elementor-680\">\n\t\t\t\t\t\t<section class=\"elementor-section elementor-top-section elementor-element elementor-element-7deb4704 elementor-section-boxed elementor-section-height-default elementor-section-height-default\" data-id=\"7deb4704\" data-element_type=\"section\" data-e-type=\"section\">\n\t\t\t\t\t\t<div class=\"elementor-container elementor-column-gap-default\">\n\t\t\t\t\t<div class=\"elementor-column elementor-col-100 elementor-top-column elementor-element elementor-element-c671a66\" data-id=\"c671a66\" data-element_type=\"column\" data-e-type=\"column\">\n\t\t\t<div class=\"elementor-widget-wrap elementor-element-populated\">\n\t\t\t\t\t\t<div class=\"elementor-element elementor-element-72749238 elementor-widget elementor-widget-text-editor\" data-id=\"72749238\" data-element_type=\"widget\" data-e-type=\"widget\" data-widget_type=\"text-editor.default\">\n\t\t\t\t<div class=\"elementor-widget-container\">\n\t\t\t\t\t\t\t\t\t<p><strong>Utilisation :<\/strong><\/p><ul><li>Mara\u00eechages, p\u00e9pini\u00e8res.<\/li><\/ul><p><strong>Caract\u00e9ristiques techniques<\/strong> :<\/p><ul><li>D\u00e9bit de 0.3 \u00e0 0.93 m\u00b3\/h<\/li><li>Port\u00e9e de 11 \u00e0 13.5 m\u00e8tres<\/li><li>Pression de service: 2 \u00e0 3.5 bars<\/li><li>Filetage 1\/2&Prime; M\u00e2le<\/li><li>Angle du jet 26\u00b0<\/li><li>Arroseur plastique<\/li><\/ul><p><img decoding=\"async\" data-recalc-dims=\"1\" class=\"alignnone wp-image-4392\" src=\"https:\/\/i0.wp.com\/www.rolland-sprinklers.com\/IRRIGATION\/wp-content\/uploads\/2022\/03\/Telechargement-fiche-technique.png?resize=200%2C44&#038;ssl=1\" alt=\"\" width=\"200\" height=\"44\" srcset=\"https:\/\/i0.wp.com\/www.rolland-sprinklers.com\/IRRIGATION\/wp-content\/uploads\/2022\/03\/Telechargement-fiche-technique.png?w=366&amp;ssl=1 366w, https:\/\/i0.wp.com\/www.rolland-sprinklers.com\/IRRIGATION\/wp-content\/uploads\/2022\/03\/Telechargement-fiche-technique.png?resize=300%2C66&amp;ssl=1 300w, https:\/\/i0.wp.com\/www.rolland-sprinklers.com\/IRRIGATION\/wp-content\/uploads\/2022\/03\/Telechargement-fiche-technique.png?resize=18%2C4&amp;ssl=1 18w\" sizes=\"(max-width: 200px) 100vw, 200px\" \/><a href=\"https:\/\/www.rolland-sprinklers.com\/IRRIGATION\/wp-content\/uploads\/2022\/09\/p16-10-26FR-DIST.pdf\">Fiche technique 10.26<\/a><\/p><p><img decoding=\"async\" data-recalc-dims=\"1\" class=\"alignnone wp-image-4396\" src=\"https:\/\/i0.wp.com\/www.rolland-sprinklers.com\/IRRIGATION\/wp-content\/uploads\/2022\/03\/Telechargement-Vue-Eclate-300x65.png?resize=203%2C44&#038;ssl=1\" alt=\"\" width=\"203\" height=\"44\" srcset=\"https:\/\/i0.wp.com\/www.rolland-sprinklers.com\/IRRIGATION\/wp-content\/uploads\/2022\/03\/Telechargement-Vue-Eclate.png?resize=300%2C65&amp;ssl=1 300w, https:\/\/i0.wp.com\/www.rolland-sprinklers.com\/IRRIGATION\/wp-content\/uploads\/2022\/03\/Telechargement-Vue-Eclate.png?resize=18%2C4&amp;ssl=1 18w, https:\/\/i0.wp.com\/www.rolland-sprinklers.com\/IRRIGATION\/wp-content\/uploads\/2022\/03\/Telechargement-Vue-Eclate.png?w=366&amp;ssl=1 366w\" sizes=\"(max-width: 203px) 100vw, 203px\" \/><a href=\"https:\/\/www.rolland-sprinklers.com\/Fichiers\/Irrigation\/470_sp10-26fr.pdf\" target=\"blank&quot;\" rel=\"noopener\">Vue \u00e9clat\u00e9e 10.26<\/a><\/p><p><a href=\"http:\/\/www.rolland-sprinklers.com\/Fichiers\/Irrigation\/p53-P6-P10-S10-FR-DIST.pdf\" target=\"blank\" rel=\"noopener\">Accessoires<\/a><\/p>\t\t\t\t\t\t\t\t<\/div>\n\t\t\t\t<\/div>\n\t\t\t\t\t<\/div>\n\t\t<\/div>\n\t\t\t\t\t<\/div>\n\t\t<\/section>\n\t\t\t\t<\/div>\n\t\t","protected":false},"excerpt":{"rendered":"<p>Utilisation : Mara\u00eechages, p\u00e9pini\u00e8res. Caract\u00e9ristiques techniques : D\u00e9bit de 0.3 \u00e0 0.93 m\u00b3\/h Port\u00e9e de 11 \u00e0 13.5 m\u00e8tres Pression de service: 2 \u00e0 3.5 bars Filetage 1\/2&Prime; M\u00e2le Angle du jet 26\u00b0 Arroseur plastique Fiche technique 10.26 Vue \u00e9clat\u00e9e 10.26 Accessoires<\/p>\n","protected":false},"featured_media":681,"template":"","meta":[],"product_brand":[],"product_cat":[154],"product_tag":[],"class_list":{"0":"post-680","1":"product","2":"type-product","3":"status-publish","4":"has-post-thumbnail","6":"product_cat-arroseurs-de-surface","7":"pa_1-choix-de-buse-motrice-1017-o25-marron","8":"pa_1-choix-de-buse-motrice-1017-o3-rouge","9":"pa_1-choix-de-buse-motrice-1017-o35-jaune","10":"pa_1-choix-de-buse-motrice-1017e-o25-grise","11":"pa_1-choix-de-buse-motrice-1017e-o3-orange","12":"pa_1-choix-de-buse-motrice-1017e-o35-blanche","13":"pa_2-choix-de-buse-arriere-bouchon-1019-noir","14":"pa_2-choix-de-buse-arriere-buse-arriere-1043-o2-bleue","16":"first","17":"instock","18":"taxable","19":"shipping-taxable","20":"purchasable","21":"product-type-variable"},"jetpack_sharing_enabled":true,"_links":{"self":[{"href":"https:\/\/rolland-sprinklers.com\/IRRIGATION\/wp-json\/wp\/v2\/product\/680","targetHints":{"allow":["GET"]}}],"collection":[{"href":"https:\/\/rolland-sprinklers.com\/IRRIGATION\/wp-json\/wp\/v2\/product"}],"about":[{"href":"https:\/\/rolland-sprinklers.com\/IRRIGATION\/wp-json\/wp\/v2\/types\/product"}],"version-history":[{"count":18,"href":"https:\/\/rolland-sprinklers.com\/IRRIGATION\/wp-json\/wp\/v2\/product\/680\/revisions"}],"predecessor-version":[{"id":7488,"href":"https:\/\/rolland-sprinklers.com\/IRRIGATION\/wp-json\/wp\/v2\/product\/680\/revisions\/7488"}],"wp:featuredmedia":[{"embeddable":true,"href":"https:\/\/rolland-sprinklers.com\/IRRIGATION\/wp-json\/wp\/v2\/media\/681"}],"wp:attachment":[{"href":"https:\/\/rolland-sprinklers.com\/IRRIGATION\/wp-json\/wp\/v2\/media?parent=680"}],"wp:term":[{"taxonomy":"product_brand","embeddable":true,"href":"https:\/\/rolland-sprinklers.com\/IRRIGATION\/wp-json\/wp\/v2\/product_brand?post=680"},{"taxonomy":"product_cat","embeddable":true,"href":"https:\/\/rolland-sprinklers.com\/IRRIGATION\/wp-json\/wp\/v2\/product_cat?post=680"},{"taxonomy":"product_tag","embeddable":true,"href":"https:\/\/rolland-sprinklers.com\/IRRIGATION\/wp-json\/wp\/v2\/product_tag?post=680"}],"curies":[{"name":"wp","href":"https:\/\/api.w.org\/{rel}","templated":true}]}}