{"id":674,"date":"2008-10-30T21:55:58","date_gmt":"2008-10-30T21:55:58","guid":{"rendered":"http:\/\/testrolland.justecordes.fr\/?product=arroseur-11s-secteur"},"modified":"2025-04-03T13:38:27","modified_gmt":"2025-04-03T11:38:27","slug":"arroseur-11s-secteur","status":"publish","type":"product","link":"https:\/\/rolland-sprinklers.com\/IRRIGATION\/produit\/arroseur-11s-secteur\/","title":{"rendered":"Arroseur 11S secteur"},"content":{"rendered":"<p>L\u2019arroseur 11S4 est tr\u00e8s populaire et particuli\u00e8rement appr\u00e9ci\u00e9s pour ses fines gouttelettes et la qualit\u00e9 de son arrosage.<br \/>\n\u00c9quip\u00e9 d&rsquo;une vis brise-jet et d&rsquo;un r\u00e9glage du secteur d&rsquo;arrosage, l&rsquo;arroseur 11S, peut \u00eatre utilis\u00e9 dans la plupart des installations d&rsquo;arrosage.<\/p>\n<p><strong>Utilisation :<\/strong><\/p>\n<ul>\n<li>Pour arrosage sur frondaison<\/li>\n<li>Man\u00e8ge \u00e9questre, carri\u00e8re<\/li>\n<li>Pour p\u00e9pini\u00e8res, vergers, mara\u00eechage, petits espaces verts<\/li>\n<li>Chaque fois que l\u2019on souhaite un arroseur polyvalent faible d\u00e9bit.<\/li>\n<\/ul>\n<p><strong>Caract\u00e9ristiques techniques :<\/strong><\/p>\n<ul>\n<li>D\u00e9bit de 1.05 \u00e0 1.48 m3\/h<\/li>\n<li>Port\u00e9e de 12.5 \u00e0 13.5 m<\/li>\n<li>Pression de service de 2.5 \u00e0 4 bars<\/li>\n<li>Filetage 1\/2 \u00a0\u00bb m\u00e2le (Existe aussi en 3\/4&Prime; M\u00e2le)<\/li>\n<li>Angle du jet 30\u00b0<\/li>\n<li>Arroseur laiton<\/li>\n<li>Possibilit\u00e9 de montage sur le tra\u00eeneau T11, T12 et tr\u00e9pieds<\/li>\n<\/ul>\n<p><img data-recalc-dims=\"1\" decoding=\"async\" class=\"alignnone wp-image-4392\" src=\"https:\/\/i0.wp.com\/www.rolland-sprinklers.com\/IRRIGATION\/wp-content\/uploads\/2022\/03\/Telechargement-fiche-technique.png?resize=205%2C45&#038;ssl=1\" alt=\"\" width=\"205\" height=\"45\" srcset=\"https:\/\/i0.wp.com\/www.rolland-sprinklers.com\/IRRIGATION\/wp-content\/uploads\/2022\/03\/Telechargement-fiche-technique.png?resize=300%2C66&amp;ssl=1 300w, https:\/\/i0.wp.com\/www.rolland-sprinklers.com\/IRRIGATION\/wp-content\/uploads\/2022\/03\/Telechargement-fiche-technique.png?resize=18%2C4&amp;ssl=1 18w, https:\/\/i0.wp.com\/www.rolland-sprinklers.com\/IRRIGATION\/wp-content\/uploads\/2022\/03\/Telechargement-fiche-technique.png?w=366&amp;ssl=1 366w\" sizes=\"(max-width: 205px) 100vw, 205px\" \/> <a href=\"http:\/\/www.rolland-sprinklers.com\/Fichiers\/Irrigation\/p17-11FR-DIST.pdf\" target=\"blank\" rel=\"noopener\">Fiche technique 11 \/ 11S <\/a><br \/>\n<img data-recalc-dims=\"1\" decoding=\"async\" class=\"alignnone wp-image-4396\" src=\"https:\/\/i0.wp.com\/www.rolland-sprinklers.com\/IRRIGATION\/wp-content\/uploads\/2022\/03\/Telechargement-Vue-Eclate-300x65.png?resize=203%2C44&#038;ssl=1\" alt=\"\" width=\"203\" height=\"44\" srcset=\"https:\/\/i0.wp.com\/www.rolland-sprinklers.com\/IRRIGATION\/wp-content\/uploads\/2022\/03\/Telechargement-Vue-Eclate.png?resize=300%2C65&amp;ssl=1 300w, https:\/\/i0.wp.com\/www.rolland-sprinklers.com\/IRRIGATION\/wp-content\/uploads\/2022\/03\/Telechargement-Vue-Eclate.png?resize=18%2C4&amp;ssl=1 18w, https:\/\/i0.wp.com\/www.rolland-sprinklers.com\/IRRIGATION\/wp-content\/uploads\/2022\/03\/Telechargement-Vue-Eclate.png?w=366&amp;ssl=1 366w\" sizes=\"(max-width: 203px) 100vw, 203px\" \/> <a href=\"http:\/\/www.rolland-sprinklers.com\/Fichiers\/Irrigation\/482_sp11sfr.pdf\" target=\"blank\" rel=\"noopener\">Vue \u00e9clat\u00e9e<\/a><\/p>\n<p><img data-recalc-dims=\"1\" decoding=\"async\" class=\"alignnone  wp-image-4393\" src=\"https:\/\/i0.wp.com\/www.rolland-sprinklers.com\/IRRIGATION\/wp-content\/uploads\/2022\/03\/Telechargement-Notice-de-montage.png?resize=203%2C44&#038;ssl=1\" alt=\"\" width=\"203\" height=\"44\" srcset=\"https:\/\/i0.wp.com\/www.rolland-sprinklers.com\/IRRIGATION\/wp-content\/uploads\/2022\/03\/Telechargement-Notice-de-montage.png?resize=300%2C65&amp;ssl=1 300w, https:\/\/i0.wp.com\/www.rolland-sprinklers.com\/IRRIGATION\/wp-content\/uploads\/2022\/03\/Telechargement-Notice-de-montage.png?resize=18%2C4&amp;ssl=1 18w, https:\/\/i0.wp.com\/www.rolland-sprinklers.com\/IRRIGATION\/wp-content\/uploads\/2022\/03\/Telechargement-Notice-de-montage.png?w=366&amp;ssl=1 366w\" sizes=\"(max-width: 203px) 100vw, 203px\" \/><a href=\"https:\/\/www.rolland-sprinklers.com\/IRRIGATION\/wp-content\/uploads\/2022\/07\/Notice-Reglage-secteur-11S-17S-21S.pdf\" target=\"_blank\" rel=\"noopener\">Notice de r\u00e9glage secteur<\/a><\/p>\n","protected":false},"excerpt":{"rendered":"<p>L\u2019arroseur 11S4 est tr\u00e8s populaire et particuli\u00e8rement appr\u00e9ci\u00e9s pour ses fines gouttelettes et la qualit\u00e9 de son arrosage. \u00c9quip\u00e9 d&rsquo;une vis brise-jet et d&rsquo;un r\u00e9glage du secteur d&rsquo;arrosage, l&rsquo;arroseur 11S, peut \u00eatre utilis\u00e9 dans la plupart des installations d&rsquo;arrosage. Utilisation : Pour arrosage sur frondaison Man\u00e8ge \u00e9questre, carri\u00e8re Pour p\u00e9pini\u00e8res, vergers, mara\u00eechage, petits espaces verts [&hellip;]<\/p>\n","protected":false},"featured_media":675,"template":"","meta":[],"product_brand":[],"product_cat":[154],"product_tag":[],"class_list":{"0":"post-674","1":"product","2":"type-product","3":"status-publish","4":"has-post-thumbnail","6":"product_cat-arroseurs-de-surface","7":"pa_1-choix-de-buse-motrice-1117-o4","8":"pa_1-choix-de-buse-motrice-1117-o45","9":"pa_2-choix-du-filetage-moyeu-12-m","10":"pa_2-choix-du-filetage-moyeu-34-m","12":"first","13":"instock","14":"taxable","15":"shipping-taxable","16":"purchasable","17":"product-type-variable","18":"has-default-attributes"},"jetpack_sharing_enabled":true,"_links":{"self":[{"href":"https:\/\/rolland-sprinklers.com\/IRRIGATION\/wp-json\/wp\/v2\/product\/674","targetHints":{"allow":["GET"]}}],"collection":[{"href":"https:\/\/rolland-sprinklers.com\/IRRIGATION\/wp-json\/wp\/v2\/product"}],"about":[{"href":"https:\/\/rolland-sprinklers.com\/IRRIGATION\/wp-json\/wp\/v2\/types\/product"}],"version-history":[{"count":6,"href":"https:\/\/rolland-sprinklers.com\/IRRIGATION\/wp-json\/wp\/v2\/product\/674\/revisions"}],"predecessor-version":[{"id":4767,"href":"https:\/\/rolland-sprinklers.com\/IRRIGATION\/wp-json\/wp\/v2\/product\/674\/revisions\/4767"}],"wp:featuredmedia":[{"embeddable":true,"href":"https:\/\/rolland-sprinklers.com\/IRRIGATION\/wp-json\/wp\/v2\/media\/675"}],"wp:attachment":[{"href":"https:\/\/rolland-sprinklers.com\/IRRIGATION\/wp-json\/wp\/v2\/media?parent=674"}],"wp:term":[{"taxonomy":"product_brand","embeddable":true,"href":"https:\/\/rolland-sprinklers.com\/IRRIGATION\/wp-json\/wp\/v2\/product_brand?post=674"},{"taxonomy":"product_cat","embeddable":true,"href":"https:\/\/rolland-sprinklers.com\/IRRIGATION\/wp-json\/wp\/v2\/product_cat?post=674"},{"taxonomy":"product_tag","embeddable":true,"href":"https:\/\/rolland-sprinklers.com\/IRRIGATION\/wp-json\/wp\/v2\/product_tag?post=674"}],"curies":[{"name":"wp","href":"https:\/\/api.w.org\/{rel}","templated":true}]}}