{"id":1980,"date":"2021-03-30T17:05:05","date_gmt":"2021-03-30T15:05:05","guid":{"rendered":"http:\/\/testrolland.justecordes.fr\/?product=arroseur-14atg-antigel"},"modified":"2025-04-03T14:02:25","modified_gmt":"2025-04-03T12:02:25","slug":"arroseur-14atg-antigel","status":"publish","type":"product","link":"https:\/\/rolland-sprinklers.com\/IRRIGATION\/produit\/arroseur-14atg-antigel\/","title":{"rendered":"Arroseur 14ATG Antigel"},"content":{"rendered":"<p>Sp\u00e9cialement \u00e9tudi\u00e9 pour la lutte anti-gel, le 14ATG offre l\u2019avantage d\u2019avoir un jet tr\u00e8s plat permettant son utilisation sous les filets anti-gr\u00eale.<\/p>\n<p><strong>Utilisations :<\/strong><\/p>\n<ul>\n<li>Verger<\/li>\n<li>Vigne<\/li>\n<li>Fruit rouge<\/li>\n<li>Arrosage en sur frondaison<\/li>\n<\/ul>\n<p><strong>Caract\u00e9ristiques techniques :<\/strong><\/p>\n<ul>\n<li>D\u00e9bit de 0.55 \u00e0 0.75 m3\/h<\/li>\n<li>Port\u00e9e de 9 m<\/li>\n<li>Pression de service de 2.8 \u00e0 4 bars<\/li>\n<li>Filetage 1\/2 \u00a0\u00bb m\u00e2le<\/li>\n<li>Angle du jet 7\u00b0<\/li>\n<li>Arroseur a impact en laiton<\/li>\n<\/ul>\n<p><img data-recalc-dims=\"1\" decoding=\"async\" class=\"alignnone wp-image-4392\" src=\"https:\/\/i0.wp.com\/www.rolland-sprinklers.com\/IRRIGATION\/wp-content\/uploads\/2022\/03\/Telechargement-fiche-technique.png?resize=205%2C45&#038;ssl=1\" alt=\"\" width=\"205\" height=\"45\" srcset=\"https:\/\/i0.wp.com\/www.rolland-sprinklers.com\/IRRIGATION\/wp-content\/uploads\/2022\/03\/Telechargement-fiche-technique.png?resize=300%2C66&amp;ssl=1 300w, https:\/\/i0.wp.com\/www.rolland-sprinklers.com\/IRRIGATION\/wp-content\/uploads\/2022\/03\/Telechargement-fiche-technique.png?resize=18%2C4&amp;ssl=1 18w, https:\/\/i0.wp.com\/www.rolland-sprinklers.com\/IRRIGATION\/wp-content\/uploads\/2022\/03\/Telechargement-fiche-technique.png?w=366&amp;ssl=1 366w\" sizes=\"(max-width: 205px) 100vw, 205px\" \/><a href=\"https:\/\/www.rolland-sprinklers.com\/IRRIGATION\/wp-content\/uploads\/2022\/02\/new-p16-14ATG-DIST-FR.pdf\" target=\"_blank\" rel=\"noopener\">Fiche technique<\/a><\/p>\n<p><a href=\"https:\/\/www.rolland-sprinklers.com\/IRRIGATION\/wp-content\/uploads\/2022\/07\/new-p14-Protection-ATG-FRb.pdf\" target=\"_blank\" rel=\"noopener\"><img data-recalc-dims=\"1\" decoding=\"async\" class=\"alignnone wp-image-4391\" src=\"https:\/\/i0.wp.com\/www.rolland-sprinklers.com\/IRRIGATION\/wp-content\/uploads\/2022\/03\/Telechargement-Fiche-commerciale.png?resize=203%2C44&#038;ssl=1\" alt=\"\" width=\"203\" height=\"44\" srcset=\"https:\/\/i0.wp.com\/www.rolland-sprinklers.com\/IRRIGATION\/wp-content\/uploads\/2022\/03\/Telechargement-Fiche-commerciale.png?resize=300%2C65&amp;ssl=1 300w, https:\/\/i0.wp.com\/www.rolland-sprinklers.com\/IRRIGATION\/wp-content\/uploads\/2022\/03\/Telechargement-Fiche-commerciale.png?resize=18%2C4&amp;ssl=1 18w, https:\/\/i0.wp.com\/www.rolland-sprinklers.com\/IRRIGATION\/wp-content\/uploads\/2022\/03\/Telechargement-Fiche-commerciale.png?resize=416%2C90&amp;ssl=1 416w, https:\/\/i0.wp.com\/www.rolland-sprinklers.com\/IRRIGATION\/wp-content\/uploads\/2022\/03\/Telechargement-Fiche-commerciale.png?w=570&amp;ssl=1 570w\" sizes=\"(max-width: 203px) 100vw, 203px\" \/>Principe de la lutte anti-gel<\/a><\/p>\n<p><img data-recalc-dims=\"1\" decoding=\"async\" class=\"alignnone wp-image-4396\" src=\"https:\/\/i0.wp.com\/www.rolland-sprinklers.com\/IRRIGATION\/wp-content\/uploads\/2022\/03\/Telechargement-Vue-Eclate-300x65.png?resize=203%2C44&#038;ssl=1\" alt=\"\" width=\"203\" height=\"44\" srcset=\"https:\/\/i0.wp.com\/www.rolland-sprinklers.com\/IRRIGATION\/wp-content\/uploads\/2022\/03\/Telechargement-Vue-Eclate.png?resize=300%2C65&amp;ssl=1 300w, https:\/\/i0.wp.com\/www.rolland-sprinklers.com\/IRRIGATION\/wp-content\/uploads\/2022\/03\/Telechargement-Vue-Eclate.png?resize=18%2C4&amp;ssl=1 18w, https:\/\/i0.wp.com\/www.rolland-sprinklers.com\/IRRIGATION\/wp-content\/uploads\/2022\/03\/Telechargement-Vue-Eclate.png?w=366&amp;ssl=1 366w\" sizes=\"(max-width: 203px) 100vw, 203px\" \/> <a href=\"http:\/\/www.rolland-sprinklers.com\/Fichiers\/Irrigation\/Arroseur 14 ATG.PDF\" target=\"blank\" rel=\"noopener\">Vue \u00e9clat\u00e9e<\/a><\/p>\n","protected":false},"excerpt":{"rendered":"<p>Sp\u00e9cialement \u00e9tudi\u00e9 pour la lutte anti-gel, le 14ATG offre l\u2019avantage d\u2019avoir un jet tr\u00e8s plat permettant son utilisation sous les filets anti-gr\u00eale. Utilisations : Verger Vigne Fruit rouge Arrosage en sur frondaison Caract\u00e9ristiques techniques : D\u00e9bit de 0.55 \u00e0 0.75 m3\/h Port\u00e9e de 9 m Pression de service de 2.8 \u00e0 4 bars Filetage 1\/2 [&hellip;]<\/p>\n","protected":false},"featured_media":1981,"template":"","meta":[],"product_brand":[],"product_cat":[156],"product_tag":[],"class_list":{"0":"post-1980","1":"product","2":"type-product","3":"status-publish","4":"has-post-thumbnail","6":"product_cat-antigel","7":"pa_1-choix-de-buse-motrice-817-o28","8":"pa_1-choix-de-buse-motrice-817-o3","10":"first","11":"instock","12":"taxable","13":"shipping-taxable","14":"purchasable","15":"product-type-variable"},"jetpack_sharing_enabled":true,"_links":{"self":[{"href":"https:\/\/rolland-sprinklers.com\/IRRIGATION\/wp-json\/wp\/v2\/product\/1980","targetHints":{"allow":["GET"]}}],"collection":[{"href":"https:\/\/rolland-sprinklers.com\/IRRIGATION\/wp-json\/wp\/v2\/product"}],"about":[{"href":"https:\/\/rolland-sprinklers.com\/IRRIGATION\/wp-json\/wp\/v2\/types\/product"}],"version-history":[{"count":19,"href":"https:\/\/rolland-sprinklers.com\/IRRIGATION\/wp-json\/wp\/v2\/product\/1980\/revisions"}],"predecessor-version":[{"id":8078,"href":"https:\/\/rolland-sprinklers.com\/IRRIGATION\/wp-json\/wp\/v2\/product\/1980\/revisions\/8078"}],"wp:featuredmedia":[{"embeddable":true,"href":"https:\/\/rolland-sprinklers.com\/IRRIGATION\/wp-json\/wp\/v2\/media\/1981"}],"wp:attachment":[{"href":"https:\/\/rolland-sprinklers.com\/IRRIGATION\/wp-json\/wp\/v2\/media?parent=1980"}],"wp:term":[{"taxonomy":"product_brand","embeddable":true,"href":"https:\/\/rolland-sprinklers.com\/IRRIGATION\/wp-json\/wp\/v2\/product_brand?post=1980"},{"taxonomy":"product_cat","embeddable":true,"href":"https:\/\/rolland-sprinklers.com\/IRRIGATION\/wp-json\/wp\/v2\/product_cat?post=1980"},{"taxonomy":"product_tag","embeddable":true,"href":"https:\/\/rolland-sprinklers.com\/IRRIGATION\/wp-json\/wp\/v2\/product_tag?post=1980"}],"curies":[{"name":"wp","href":"https:\/\/api.w.org\/{rel}","templated":true}]}}