{"id":1847,"date":"2017-09-05T09:49:26","date_gmt":"2017-09-05T09:49:26","guid":{"rendered":"http:\/\/testrolland.justecordes.fr\/?product=traineau-t12"},"modified":"2025-07-01T13:38:38","modified_gmt":"2025-07-01T11:38:38","slug":"traineau-t12","status":"publish","type":"product","link":"https:\/\/rolland-sprinklers.com\/IRRIGATION\/produit\/traineau-t12\/","title":{"rendered":"Traineau T12"},"content":{"rendered":"<div style=\"left: 194.833px; top: 666.089px; font-size: 16.6px; font-family: sans-serif; transform: scaleX(1.00332);\"><span style=\"font-size: 12px;\"><span style=\"font-family: arial,helvetica,sans-serif;\">Tra\u00eeneau en plastique de haute qualit\u00e9, r\u00e9sistant aux chocs, <\/span><\/span><span style=\"font-size: 12px;\"><span style=\"font-family: arial,helvetica,sans-serif;\">intemp\u00e9ries et UV.<\/span><\/span><\/div>\n<div style=\"left: 194.833px; top: 666.089px; font-size: 16.6px; font-family: sans-serif; transform: scaleX(1.00332);\"><span style=\"font-size: 12px;\"><span style=\"font-family: arial,helvetica,sans-serif;\">Masses m\u00e9talliques int\u00e9gr\u00e9es pour une tr\u00e8s grande stabilit\u00e9 <\/span><\/span><span style=\"font-size: 12px;\"><span style=\"font-family: arial,helvetica,sans-serif;\">sur toutes les surfaces.<\/span><\/span><\/div>\n<div><\/div>\n<div><strong>Caract\u00e9ristiques techniques<\/strong><\/div>\n<ul>\n<li><span style=\"font-size: 12px;\"><span style=\"font-family: arial,helvetica,sans-serif;\">Dimensions L x lg = 22,5 x 20 cm<\/span><\/span><\/li>\n<li><span style=\"font-size: 12px;\"><span style=\"font-family: arial,helvetica,sans-serif;\">Poids: 1 kg\u00a0 <\/span><\/span><\/li>\n<li><span style=\"font-size: 12px;\"><span style=\"font-family: arial,helvetica,sans-serif;\">Entr\u00e9e : connexion rapide<\/span><\/span><\/li>\n<li><span style=\"font-size: 12px;\"><span style=\"font-family: arial,helvetica,sans-serif;\">Sortie : 1\/2\u2019\u2019Femelle<\/span><\/span><\/li>\n<li><strong><span style=\"font-size: 12px;\"><span style=\"font-family: arial,helvetica,sans-serif;\">Fabriqu\u00e9 en France<\/span><\/span><\/strong><\/li>\n<\/ul>\n<p><img data-recalc-dims=\"1\" decoding=\"async\" class=\"alignnone wp-image-4392\" src=\"https:\/\/i0.wp.com\/www.rolland-sprinklers.com\/IRRIGATION\/wp-content\/uploads\/2022\/03\/Telechargement-fiche-technique.png?resize=205%2C45&#038;ssl=1\" alt=\"\" width=\"205\" height=\"45\" srcset=\"https:\/\/i0.wp.com\/www.rolland-sprinklers.com\/IRRIGATION\/wp-content\/uploads\/2022\/03\/Telechargement-fiche-technique.png?resize=300%2C66&amp;ssl=1 300w, https:\/\/i0.wp.com\/www.rolland-sprinklers.com\/IRRIGATION\/wp-content\/uploads\/2022\/03\/Telechargement-fiche-technique.png?resize=18%2C4&amp;ssl=1 18w, https:\/\/i0.wp.com\/www.rolland-sprinklers.com\/IRRIGATION\/wp-content\/uploads\/2022\/03\/Telechargement-fiche-technique.png?w=366&amp;ssl=1 366w\" sizes=\"(max-width: 205px) 100vw, 205px\" \/> <a href=\"https:\/\/www.rolland-sprinklers.com\/IRRIGATION\/wp-content\/uploads\/2025\/07\/p52-Traineau-FR.pdf\" target=\"_blank\" rel=\"noopener\">Fiche technique<\/a><\/p>\n","protected":false},"excerpt":{"rendered":"<p>Tra\u00eeneau en plastique de haute qualit\u00e9, r\u00e9sistant aux chocs, intemp\u00e9ries et UV. Masses m\u00e9talliques int\u00e9gr\u00e9es pour une tr\u00e8s grande stabilit\u00e9 sur toutes les surfaces. Caract\u00e9ristiques techniques Dimensions L x lg = 22,5 x 20 cm Poids: 1 kg\u00a0 Entr\u00e9e : connexion rapide Sortie : 1\/2\u2019\u2019Femelle Fabriqu\u00e9 en France Fiche technique<\/p>\n","protected":false},"featured_media":1848,"template":"","meta":[],"product_brand":[],"product_cat":[206],"product_tag":[],"class_list":{"0":"post-1847","1":"product","2":"type-product","3":"status-publish","4":"has-post-thumbnail","6":"product_cat-traineaux-supports","8":"first","9":"instock","10":"taxable","11":"shipping-taxable","12":"purchasable","13":"product-type-simple"},"jetpack_sharing_enabled":true,"_links":{"self":[{"href":"https:\/\/rolland-sprinklers.com\/IRRIGATION\/wp-json\/wp\/v2\/product\/1847","targetHints":{"allow":["GET"]}}],"collection":[{"href":"https:\/\/rolland-sprinklers.com\/IRRIGATION\/wp-json\/wp\/v2\/product"}],"about":[{"href":"https:\/\/rolland-sprinklers.com\/IRRIGATION\/wp-json\/wp\/v2\/types\/product"}],"version-history":[{"count":5,"href":"https:\/\/rolland-sprinklers.com\/IRRIGATION\/wp-json\/wp\/v2\/product\/1847\/revisions"}],"predecessor-version":[{"id":4840,"href":"https:\/\/rolland-sprinklers.com\/IRRIGATION\/wp-json\/wp\/v2\/product\/1847\/revisions\/4840"}],"wp:featuredmedia":[{"embeddable":true,"href":"https:\/\/rolland-sprinklers.com\/IRRIGATION\/wp-json\/wp\/v2\/media\/1848"}],"wp:attachment":[{"href":"https:\/\/rolland-sprinklers.com\/IRRIGATION\/wp-json\/wp\/v2\/media?parent=1847"}],"wp:term":[{"taxonomy":"product_brand","embeddable":true,"href":"https:\/\/rolland-sprinklers.com\/IRRIGATION\/wp-json\/wp\/v2\/product_brand?post=1847"},{"taxonomy":"product_cat","embeddable":true,"href":"https:\/\/rolland-sprinklers.com\/IRRIGATION\/wp-json\/wp\/v2\/product_cat?post=1847"},{"taxonomy":"product_tag","embeddable":true,"href":"https:\/\/rolland-sprinklers.com\/IRRIGATION\/wp-json\/wp\/v2\/product_tag?post=1847"}],"curies":[{"name":"wp","href":"https:\/\/api.w.org\/{rel}","templated":true}]}}