{"id":1815,"date":"2017-04-13T09:56:08","date_gmt":"2017-04-13T09:56:08","guid":{"rendered":"http:\/\/testrolland.justecordes.fr\/?product=anneau-1124"},"modified":"2025-04-03T13:45:14","modified_gmt":"2025-04-03T11:45:14","slug":"anneau-1124","status":"publish","type":"product","link":"https:\/\/rolland-sprinklers.com\/IRRIGATION\/produit\/anneau-1124\/","title":{"rendered":"Anneau 11.24"},"content":{"rendered":"<p>Pour arroseur 11S :\u00a0 2 anneaux par arroseur.<\/p>\n<p>Montage : \u00e9carter les deux \u00e9xtr\u00e9mit\u00e9s de l&rsquo;anneau avec 2 tubes et l&rsquo;ins\u00e9rer sur le moyeu de l&rsquo;arroseur.<\/p>\n<p><span style=\"color: #ff0000;\">Anneau vendu \u00e0 l&rsquo;unit\u00e9.<\/span><\/p>\n","protected":false},"excerpt":{"rendered":"<p>Pour arroseur 11S :\u00a0 2 anneaux par arroseur. Montage : \u00e9carter les deux \u00e9xtr\u00e9mit\u00e9s de l&rsquo;anneau avec 2 tubes et l&rsquo;ins\u00e9rer sur le moyeu de l&rsquo;arroseur. Anneau vendu \u00e0 l&rsquo;unit\u00e9.<\/p>\n","protected":false},"featured_media":1816,"template":"","meta":[],"product_brand":[],"product_cat":[197,378],"product_tag":[],"class_list":{"0":"post-1815","1":"product","2":"type-product","3":"status-publish","4":"has-post-thumbnail","6":"product_cat-pieces-detachees","7":"product_cat-anneaux","9":"first","10":"instock","11":"taxable","12":"shipping-taxable","13":"purchasable","14":"product-type-simple"},"jetpack_sharing_enabled":true,"_links":{"self":[{"href":"https:\/\/rolland-sprinklers.com\/IRRIGATION\/wp-json\/wp\/v2\/product\/1815","targetHints":{"allow":["GET"]}}],"collection":[{"href":"https:\/\/rolland-sprinklers.com\/IRRIGATION\/wp-json\/wp\/v2\/product"}],"about":[{"href":"https:\/\/rolland-sprinklers.com\/IRRIGATION\/wp-json\/wp\/v2\/types\/product"}],"version-history":[{"count":2,"href":"https:\/\/rolland-sprinklers.com\/IRRIGATION\/wp-json\/wp\/v2\/product\/1815\/revisions"}],"predecessor-version":[{"id":4630,"href":"https:\/\/rolland-sprinklers.com\/IRRIGATION\/wp-json\/wp\/v2\/product\/1815\/revisions\/4630"}],"wp:featuredmedia":[{"embeddable":true,"href":"https:\/\/rolland-sprinklers.com\/IRRIGATION\/wp-json\/wp\/v2\/media\/1816"}],"wp:attachment":[{"href":"https:\/\/rolland-sprinklers.com\/IRRIGATION\/wp-json\/wp\/v2\/media?parent=1815"}],"wp:term":[{"taxonomy":"product_brand","embeddable":true,"href":"https:\/\/rolland-sprinklers.com\/IRRIGATION\/wp-json\/wp\/v2\/product_brand?post=1815"},{"taxonomy":"product_cat","embeddable":true,"href":"https:\/\/rolland-sprinklers.com\/IRRIGATION\/wp-json\/wp\/v2\/product_cat?post=1815"},{"taxonomy":"product_tag","embeddable":true,"href":"https:\/\/rolland-sprinklers.com\/IRRIGATION\/wp-json\/wp\/v2\/product_tag?post=1815"}],"curies":[{"name":"wp","href":"https:\/\/api.w.org\/{rel}","templated":true}]}}