{"id":1745,"date":"2016-03-10T13:45:56","date_gmt":"2016-03-10T13:45:56","guid":{"rendered":"http:\/\/testrolland.justecordes.fr\/?product=collier-de-serrage-o5-a-7"},"modified":"2025-04-03T13:45:07","modified_gmt":"2025-04-03T11:45:07","slug":"collier-de-serrage-o5-a-7-1","status":"publish","type":"product","link":"https:\/\/rolland-sprinklers.com\/IRRIGATION\/produit\/collier-de-serrage-o5-a-7-1\/","title":{"rendered":"Collier de serrage \u00d85 \u00e0 7"},"content":{"rendered":"<p><span id=\"texte_description_fiche_produit\" style=\"display: block; text-align: left;\"><span id=\"texte_description_fiche_produit\" style=\"display: block; text-align: left;\">Les colliers de serrages en acier zingu\u00e9 permettent d&rsquo;obtenir un couple de serrage important.<br \/>\nIls sont tr\u00e8s r\u00e9sistants \u00e0 la corrosion et existent en plusieurs tailles.<\/span><\/span><span id=\"texte_description_fiche_produit\" style=\"display: block; text-align: left;\"><span id=\"texte_description_fiche_produit\" style=\"display: block; text-align: left;\">\u00d8 collier de serrage = \u00d8 exterieur du tuyau \u00e0 sertir + 1mm<\/span><\/span><\/p>\n<p>(Colliers de serrage \u00d85-7 pour fixation tube souple micro Rolland Ref.TSMA \u00d84-6)<\/p>\n<p>&nbsp;<\/p>\n<p><span id=\"texte_description_fiche_produit\" style=\"display: block; text-align: left;\"><span id=\"texte_description_fiche_produit\" style=\"display: block; text-align: left;\"><span style=\"font-weight: bold;\">MONTAGE DU COLLIER DE SERRAGE :<\/span><\/span><\/span><\/p>\n<p>Introduire le tuyau entre le collier et la pi\u00e8ce \u00e0 sertir ( raccords cannel\u00e9s plastiques, aciers&#8230;).<br \/>\nSerrer progressivement les oreilles du collier, en 4 op\u00e9rations successives, \u00e0 l\u2019aide d&rsquo;une pince tenaille.<\/p>\n","protected":false},"excerpt":{"rendered":"<p>Les colliers de serrages en acier zingu\u00e9 permettent d&rsquo;obtenir un couple de serrage important. Ils sont tr\u00e8s r\u00e9sistants \u00e0 la corrosion et existent en plusieurs tailles.\u00d8 collier de serrage = \u00d8 exterieur du tuyau \u00e0 sertir + 1mm (Colliers de serrage \u00d85-7 pour fixation tube souple micro Rolland Ref.TSMA \u00d84-6) &nbsp; MONTAGE DU COLLIER DE [&hellip;]<\/p>\n","protected":false},"featured_media":1746,"template":"","meta":[],"product_brand":[],"product_cat":[157],"product_tag":[],"class_list":{"0":"post-1745","1":"product","2":"type-product","3":"status-publish","4":"has-post-thumbnail","6":"product_cat-micro-aspersion-goutteur","8":"first","9":"instock","10":"taxable","11":"shipping-taxable","12":"purchasable","13":"product-type-simple"},"jetpack_sharing_enabled":true,"_links":{"self":[{"href":"https:\/\/rolland-sprinklers.com\/IRRIGATION\/wp-json\/wp\/v2\/product\/1745","targetHints":{"allow":["GET"]}}],"collection":[{"href":"https:\/\/rolland-sprinklers.com\/IRRIGATION\/wp-json\/wp\/v2\/product"}],"about":[{"href":"https:\/\/rolland-sprinklers.com\/IRRIGATION\/wp-json\/wp\/v2\/types\/product"}],"version-history":[{"count":1,"href":"https:\/\/rolland-sprinklers.com\/IRRIGATION\/wp-json\/wp\/v2\/product\/1745\/revisions"}],"predecessor-version":[{"id":8497,"href":"https:\/\/rolland-sprinklers.com\/IRRIGATION\/wp-json\/wp\/v2\/product\/1745\/revisions\/8497"}],"wp:featuredmedia":[{"embeddable":true,"href":"https:\/\/rolland-sprinklers.com\/IRRIGATION\/wp-json\/wp\/v2\/media\/1746"}],"wp:attachment":[{"href":"https:\/\/rolland-sprinklers.com\/IRRIGATION\/wp-json\/wp\/v2\/media?parent=1745"}],"wp:term":[{"taxonomy":"product_brand","embeddable":true,"href":"https:\/\/rolland-sprinklers.com\/IRRIGATION\/wp-json\/wp\/v2\/product_brand?post=1745"},{"taxonomy":"product_cat","embeddable":true,"href":"https:\/\/rolland-sprinklers.com\/IRRIGATION\/wp-json\/wp\/v2\/product_cat?post=1745"},{"taxonomy":"product_tag","embeddable":true,"href":"https:\/\/rolland-sprinklers.com\/IRRIGATION\/wp-json\/wp\/v2\/product_tag?post=1745"}],"curies":[{"name":"wp","href":"https:\/\/api.w.org\/{rel}","templated":true}]}}