{"id":1699,"date":"2015-09-02T11:50:46","date_gmt":"2015-09-02T09:50:46","guid":{"rendered":"http:\/\/testrolland.justecordes.fr\/?product=canon-yk32-circulaire-secteur"},"modified":"2025-04-03T13:45:01","modified_gmt":"2025-04-03T11:45:01","slug":"canon-yk32-circulaire-secteur","status":"publish","type":"product","link":"https:\/\/rolland-sprinklers.com\/IRRIGATION\/produit\/canon-yk32-circulaire-secteur\/","title":{"rendered":"Canon YK32 circulaire \/ secteur"},"content":{"rendered":"<p>Le plus compact des canons,<br \/>\nretour lent, vitesse de rotation constante, m\u00e9canisme \u00e0 turbine, circulaire ou secteur, mod\u00e8le sp\u00e9cial pour eaux charg\u00e9es, \u2026<br \/>\nSon syst\u00e8me \u00e0 turbine permet le montage sur un quadripode.<\/p>\n<p><strong>Utilisations :<\/strong><\/p>\n<ul>\n<li>Hippodromes<\/li>\n<li>Carri\u00e8res \u00e9questre<\/li>\n<li>Terrains de sports<\/li>\n<li>Grandes cultures<\/li>\n<\/ul>\n<p><strong>Caract\u00e9ristiques techniques :<\/strong><\/p>\n<ul>\n<li>D\u00e9bit de 6,5 \u00e0 48.5 m3\/h<\/li>\n<li>Port\u00e9e de 19 \u00e0 46 m<\/li>\n<li>Pression de service de 2 \u00e0 7 bars<\/li>\n<li>Filetage 2&Prime; Femelle<\/li>\n<li>Angle du jet: 25\u00b0<\/li>\n<\/ul>\n<p><img data-recalc-dims=\"1\" decoding=\"async\" class=\"alignnone  wp-image-4392\" src=\"https:\/\/i0.wp.com\/www.rolland-sprinklers.com\/IRRIGATION\/wp-content\/uploads\/2022\/03\/Telechargement-fiche-technique.png?resize=205%2C45&#038;ssl=1\" alt=\"\" width=\"205\" height=\"45\" srcset=\"https:\/\/i0.wp.com\/www.rolland-sprinklers.com\/IRRIGATION\/wp-content\/uploads\/2022\/03\/Telechargement-fiche-technique.png?resize=300%2C66&amp;ssl=1 300w, https:\/\/i0.wp.com\/www.rolland-sprinklers.com\/IRRIGATION\/wp-content\/uploads\/2022\/03\/Telechargement-fiche-technique.png?resize=18%2C4&amp;ssl=1 18w, https:\/\/i0.wp.com\/www.rolland-sprinklers.com\/IRRIGATION\/wp-content\/uploads\/2022\/03\/Telechargement-fiche-technique.png?w=366&amp;ssl=1 366w\" sizes=\"(max-width: 205px) 100vw, 205px\" \/> <a href=\"http:\/\/www.rolland-sprinklers.com\/Fichiers\/Irrigation\/p30-YK32FR-DIST.pdf\" target=\"blank\" rel=\"noopener\">Fiche technique YK32<\/a><\/p>\n<p>&nbsp;<\/p>\n","protected":false},"excerpt":{"rendered":"<p>Le plus compact des canons, retour lent, vitesse de rotation constante, m\u00e9canisme \u00e0 turbine, circulaire ou secteur, mod\u00e8le sp\u00e9cial pour eaux charg\u00e9es, \u2026 Son syst\u00e8me \u00e0 turbine permet le montage sur un quadripode. Utilisations : Hippodromes Carri\u00e8res \u00e9questre Terrains de sports Grandes cultures Caract\u00e9ristiques techniques : D\u00e9bit de 6,5 \u00e0 48.5 m3\/h Port\u00e9e de 19 [&hellip;]<\/p>\n","protected":false},"featured_media":1700,"template":"","meta":[],"product_brand":[],"product_cat":[158,362],"product_tag":[],"class_list":{"0":"post-1699","1":"product","2":"type-product","3":"status-publish","4":"has-post-thumbnail","6":"product_cat-canons","7":"product_cat-produits-non-disponibles-en-ligne","9":"first","10":"outofstock","11":"taxable","12":"shipping-taxable","13":"product-type-simple"},"jetpack_sharing_enabled":true,"_links":{"self":[{"href":"https:\/\/rolland-sprinklers.com\/IRRIGATION\/wp-json\/wp\/v2\/product\/1699","targetHints":{"allow":["GET"]}}],"collection":[{"href":"https:\/\/rolland-sprinklers.com\/IRRIGATION\/wp-json\/wp\/v2\/product"}],"about":[{"href":"https:\/\/rolland-sprinklers.com\/IRRIGATION\/wp-json\/wp\/v2\/types\/product"}],"version-history":[{"count":3,"href":"https:\/\/rolland-sprinklers.com\/IRRIGATION\/wp-json\/wp\/v2\/product\/1699\/revisions"}],"predecessor-version":[{"id":4824,"href":"https:\/\/rolland-sprinklers.com\/IRRIGATION\/wp-json\/wp\/v2\/product\/1699\/revisions\/4824"}],"wp:featuredmedia":[{"embeddable":true,"href":"https:\/\/rolland-sprinklers.com\/IRRIGATION\/wp-json\/wp\/v2\/media\/1700"}],"wp:attachment":[{"href":"https:\/\/rolland-sprinklers.com\/IRRIGATION\/wp-json\/wp\/v2\/media?parent=1699"}],"wp:term":[{"taxonomy":"product_brand","embeddable":true,"href":"https:\/\/rolland-sprinklers.com\/IRRIGATION\/wp-json\/wp\/v2\/product_brand?post=1699"},{"taxonomy":"product_cat","embeddable":true,"href":"https:\/\/rolland-sprinklers.com\/IRRIGATION\/wp-json\/wp\/v2\/product_cat?post=1699"},{"taxonomy":"product_tag","embeddable":true,"href":"https:\/\/rolland-sprinklers.com\/IRRIGATION\/wp-json\/wp\/v2\/product_tag?post=1699"}],"curies":[{"name":"wp","href":"https:\/\/api.w.org\/{rel}","templated":true}]}}