{"id":1611,"date":"2015-06-29T11:36:07","date_gmt":"2015-06-29T11:36:07","guid":{"rendered":"http:\/\/testrolland.justecordes.fr\/?product=kit-secteur-20s"},"modified":"2025-04-03T13:44:44","modified_gmt":"2025-04-03T11:44:44","slug":"kit-secteur-20s-1","status":"publish","type":"product","link":"https:\/\/rolland-sprinklers.com\/IRRIGATION\/produit\/kit-secteur-20s-1\/","title":{"rendered":"Kit secteur 20S"},"content":{"rendered":"<p>Permet de transformer tres simplement un arroseur 20 Circulaire en un arroseur \u00e0 secteur. Kit secteur interchangeable brevet\u00e9 se fixant tr\u00e8s rapidement dans l&#8217;emplacement de la buse arri\u00e8re (ou bouchon) pour un montage \/ d\u00e9montage rapide. Combin\u00e9 avec des arroseurs plein cercle, il permet d&rsquo;irriguer uniquement une zone bien d\u00e9fini et donc de ne pas gaspiller d&rsquo;eau.<\/p>\n<p><strong>Utilisations :<\/strong><\/p>\n<ul>\n<li>Irrigation des bordures de champs, d\u00e9but ou fin de ligne<\/li>\n<li>A utiliser avec arroseur 20<\/li>\n<\/ul>\n<p><strong>Caract\u00e9ristiques techniques :<\/strong><\/p>\n<ul>\n<li>Mati\u00e8re: plastique tr\u00e8s r\u00e9sistant aux rayons UV et aux produits chimiques.<\/li>\n<li>Fixation ba\u00efonnettes (1\/4 de tour)<\/li>\n<li><cite>Syst\u00e8me brevet\u00e9 ROLLAND arroseurs\/sprinklers<br \/>\n<\/cite><\/li>\n<\/ul>\n<p><img data-recalc-dims=\"1\" decoding=\"async\" class=\"alignnone wp-image-4393\" src=\"https:\/\/i0.wp.com\/www.rolland-sprinklers.com\/IRRIGATION\/wp-content\/uploads\/2022\/03\/Telechargement-Notice-de-montage.png?resize=203%2C44&#038;ssl=1\" alt=\"\" width=\"203\" height=\"44\" srcset=\"https:\/\/i0.wp.com\/www.rolland-sprinklers.com\/IRRIGATION\/wp-content\/uploads\/2022\/03\/Telechargement-Notice-de-montage.png?resize=300%2C65&amp;ssl=1 300w, https:\/\/i0.wp.com\/www.rolland-sprinklers.com\/IRRIGATION\/wp-content\/uploads\/2022\/03\/Telechargement-Notice-de-montage.png?resize=18%2C4&amp;ssl=1 18w, https:\/\/i0.wp.com\/www.rolland-sprinklers.com\/IRRIGATION\/wp-content\/uploads\/2022\/03\/Telechargement-Notice-de-montage.png?w=366&amp;ssl=1 366w\" sizes=\"(max-width: 203px) 100vw, 203px\" \/> <a href=\"https:\/\/www.rolland-sprinklers.com\/IRRIGATION\/wp-content\/uploads\/2022\/07\/Notice-montage-KIT12S-KIT20S.png\" target=\"_blank\" rel=\"noopener\">Notice de montage KIT20S \/ KIT12S<\/a><\/p>\n<p>&nbsp;<\/p>\n","protected":false},"excerpt":{"rendered":"<p>Permet de transformer tres simplement un arroseur 20 Circulaire en un arroseur \u00e0 secteur. Kit secteur interchangeable brevet\u00e9 se fixant tr\u00e8s rapidement dans l&#8217;emplacement de la buse arri\u00e8re (ou bouchon) pour un montage \/ d\u00e9montage rapide. Combin\u00e9 avec des arroseurs plein cercle, il permet d&rsquo;irriguer uniquement une zone bien d\u00e9fini et donc de ne pas [&hellip;]<\/p>\n","protected":false},"featured_media":1612,"template":"","meta":[],"product_brand":[],"product_cat":[154],"product_tag":[],"class_list":{"0":"post-1611","1":"product","2":"type-product","3":"status-publish","4":"has-post-thumbnail","6":"product_cat-arroseurs-de-surface","8":"first","9":"instock","10":"taxable","11":"shipping-taxable","12":"purchasable","13":"product-type-simple"},"jetpack_sharing_enabled":true,"_links":{"self":[{"href":"https:\/\/rolland-sprinklers.com\/IRRIGATION\/wp-json\/wp\/v2\/product\/1611","targetHints":{"allow":["GET"]}}],"collection":[{"href":"https:\/\/rolland-sprinklers.com\/IRRIGATION\/wp-json\/wp\/v2\/product"}],"about":[{"href":"https:\/\/rolland-sprinklers.com\/IRRIGATION\/wp-json\/wp\/v2\/types\/product"}],"version-history":[{"count":3,"href":"https:\/\/rolland-sprinklers.com\/IRRIGATION\/wp-json\/wp\/v2\/product\/1611\/revisions"}],"predecessor-version":[{"id":4815,"href":"https:\/\/rolland-sprinklers.com\/IRRIGATION\/wp-json\/wp\/v2\/product\/1611\/revisions\/4815"}],"wp:featuredmedia":[{"embeddable":true,"href":"https:\/\/rolland-sprinklers.com\/IRRIGATION\/wp-json\/wp\/v2\/media\/1612"}],"wp:attachment":[{"href":"https:\/\/rolland-sprinklers.com\/IRRIGATION\/wp-json\/wp\/v2\/media?parent=1611"}],"wp:term":[{"taxonomy":"product_brand","embeddable":true,"href":"https:\/\/rolland-sprinklers.com\/IRRIGATION\/wp-json\/wp\/v2\/product_brand?post=1611"},{"taxonomy":"product_cat","embeddable":true,"href":"https:\/\/rolland-sprinklers.com\/IRRIGATION\/wp-json\/wp\/v2\/product_cat?post=1611"},{"taxonomy":"product_tag","embeddable":true,"href":"https:\/\/rolland-sprinklers.com\/IRRIGATION\/wp-json\/wp\/v2\/product_tag?post=1611"}],"curies":[{"name":"wp","href":"https:\/\/api.w.org\/{rel}","templated":true}]}}