{"id":1607,"date":"2015-06-22T13:49:36","date_gmt":"2015-06-22T11:49:36","guid":{"rendered":"http:\/\/testrolland.justecordes.fr\/?product=canon-yk65-circulaire-secteur"},"modified":"2025-04-03T13:44:44","modified_gmt":"2025-04-03T11:44:44","slug":"canon-yk65-circulaire-secteur","status":"publish","type":"product","link":"https:\/\/rolland-sprinklers.com\/IRRIGATION\/produit\/canon-yk65-circulaire-secteur\/","title":{"rendered":"Canon YK65 circulaire \/ secteur"},"content":{"rendered":"<p>Canon avec m\u00e9canisme \u00e0 turbine. Vitesse de rotation constante (all\u00e9 et retour), arrosage circulaire ou \u00e0 secteur, \u2026 .<br \/>\nSon syst\u00e8me \u00e0 turbine ( pas de vibration) permet le montage sur un quadripode.<\/p>\n<p><strong>Caract\u00e9ristiques techniques :<\/strong><\/p>\n<ul>\n<li>D\u00e9bit de 28 \u00e0 108.8 m3\/h<\/li>\n<li>Port\u00e9e de 34 \u00e0 66 m<\/li>\n<li>Pression de service de 3 \u00e0 7 bars<\/li>\n<li>Filetage 2,5&Prime; Femelle<\/li>\n<li>Angle du jet: 25\u00b0.<\/li>\n<\/ul>\n<p><img data-recalc-dims=\"1\" decoding=\"async\" class=\"alignnone wp-image-4392\" src=\"https:\/\/i0.wp.com\/www.rolland-sprinklers.com\/IRRIGATION\/wp-content\/uploads\/2022\/03\/Telechargement-fiche-technique.png?resize=205%2C45&#038;ssl=1\" alt=\"\" width=\"205\" height=\"45\" srcset=\"https:\/\/i0.wp.com\/www.rolland-sprinklers.com\/IRRIGATION\/wp-content\/uploads\/2022\/03\/Telechargement-fiche-technique.png?resize=300%2C66&amp;ssl=1 300w, https:\/\/i0.wp.com\/www.rolland-sprinklers.com\/IRRIGATION\/wp-content\/uploads\/2022\/03\/Telechargement-fiche-technique.png?resize=18%2C4&amp;ssl=1 18w, https:\/\/i0.wp.com\/www.rolland-sprinklers.com\/IRRIGATION\/wp-content\/uploads\/2022\/03\/Telechargement-fiche-technique.png?w=366&amp;ssl=1 366w\" sizes=\"(max-width: 205px) 100vw, 205px\" \/> <a href=\"http:\/\/www.rolland-sprinklers.com\/Fichiers\/Irrigation\/p34-YK65FR-DIST.pdf\" target=\"blank\" rel=\"noopener\">Fiche technique YK65<\/a><\/p>\n<p>&nbsp;<\/p>\n","protected":false},"excerpt":{"rendered":"<p>Canon avec m\u00e9canisme \u00e0 turbine. Vitesse de rotation constante (all\u00e9 et retour), arrosage circulaire ou \u00e0 secteur, \u2026 . Son syst\u00e8me \u00e0 turbine ( pas de vibration) permet le montage sur un quadripode. Caract\u00e9ristiques techniques : D\u00e9bit de 28 \u00e0 108.8 m3\/h Port\u00e9e de 34 \u00e0 66 m Pression de service de 3 \u00e0 7 [&hellip;]<\/p>\n","protected":false},"featured_media":1608,"template":"","meta":[],"product_brand":[],"product_cat":[366],"product_tag":[],"class_list":{"0":"post-1607","1":"product","2":"type-product","3":"status-publish","4":"has-post-thumbnail","6":"product_cat-non-classe","8":"first","9":"outofstock","10":"taxable","11":"shipping-taxable","12":"purchasable","13":"product-type-simple"},"jetpack_sharing_enabled":true,"_links":{"self":[{"href":"https:\/\/rolland-sprinklers.com\/IRRIGATION\/wp-json\/wp\/v2\/product\/1607","targetHints":{"allow":["GET"]}}],"collection":[{"href":"https:\/\/rolland-sprinklers.com\/IRRIGATION\/wp-json\/wp\/v2\/product"}],"about":[{"href":"https:\/\/rolland-sprinklers.com\/IRRIGATION\/wp-json\/wp\/v2\/types\/product"}],"version-history":[{"count":3,"href":"https:\/\/rolland-sprinklers.com\/IRRIGATION\/wp-json\/wp\/v2\/product\/1607\/revisions"}],"predecessor-version":[{"id":4830,"href":"https:\/\/rolland-sprinklers.com\/IRRIGATION\/wp-json\/wp\/v2\/product\/1607\/revisions\/4830"}],"wp:featuredmedia":[{"embeddable":true,"href":"https:\/\/rolland-sprinklers.com\/IRRIGATION\/wp-json\/wp\/v2\/media\/1608"}],"wp:attachment":[{"href":"https:\/\/rolland-sprinklers.com\/IRRIGATION\/wp-json\/wp\/v2\/media?parent=1607"}],"wp:term":[{"taxonomy":"product_brand","embeddable":true,"href":"https:\/\/rolland-sprinklers.com\/IRRIGATION\/wp-json\/wp\/v2\/product_brand?post=1607"},{"taxonomy":"product_cat","embeddable":true,"href":"https:\/\/rolland-sprinklers.com\/IRRIGATION\/wp-json\/wp\/v2\/product_cat?post=1607"},{"taxonomy":"product_tag","embeddable":true,"href":"https:\/\/rolland-sprinklers.com\/IRRIGATION\/wp-json\/wp\/v2\/product_tag?post=1607"}],"curies":[{"name":"wp","href":"https:\/\/api.w.org\/{rel}","templated":true}]}}