{"id":1597,"date":"2015-06-19T15:42:32","date_gmt":"2015-06-19T13:42:32","guid":{"rendered":"http:\/\/testrolland.justecordes.fr\/?product=canon-yk50t-circulaire-secteur"},"modified":"2026-04-20T14:55:16","modified_gmt":"2026-04-20T12:55:16","slug":"canon-yk50t-circulaire-secteur","status":"publish","type":"product","link":"https:\/\/rolland-sprinklers.com\/IRRIGATION\/produit\/canon-yk50t-circulaire-secteur\/","title":{"rendered":"Canon YK50T sp\u00e9cial eaux sales\/charg\u00e9es"},"content":{"rendered":"<p>Le canon ROLLAND dans sa version \u2019\u2019YK50<strong>T<\/strong>\u2019\u2019 \u00e0 <strong>sp\u00e9cialement \u00e9t\u00e9 \u00e9tudi\u00e9 pour \u00eatre utilis\u00e9 avec des eaux sales ou charg\u00e9es<\/strong>.<br \/>\nL&rsquo;usage d&rsquo;une buse unique pour son fonctionnent ainsi que le design int\u00e9rieur de f\u00fbt du canon sont pr\u00e9vus pour limiter les risques de bouchage.<br \/>\nL\u2019excellente r\u00e9partition d\u2019arrosage sur toute la longueur permet d\u2019utiliser le canon sur diff\u00e9rents types de surfaces agricoles ou industrielles.<br \/>\nSon syst\u00e8me \u00e0 turbine permet le montage sur un quadripode.<\/p>\n<p><strong>Caract\u00e9ristiques techniques :<\/strong><\/p>\n<ul>\n<li>D\u00e9bit de 13,2 \u00e0 53,1 m3\/h<\/li>\n<li>Port\u00e9e de 24 \u00e0 47 m<\/li>\n<li>Pression de service de 2 \u00e0 6 bars<\/li>\n<li>Filetage 2&Prime; femelle<\/li>\n<li>Angle du jet: 25\u00b0<\/li>\n<\/ul>\n<p><img data-recalc-dims=\"1\" decoding=\"async\" class=\"alignnone wp-image-4392\" src=\"https:\/\/i0.wp.com\/www.rolland-sprinklers.com\/IRRIGATION\/wp-content\/uploads\/2022\/03\/Telechargement-fiche-technique.png?resize=205%2C45&#038;ssl=1\" alt=\"\" width=\"205\" height=\"45\" srcset=\"https:\/\/i0.wp.com\/www.rolland-sprinklers.com\/IRRIGATION\/wp-content\/uploads\/2022\/03\/Telechargement-fiche-technique.png?resize=300%2C66&amp;ssl=1 300w, https:\/\/i0.wp.com\/www.rolland-sprinklers.com\/IRRIGATION\/wp-content\/uploads\/2022\/03\/Telechargement-fiche-technique.png?resize=18%2C4&amp;ssl=1 18w, https:\/\/i0.wp.com\/www.rolland-sprinklers.com\/IRRIGATION\/wp-content\/uploads\/2022\/03\/Telechargement-fiche-technique.png?w=366&amp;ssl=1 366w\" sizes=\"(max-width: 205px) 100vw, 205px\" \/> <a href=\"https:\/\/www.rolland-sprinklers.com\/IRRIGATION\/wp-content\/uploads\/2023\/05\/p34-YK50T-FR-V2.pdf\" target=\"_blank\" rel=\"noopener\">Fiche technique YK50T<\/a><\/p>\n<p><img data-recalc-dims=\"1\" decoding=\"async\" class=\"alignnone wp-image-4391\" src=\"https:\/\/i0.wp.com\/www.rolland-sprinklers.com\/IRRIGATION\/wp-content\/uploads\/2022\/03\/Telechargement-Fiche-commerciale.png?resize=203%2C44&#038;ssl=1\" alt=\"\" width=\"203\" height=\"44\" srcset=\"https:\/\/i0.wp.com\/www.rolland-sprinklers.com\/IRRIGATION\/wp-content\/uploads\/2022\/03\/Telechargement-Fiche-commerciale.png?resize=300%2C65&amp;ssl=1 300w, https:\/\/i0.wp.com\/www.rolland-sprinklers.com\/IRRIGATION\/wp-content\/uploads\/2022\/03\/Telechargement-Fiche-commerciale.png?resize=18%2C4&amp;ssl=1 18w, https:\/\/i0.wp.com\/www.rolland-sprinklers.com\/IRRIGATION\/wp-content\/uploads\/2022\/03\/Telechargement-Fiche-commerciale.png?resize=416%2C90&amp;ssl=1 416w, https:\/\/i0.wp.com\/www.rolland-sprinklers.com\/IRRIGATION\/wp-content\/uploads\/2022\/03\/Telechargement-Fiche-commerciale.png?w=570&amp;ssl=1 570w\" sizes=\"(max-width: 203px) 100vw, 203px\" \/> <a href=\"https:\/\/www.rolland-sprinklers.com\/IRRIGATION\/wp-content\/uploads\/2023\/05\/p33-Pub-canon-YK50T-FR-V2.pdf\" target=\"_blank\" rel=\"noopener\">Documentation YK50T<\/a><\/p>\n","protected":false},"excerpt":{"rendered":"<p>Le canon ROLLAND dans sa version \u2019\u2019YK50T\u2019\u2019 \u00e0 sp\u00e9cialement \u00e9t\u00e9 \u00e9tudi\u00e9 pour \u00eatre utilis\u00e9 avec des eaux sales ou charg\u00e9es. L&rsquo;usage d&rsquo;une buse unique pour son fonctionnent ainsi que le design int\u00e9rieur de f\u00fbt du canon sont pr\u00e9vus pour limiter les risques de bouchage. L\u2019excellente r\u00e9partition d\u2019arrosage sur toute la longueur permet d\u2019utiliser le canon [&hellip;]<\/p>\n","protected":false},"featured_media":1598,"template":"","meta":[],"product_brand":[],"product_cat":[158,362],"product_tag":[],"class_list":{"0":"post-1597","1":"product","2":"type-product","3":"status-publish","4":"has-post-thumbnail","6":"product_cat-canons","7":"product_cat-produits-non-disponibles-en-ligne","9":"first","10":"outofstock","11":"taxable","12":"shipping-taxable","13":"purchasable","14":"product-type-simple"},"jetpack_sharing_enabled":true,"_links":{"self":[{"href":"https:\/\/rolland-sprinklers.com\/IRRIGATION\/wp-json\/wp\/v2\/product\/1597","targetHints":{"allow":["GET"]}}],"collection":[{"href":"https:\/\/rolland-sprinklers.com\/IRRIGATION\/wp-json\/wp\/v2\/product"}],"about":[{"href":"https:\/\/rolland-sprinklers.com\/IRRIGATION\/wp-json\/wp\/v2\/types\/product"}],"version-history":[{"count":7,"href":"https:\/\/rolland-sprinklers.com\/IRRIGATION\/wp-json\/wp\/v2\/product\/1597\/revisions"}],"predecessor-version":[{"id":7884,"href":"https:\/\/rolland-sprinklers.com\/IRRIGATION\/wp-json\/wp\/v2\/product\/1597\/revisions\/7884"}],"wp:featuredmedia":[{"embeddable":true,"href":"https:\/\/rolland-sprinklers.com\/IRRIGATION\/wp-json\/wp\/v2\/media\/1598"}],"wp:attachment":[{"href":"https:\/\/rolland-sprinklers.com\/IRRIGATION\/wp-json\/wp\/v2\/media?parent=1597"}],"wp:term":[{"taxonomy":"product_brand","embeddable":true,"href":"https:\/\/rolland-sprinklers.com\/IRRIGATION\/wp-json\/wp\/v2\/product_brand?post=1597"},{"taxonomy":"product_cat","embeddable":true,"href":"https:\/\/rolland-sprinklers.com\/IRRIGATION\/wp-json\/wp\/v2\/product_cat?post=1597"},{"taxonomy":"product_tag","embeddable":true,"href":"https:\/\/rolland-sprinklers.com\/IRRIGATION\/wp-json\/wp\/v2\/product_tag?post=1597"}],"curies":[{"name":"wp","href":"https:\/\/api.w.org\/{rel}","templated":true}]}}