{"id":1477,"date":"2014-12-15T11:20:04","date_gmt":"2014-12-15T11:20:04","guid":{"rendered":"http:\/\/testrolland.justecordes.fr\/?product=arroseur-1228-circulaire"},"modified":"2025-04-03T13:44:41","modified_gmt":"2025-04-03T11:44:41","slug":"arroseur-1228-circulaire","status":"publish","type":"product","link":"https:\/\/rolland-sprinklers.com\/IRRIGATION\/produit\/arroseur-1228-circulaire\/","title":{"rendered":"Arroseur 12.28 circulaire"},"content":{"rendered":"<p>L&rsquo;arroseur 12.28 est un appareil plastique \u00e0 hautes performances.<br \/>\nIl est \u00e9quip\u00e9 de buses standards ou fendues, ce qui assure une grande port\u00e9e et une excellente r\u00e9partition d&rsquo;arrosage.<br \/>\nIl est aussi \u00e9quip\u00e9 de buses ou de bouchon 1\/4 de tour.<\/p>\n<p>L&rsquo;arroseur 12.28 Circulaire peut facilement se transformer en arroseur secteur en ajoutant un kit 12S secteur (KIT12S).<\/p>\n<p><strong>Utilisation :<\/strong><\/p>\n<ul>\n<li>Pour l\u2019irrigation sur frondaison (couverture int\u00e9grale), arboricultures, p\u00e9pini\u00e8res, mara\u00eechages.<\/li>\n<li>Pour petit espace vert.<\/li>\n<\/ul>\n<p><strong>Caract\u00e9ristiques techniques :\u00a0<\/strong><\/p>\n<ul>\n<li>D\u00e9bit de 0.30 \u00e0 1.50 m3\/h<\/li>\n<li>Port\u00e9e de 8,80 \u00e0 12,80 m<\/li>\n<li>Pression de service de 2 \u00e0 4 bars<\/li>\n<li>Filetage 1\/2 \u00a0\u00bb m\u00e2le<\/li>\n<li>Angle du jet 28\u00b0<\/li>\n<li>Arroseur plastique<\/li>\n<\/ul>\n<p><img data-recalc-dims=\"1\" decoding=\"async\" class=\"alignnone wp-image-4392\" src=\"https:\/\/i0.wp.com\/www.rolland-sprinklers.com\/IRRIGATION\/wp-content\/uploads\/2022\/03\/Telechargement-fiche-technique.png?resize=205%2C45&#038;ssl=1\" alt=\"\" width=\"205\" height=\"45\" srcset=\"https:\/\/i0.wp.com\/www.rolland-sprinklers.com\/IRRIGATION\/wp-content\/uploads\/2022\/03\/Telechargement-fiche-technique.png?resize=300%2C66&amp;ssl=1 300w, https:\/\/i0.wp.com\/www.rolland-sprinklers.com\/IRRIGATION\/wp-content\/uploads\/2022\/03\/Telechargement-fiche-technique.png?resize=18%2C4&amp;ssl=1 18w, https:\/\/i0.wp.com\/www.rolland-sprinklers.com\/IRRIGATION\/wp-content\/uploads\/2022\/03\/Telechargement-fiche-technique.png?w=366&amp;ssl=1 366w\" sizes=\"(max-width: 205px) 100vw, 205px\" \/> <a href=\"http:\/\/www.rolland-sprinklers.com\/Fichiers\/Irrigation\/12-28.pdf\" target=\"blank\" rel=\"noopener\">Fiche technique 12.28<\/a><\/p>\n<p><img data-recalc-dims=\"1\" decoding=\"async\" class=\"alignnone wp-image-4391\" src=\"https:\/\/i0.wp.com\/www.rolland-sprinklers.com\/IRRIGATION\/wp-content\/uploads\/2022\/03\/Telechargement-Fiche-commerciale.png?resize=203%2C44&#038;ssl=1\" alt=\"\" width=\"203\" height=\"44\" srcset=\"https:\/\/i0.wp.com\/www.rolland-sprinklers.com\/IRRIGATION\/wp-content\/uploads\/2022\/03\/Telechargement-Fiche-commerciale.png?resize=300%2C65&amp;ssl=1 300w, https:\/\/i0.wp.com\/www.rolland-sprinklers.com\/IRRIGATION\/wp-content\/uploads\/2022\/03\/Telechargement-Fiche-commerciale.png?resize=18%2C4&amp;ssl=1 18w, https:\/\/i0.wp.com\/www.rolland-sprinklers.com\/IRRIGATION\/wp-content\/uploads\/2022\/03\/Telechargement-Fiche-commerciale.png?resize=416%2C90&amp;ssl=1 416w, https:\/\/i0.wp.com\/www.rolland-sprinklers.com\/IRRIGATION\/wp-content\/uploads\/2022\/03\/Telechargement-Fiche-commerciale.png?w=570&amp;ssl=1 570w\" sizes=\"(max-width: 203px) 100vw, 203px\" \/> <a href=\"https:\/\/www.rolland-sprinklers.com\/IRRIGATION\/wp-content\/uploads\/2023\/05\/p19-pub-12-28-FR-V2.pdf\" target=\"_blank\" rel=\"noopener\">Documentation 12.28<\/a><\/p>\n<p><img data-recalc-dims=\"1\" decoding=\"async\" class=\"alignnone wp-image-4396\" src=\"https:\/\/i0.wp.com\/www.rolland-sprinklers.com\/IRRIGATION\/wp-content\/uploads\/2022\/03\/Telechargement-Vue-Eclate-300x65.png?resize=203%2C44&#038;ssl=1\" alt=\"\" width=\"203\" height=\"44\" srcset=\"https:\/\/i0.wp.com\/www.rolland-sprinklers.com\/IRRIGATION\/wp-content\/uploads\/2022\/03\/Telechargement-Vue-Eclate.png?resize=300%2C65&amp;ssl=1 300w, https:\/\/i0.wp.com\/www.rolland-sprinklers.com\/IRRIGATION\/wp-content\/uploads\/2022\/03\/Telechargement-Vue-Eclate.png?resize=18%2C4&amp;ssl=1 18w, https:\/\/i0.wp.com\/www.rolland-sprinklers.com\/IRRIGATION\/wp-content\/uploads\/2022\/03\/Telechargement-Vue-Eclate.png?w=366&amp;ssl=1 366w\" sizes=\"(max-width: 203px) 100vw, 203px\" \/> <a href=\"http:\/\/www.rolland-sprinklers.com\/Fichiers\/Irrigation\/sp12-28.PDF\" target=\"blank\" rel=\"noopener\">Vue \u00e9clat\u00e9e 12.28<\/a><\/p>\n<p><img data-recalc-dims=\"1\" loading=\"lazy\" decoding=\"async\" class=\"alignnone wp-image-4393\" src=\"https:\/\/i0.wp.com\/www.rolland-sprinklers.com\/IRRIGATION\/wp-content\/uploads\/2022\/03\/Telechargement-Notice-de-montage.png?resize=203%2C44&#038;ssl=1\" alt=\"\" width=\"203\" height=\"44\" srcset=\"https:\/\/i0.wp.com\/www.rolland-sprinklers.com\/IRRIGATION\/wp-content\/uploads\/2022\/03\/Telechargement-Notice-de-montage.png?resize=300%2C65&amp;ssl=1 300w, https:\/\/i0.wp.com\/www.rolland-sprinklers.com\/IRRIGATION\/wp-content\/uploads\/2022\/03\/Telechargement-Notice-de-montage.png?resize=18%2C4&amp;ssl=1 18w, https:\/\/i0.wp.com\/www.rolland-sprinklers.com\/IRRIGATION\/wp-content\/uploads\/2022\/03\/Telechargement-Notice-de-montage.png?w=366&amp;ssl=1 366w\" sizes=\"(max-width: 203px) 100vw, 203px\" \/> <a href=\"http:\/\/www.rolland-sprinklers.com\/Fichiers\/Irrigation\/Notice Kit 12S-20S.PDF\" target=\"blank\" rel=\"noopener\">Notice montage Kit 12S <\/a><\/p>\n<p><a href=\"https:\/\/www.rolland-sprinklers.com\/IRRIGATION\/wp-content\/uploads\/2022\/07\/Notice-montage-BJ12-BJ20.png\" target=\"_blank\" rel=\"noopener\">Notice montage BJ12<\/a><\/p>\n<p>&nbsp;<\/p>\n","protected":false},"excerpt":{"rendered":"<p>L&rsquo;arroseur 12.28 est un appareil plastique \u00e0 hautes performances. Il est \u00e9quip\u00e9 de buses standards ou fendues, ce qui assure une grande port\u00e9e et une excellente r\u00e9partition d&rsquo;arrosage. Il est aussi \u00e9quip\u00e9 de buses ou de bouchon 1\/4 de tour. L&rsquo;arroseur 12.28 Circulaire peut facilement se transformer en arroseur secteur en ajoutant un kit 12S [&hellip;]<\/p>\n","protected":false},"featured_media":1478,"template":"","meta":[],"product_brand":[],"product_cat":[154],"product_tag":[],"class_list":{"0":"post-1477","1":"product","2":"type-product","3":"status-publish","4":"has-post-thumbnail","6":"product_cat-arroseurs-de-surface","7":"pa_1-choix-de-buse-motrice-1217-20c-vert-pastel","8":"pa_1-choix-de-buse-motrice-1217-o22-marron","9":"pa_1-choix-de-buse-motrice-1217-o25-verte-foncee","10":"pa_1-choix-de-buse-motrice-1217-o3-beige","11":"pa_1-choix-de-buse-motrice-1217-o3e-saumon","12":"pa_1-choix-de-buse-motrice-2017-o35-grise","13":"pa_1-choix-de-buse-motrice-2017-o4-jaune","14":"pa_1-choix-de-buse-motrice-2017-o45-orange","15":"pa_1-choix-de-buse-motrice-2017e-o35-blanche","16":"pa_1-choix-de-buse-motrice-2017e-o4-bleue","17":"pa_1-choix-de-buse-motrice-2017e-o45-noire","18":"pa_2-choix-de-buse-arriere-bouchon-1219-noir","19":"pa_2-choix-de-buse-arriere-buse-arriere-12-43-28-o2-turquoise","20":"pa_2-choix-de-buse-arriere-buse-arriere-124328c2b0-o25-lilas","21":"pa_3-brise-jet-non","22":"pa_3-brise-jet-oui","24":"first","25":"instock","26":"taxable","27":"shipping-taxable","28":"purchasable","29":"product-type-variable","30":"has-default-attributes"},"jetpack_sharing_enabled":true,"_links":{"self":[{"href":"https:\/\/rolland-sprinklers.com\/IRRIGATION\/wp-json\/wp\/v2\/product\/1477","targetHints":{"allow":["GET"]}}],"collection":[{"href":"https:\/\/rolland-sprinklers.com\/IRRIGATION\/wp-json\/wp\/v2\/product"}],"about":[{"href":"https:\/\/rolland-sprinklers.com\/IRRIGATION\/wp-json\/wp\/v2\/types\/product"}],"version-history":[{"count":9,"href":"https:\/\/rolland-sprinklers.com\/IRRIGATION\/wp-json\/wp\/v2\/product\/1477\/revisions"}],"predecessor-version":[{"id":7866,"href":"https:\/\/rolland-sprinklers.com\/IRRIGATION\/wp-json\/wp\/v2\/product\/1477\/revisions\/7866"}],"wp:featuredmedia":[{"embeddable":true,"href":"https:\/\/rolland-sprinklers.com\/IRRIGATION\/wp-json\/wp\/v2\/media\/1478"}],"wp:attachment":[{"href":"https:\/\/rolland-sprinklers.com\/IRRIGATION\/wp-json\/wp\/v2\/media?parent=1477"}],"wp:term":[{"taxonomy":"product_brand","embeddable":true,"href":"https:\/\/rolland-sprinklers.com\/IRRIGATION\/wp-json\/wp\/v2\/product_brand?post=1477"},{"taxonomy":"product_cat","embeddable":true,"href":"https:\/\/rolland-sprinklers.com\/IRRIGATION\/wp-json\/wp\/v2\/product_cat?post=1477"},{"taxonomy":"product_tag","embeddable":true,"href":"https:\/\/rolland-sprinklers.com\/IRRIGATION\/wp-json\/wp\/v2\/product_tag?post=1477"}],"curies":[{"name":"wp","href":"https:\/\/api.w.org\/{rel}","templated":true}]}}