{"id":1467,"date":"2014-06-16T10:05:48","date_gmt":"2014-06-16T08:05:48","guid":{"rendered":"http:\/\/testrolland.justecordes.fr\/?product=traineau-acier-galvanise-1"},"modified":"2025-07-21T11:33:17","modified_gmt":"2025-07-21T09:33:17","slug":"traineau-acier-galvanise-1","status":"publish","type":"product","link":"https:\/\/rolland-sprinklers.com\/IRRIGATION\/produit\/traineau-acier-galvanise-1\/","title":{"rendered":"Traineau acier galvanis\u00e9 1&Prime;"},"content":{"rendered":"<p><strong>&#8211; CONTACTEZ NOUS DIRECTEMENT POUR OBTENIR UNE OFFRE DE PRIX &#8211;<\/strong><\/p>\n<p>Traineau acier galvanis\u00e9 pour arroseur type s\u00e9rie 17 \/ 21<\/p>\n<p><strong>Caract\u00e9ristiques techniques :<br \/>\n<\/strong><\/p>\n<ul>\n<li>Poids 4kg<\/li>\n<li>Hauteur : 33cm<\/li>\n<li>\u00c9tudi\u00e9 pour une grande stabilit\u00e9<\/li>\n<li>Entr\u00e9e 1&Prime; M\u00e2le<\/li>\n<li>Sortie 1&Prime; M\u00e2le<\/li>\n<\/ul>\n<p><img data-recalc-dims=\"1\" decoding=\"async\" class=\"alignnone wp-image-4392\" src=\"https:\/\/i0.wp.com\/www.rolland-sprinklers.com\/IRRIGATION\/wp-content\/uploads\/2022\/03\/Telechargement-fiche-technique.png?resize=205%2C45&#038;ssl=1\" alt=\"\" width=\"205\" height=\"45\" srcset=\"https:\/\/i0.wp.com\/www.rolland-sprinklers.com\/IRRIGATION\/wp-content\/uploads\/2022\/03\/Telechargement-fiche-technique.png?resize=300%2C66&amp;ssl=1 300w, https:\/\/i0.wp.com\/www.rolland-sprinklers.com\/IRRIGATION\/wp-content\/uploads\/2022\/03\/Telechargement-fiche-technique.png?resize=18%2C4&amp;ssl=1 18w, https:\/\/i0.wp.com\/www.rolland-sprinklers.com\/IRRIGATION\/wp-content\/uploads\/2022\/03\/Telechargement-fiche-technique.png?w=366&amp;ssl=1 366w\" sizes=\"(max-width: 205px) 100vw, 205px\" \/> <a href=\"https:\/\/www.rolland-sprinklers.com\/IRRIGATION\/wp-content\/uploads\/2025\/07\/p52-Traineau-FR.pdf\" target=\"_blank\" rel=\"noopener\">Fiche technique<\/a><\/p>\n","protected":false},"excerpt":{"rendered":"<p><span style=\"color: #ff0000;\"><strong>&#8211; CONTACTEZ NOUS DIRECTEMENT POUR OBTENIR UNE OFFRE DE PRIX &#8211;<\/strong><\/span><\/p>\n","protected":false},"featured_media":1468,"template":"","meta":[],"product_brand":[],"product_cat":[206],"product_tag":[],"class_list":{"0":"post-1467","1":"product","2":"type-product","3":"status-publish","4":"has-post-thumbnail","6":"product_cat-traineaux-supports","8":"first","9":"outofstock","10":"taxable","11":"shipping-taxable","12":"product-type-simple"},"jetpack_sharing_enabled":true,"_links":{"self":[{"href":"https:\/\/rolland-sprinklers.com\/IRRIGATION\/wp-json\/wp\/v2\/product\/1467","targetHints":{"allow":["GET"]}}],"collection":[{"href":"https:\/\/rolland-sprinklers.com\/IRRIGATION\/wp-json\/wp\/v2\/product"}],"about":[{"href":"https:\/\/rolland-sprinklers.com\/IRRIGATION\/wp-json\/wp\/v2\/types\/product"}],"version-history":[{"count":7,"href":"https:\/\/rolland-sprinklers.com\/IRRIGATION\/wp-json\/wp\/v2\/product\/1467\/revisions"}],"predecessor-version":[{"id":12982,"href":"https:\/\/rolland-sprinklers.com\/IRRIGATION\/wp-json\/wp\/v2\/product\/1467\/revisions\/12982"}],"wp:featuredmedia":[{"embeddable":true,"href":"https:\/\/rolland-sprinklers.com\/IRRIGATION\/wp-json\/wp\/v2\/media\/1468"}],"wp:attachment":[{"href":"https:\/\/rolland-sprinklers.com\/IRRIGATION\/wp-json\/wp\/v2\/media?parent=1467"}],"wp:term":[{"taxonomy":"product_brand","embeddable":true,"href":"https:\/\/rolland-sprinklers.com\/IRRIGATION\/wp-json\/wp\/v2\/product_brand?post=1467"},{"taxonomy":"product_cat","embeddable":true,"href":"https:\/\/rolland-sprinklers.com\/IRRIGATION\/wp-json\/wp\/v2\/product_cat?post=1467"},{"taxonomy":"product_tag","embeddable":true,"href":"https:\/\/rolland-sprinklers.com\/IRRIGATION\/wp-json\/wp\/v2\/product_tag?post=1467"}],"curies":[{"name":"wp","href":"https:\/\/api.w.org\/{rel}","templated":true}]}}