{"id":1311,"date":"2011-05-12T14:58:07","date_gmt":"2011-05-12T14:58:07","guid":{"rendered":"http:\/\/testrolland.justecordes.fr\/?product=pic-p10d-jonction-jcp10d"},"modified":"2025-07-01T13:49:33","modified_gmt":"2025-07-01T11:49:33","slug":"pic-p10d-jonction-jcp10d","status":"publish","type":"product","link":"https:\/\/rolland-sprinklers.com\/IRRIGATION\/produit\/pic-p10d-jonction-jcp10d\/","title":{"rendered":"Pic P10D (jonction JCP10D)"},"content":{"rendered":"<p>Pic P10 plastique avec tube 0,60m de \u00d811&#215;15 avec jonction JCP10D (accouplement\/bouchon). L&rsquo;ensemble est mont\u00e9.<br \/>\nPr\u00e9voir per\u00e7age tube d&rsquo;arriv\u00e9e d&rsquo;eau avec emporte pi\u00e8ce \u00d86<\/p>\n<p><img data-recalc-dims=\"1\" decoding=\"async\" class=\"alignnone wp-image-4392\" src=\"https:\/\/i0.wp.com\/www.rolland-sprinklers.com\/IRRIGATION\/wp-content\/uploads\/2022\/03\/Telechargement-fiche-technique.png?resize=205%2C45&#038;ssl=1\" alt=\"\" width=\"205\" height=\"45\" srcset=\"https:\/\/i0.wp.com\/www.rolland-sprinklers.com\/IRRIGATION\/wp-content\/uploads\/2022\/03\/Telechargement-fiche-technique.png?resize=300%2C66&amp;ssl=1 300w, https:\/\/i0.wp.com\/www.rolland-sprinklers.com\/IRRIGATION\/wp-content\/uploads\/2022\/03\/Telechargement-fiche-technique.png?resize=18%2C4&amp;ssl=1 18w, https:\/\/i0.wp.com\/www.rolland-sprinklers.com\/IRRIGATION\/wp-content\/uploads\/2022\/03\/Telechargement-fiche-technique.png?w=366&amp;ssl=1 366w\" sizes=\"(max-width: 205px) 100vw, 205px\" \/> <a href=\"https:\/\/www.rolland-sprinklers.com\/IRRIGATION\/wp-content\/uploads\/2025\/07\/p49-P6-P10-S10-FR.pdf\" target=\"_blank\" rel=\"noopener\">Support P6 P10<\/a><\/p>\n","protected":false},"excerpt":{"rendered":"<p>Pic P10 plastique avec tube 0,60m de \u00d811&#215;15 avec jonction JCP10D (accouplement\/bouchon). L&rsquo;ensemble est mont\u00e9. Pr\u00e9voir per\u00e7age tube d&rsquo;arriv\u00e9e d&rsquo;eau avec emporte pi\u00e8ce \u00d86 Support P6 P10<\/p>\n","protected":false},"featured_media":1312,"template":"","meta":[],"product_brand":[],"product_cat":[206],"product_tag":[],"class_list":{"0":"post-1311","1":"product","2":"type-product","3":"status-publish","4":"has-post-thumbnail","6":"product_cat-traineaux-supports","8":"first","9":"instock","10":"taxable","11":"shipping-taxable","12":"purchasable","13":"product-type-simple"},"jetpack_sharing_enabled":true,"_links":{"self":[{"href":"https:\/\/rolland-sprinklers.com\/IRRIGATION\/wp-json\/wp\/v2\/product\/1311","targetHints":{"allow":["GET"]}}],"collection":[{"href":"https:\/\/rolland-sprinklers.com\/IRRIGATION\/wp-json\/wp\/v2\/product"}],"about":[{"href":"https:\/\/rolland-sprinklers.com\/IRRIGATION\/wp-json\/wp\/v2\/types\/product"}],"version-history":[{"count":4,"href":"https:\/\/rolland-sprinklers.com\/IRRIGATION\/wp-json\/wp\/v2\/product\/1311\/revisions"}],"predecessor-version":[{"id":12860,"href":"https:\/\/rolland-sprinklers.com\/IRRIGATION\/wp-json\/wp\/v2\/product\/1311\/revisions\/12860"}],"wp:featuredmedia":[{"embeddable":true,"href":"https:\/\/rolland-sprinklers.com\/IRRIGATION\/wp-json\/wp\/v2\/media\/1312"}],"wp:attachment":[{"href":"https:\/\/rolland-sprinklers.com\/IRRIGATION\/wp-json\/wp\/v2\/media?parent=1311"}],"wp:term":[{"taxonomy":"product_brand","embeddable":true,"href":"https:\/\/rolland-sprinklers.com\/IRRIGATION\/wp-json\/wp\/v2\/product_brand?post=1311"},{"taxonomy":"product_cat","embeddable":true,"href":"https:\/\/rolland-sprinklers.com\/IRRIGATION\/wp-json\/wp\/v2\/product_cat?post=1311"},{"taxonomy":"product_tag","embeddable":true,"href":"https:\/\/rolland-sprinklers.com\/IRRIGATION\/wp-json\/wp\/v2\/product_tag?post=1311"}],"curies":[{"name":"wp","href":"https:\/\/api.w.org\/{rel}","templated":true}]}}