{"id":1307,"date":"2011-05-12T14:52:49","date_gmt":"2011-05-12T14:52:49","guid":{"rendered":"http:\/\/testrolland.justecordes.fr\/?product=pic-p-6-jonction-jcp6"},"modified":"2026-04-20T14:56:19","modified_gmt":"2026-04-20T12:56:19","slug":"pic-p-6-jonction-jcp6","status":"publish","type":"product","link":"https:\/\/rolland-sprinklers.com\/IRRIGATION\/produit\/pic-p-6-jonction-jcp6\/","title":{"rendered":"Pic P 6 (Jonction JCP6)"},"content":{"rendered":"<p>Pic P6 plastique 1\/2&Prime; avec tube 0,50m de \u00d86&#215;10 et jonction JCP6 mont\u00e9e.<br \/>\nPour arroseurs 6C , 7C et 10.26 avec buses inf\u00e9rieures ou \u00e9gales \u00e0 \u00d82,5mm.<br \/>\nPr\u00e9voir per\u00e7age du tube arriv\u00e9e d&rsquo;eau avec emporte pi\u00e8ce \u00d84.<\/p>\n<p><img data-recalc-dims=\"1\" decoding=\"async\" class=\"alignnone wp-image-4392\" src=\"https:\/\/i0.wp.com\/www.rolland-sprinklers.com\/IRRIGATION\/wp-content\/uploads\/2022\/03\/Telechargement-fiche-technique.png?resize=205%2C45&#038;ssl=1\" alt=\"\" width=\"205\" height=\"45\" srcset=\"https:\/\/i0.wp.com\/www.rolland-sprinklers.com\/IRRIGATION\/wp-content\/uploads\/2022\/03\/Telechargement-fiche-technique.png?resize=300%2C66&amp;ssl=1 300w, https:\/\/i0.wp.com\/www.rolland-sprinklers.com\/IRRIGATION\/wp-content\/uploads\/2022\/03\/Telechargement-fiche-technique.png?resize=18%2C4&amp;ssl=1 18w, https:\/\/i0.wp.com\/www.rolland-sprinklers.com\/IRRIGATION\/wp-content\/uploads\/2022\/03\/Telechargement-fiche-technique.png?w=366&amp;ssl=1 366w\" sizes=\"(max-width: 205px) 100vw, 205px\" \/> <a href=\"https:\/\/www.rolland-sprinklers.com\/IRRIGATION\/wp-content\/uploads\/2025\/07\/p49-P6-P10-S10-FR.pdf\" target=\"_blank\" rel=\"noopener\">Support P6 P10<\/a><\/p>\n","protected":false},"excerpt":{"rendered":"<p>Pic P6 plastique 1\/2&Prime; avec tube 0,50m de \u00d86&#215;10 et jonction JCP6 mont\u00e9e. Pour arroseurs 6C , 7C et 10.26 avec buses inf\u00e9rieures ou \u00e9gales \u00e0 \u00d82,5mm. Pr\u00e9voir per\u00e7age du tube arriv\u00e9e d&rsquo;eau avec emporte pi\u00e8ce \u00d84. Support P6 P10<\/p>\n","protected":false},"featured_media":1308,"template":"","meta":[],"product_brand":[],"product_cat":[206],"product_tag":[],"class_list":{"0":"post-1307","1":"product","2":"type-product","3":"status-publish","4":"has-post-thumbnail","6":"product_cat-traineaux-supports","8":"first","9":"instock","10":"taxable","11":"shipping-taxable","12":"purchasable","13":"product-type-simple"},"jetpack_sharing_enabled":true,"_links":{"self":[{"href":"https:\/\/rolland-sprinklers.com\/IRRIGATION\/wp-json\/wp\/v2\/product\/1307","targetHints":{"allow":["GET"]}}],"collection":[{"href":"https:\/\/rolland-sprinklers.com\/IRRIGATION\/wp-json\/wp\/v2\/product"}],"about":[{"href":"https:\/\/rolland-sprinklers.com\/IRRIGATION\/wp-json\/wp\/v2\/types\/product"}],"version-history":[{"count":2,"href":"https:\/\/rolland-sprinklers.com\/IRRIGATION\/wp-json\/wp\/v2\/product\/1307\/revisions"}],"predecessor-version":[{"id":12858,"href":"https:\/\/rolland-sprinklers.com\/IRRIGATION\/wp-json\/wp\/v2\/product\/1307\/revisions\/12858"}],"wp:featuredmedia":[{"embeddable":true,"href":"https:\/\/rolland-sprinklers.com\/IRRIGATION\/wp-json\/wp\/v2\/media\/1308"}],"wp:attachment":[{"href":"https:\/\/rolland-sprinklers.com\/IRRIGATION\/wp-json\/wp\/v2\/media?parent=1307"}],"wp:term":[{"taxonomy":"product_brand","embeddable":true,"href":"https:\/\/rolland-sprinklers.com\/IRRIGATION\/wp-json\/wp\/v2\/product_brand?post=1307"},{"taxonomy":"product_cat","embeddable":true,"href":"https:\/\/rolland-sprinklers.com\/IRRIGATION\/wp-json\/wp\/v2\/product_cat?post=1307"},{"taxonomy":"product_tag","embeddable":true,"href":"https:\/\/rolland-sprinklers.com\/IRRIGATION\/wp-json\/wp\/v2\/product_tag?post=1307"}],"curies":[{"name":"wp","href":"https:\/\/api.w.org\/{rel}","templated":true}]}}