{"id":1003,"date":"2009-03-30T13:43:06","date_gmt":"2009-03-30T13:43:06","guid":{"rendered":"http:\/\/testrolland.justecordes.fr\/?product=coffret-bt11s4"},"modified":"2025-04-03T13:43:29","modified_gmt":"2025-04-03T11:43:29","slug":"coffret-bt11s4","status":"publish","type":"product","link":"https:\/\/rolland-sprinklers.com\/IRRIGATION\/produit\/coffret-bt11s4\/","title":{"rendered":"Coffret BT11S4"},"content":{"rendered":"<p>Le coffret BT11S comprenant un arroseur 11S4 et son traineau T11 conviendra parfaitement pour l&rsquo;arrosage de vos espaces verts, potagers, &#8230;<br \/>\nDe conception professionnel, cet \u00e9quipement simple et robuste d&rsquo;utilisation, fiable et sans entretien, s&rsquo;adaptera \u00e0 toutes les situation gr\u00e2ce aux diff\u00e9rent r\u00e9glage possible de la port\u00e9e et de l&rsquo;angle d&rsquo;arrosage.<br \/>\nLe traineau T11 ont \u00e9t\u00e9 sp\u00e9cialement con\u00e7us en alliage de zinc (1.2kg) pour assurer une grande stabilit\u00e9 en toutes circonstances.<\/p>\n<p><strong>Utilisations :<\/strong><\/p>\n<ul>\n<li>Espaces verts<\/li>\n<li>Potagers<\/li>\n<\/ul>\n<p><strong>Composition du coffret :<\/strong><\/p>\n<ul>\n<li>1 arroseurs ref. 11S4<\/li>\n<li>1 traineau aluminium ref. T11<\/li>\n<li>1 raccord laiton 3\/4&Prime; x 19 mm<\/li>\n<\/ul>\n<p><img data-recalc-dims=\"1\" decoding=\"async\" class=\"alignnone wp-image-4392\" src=\"https:\/\/i0.wp.com\/www.rolland-sprinklers.com\/IRRIGATION\/wp-content\/uploads\/2022\/03\/Telechargement-fiche-technique.png?resize=205%2C45&#038;ssl=1\" alt=\"\" width=\"205\" height=\"45\" srcset=\"https:\/\/i0.wp.com\/www.rolland-sprinklers.com\/IRRIGATION\/wp-content\/uploads\/2022\/03\/Telechargement-fiche-technique.png?resize=300%2C66&amp;ssl=1 300w, https:\/\/i0.wp.com\/www.rolland-sprinklers.com\/IRRIGATION\/wp-content\/uploads\/2022\/03\/Telechargement-fiche-technique.png?resize=18%2C4&amp;ssl=1 18w, https:\/\/i0.wp.com\/www.rolland-sprinklers.com\/IRRIGATION\/wp-content\/uploads\/2022\/03\/Telechargement-fiche-technique.png?w=366&amp;ssl=1 366w\" sizes=\"(max-width: 205px) 100vw, 205px\" \/> <a href=\"http:\/\/www.rolland-sprinklers.com\/Fichiers\/Irrigation\/p38-Pub BT11S4.pdf\" target=\"blank\" rel=\"noopener\">Fiche technique BT11S4<\/a><\/p>\n","protected":false},"excerpt":{"rendered":"<p>Le coffret BT11S comprenant un arroseur 11S4 et son traineau T11 conviendra parfaitement pour l&rsquo;arrosage de vos espaces verts, potagers, &#8230; De conception professionnel, cet \u00e9quipement simple et robuste d&rsquo;utilisation, fiable et sans entretien, s&rsquo;adaptera \u00e0 toutes les situation gr\u00e2ce aux diff\u00e9rent r\u00e9glage possible de la port\u00e9e et de l&rsquo;angle d&rsquo;arrosage. Le traineau T11 ont [&hellip;]<\/p>\n","protected":false},"featured_media":4384,"template":"","meta":[],"product_brand":[],"product_cat":[206],"product_tag":[],"class_list":{"0":"post-1003","1":"product","2":"type-product","3":"status-publish","4":"has-post-thumbnail","6":"product_cat-traineaux-supports","8":"first","9":"instock","10":"taxable","11":"shipping-taxable","12":"purchasable","13":"product-type-simple"},"jetpack_sharing_enabled":true,"_links":{"self":[{"href":"https:\/\/rolland-sprinklers.com\/IRRIGATION\/wp-json\/wp\/v2\/product\/1003","targetHints":{"allow":["GET"]}}],"collection":[{"href":"https:\/\/rolland-sprinklers.com\/IRRIGATION\/wp-json\/wp\/v2\/product"}],"about":[{"href":"https:\/\/rolland-sprinklers.com\/IRRIGATION\/wp-json\/wp\/v2\/types\/product"}],"version-history":[{"count":5,"href":"https:\/\/rolland-sprinklers.com\/IRRIGATION\/wp-json\/wp\/v2\/product\/1003\/revisions"}],"predecessor-version":[{"id":4380,"href":"https:\/\/rolland-sprinklers.com\/IRRIGATION\/wp-json\/wp\/v2\/product\/1003\/revisions\/4380"}],"wp:featuredmedia":[{"embeddable":true,"href":"https:\/\/rolland-sprinklers.com\/IRRIGATION\/wp-json\/wp\/v2\/media\/4384"}],"wp:attachment":[{"href":"https:\/\/rolland-sprinklers.com\/IRRIGATION\/wp-json\/wp\/v2\/media?parent=1003"}],"wp:term":[{"taxonomy":"product_brand","embeddable":true,"href":"https:\/\/rolland-sprinklers.com\/IRRIGATION\/wp-json\/wp\/v2\/product_brand?post=1003"},{"taxonomy":"product_cat","embeddable":true,"href":"https:\/\/rolland-sprinklers.com\/IRRIGATION\/wp-json\/wp\/v2\/product_cat?post=1003"},{"taxonomy":"product_tag","embeddable":true,"href":"https:\/\/rolland-sprinklers.com\/IRRIGATION\/wp-json\/wp\/v2\/product_tag?post=1003"}],"curies":[{"name":"wp","href":"https:\/\/api.w.org\/{rel}","templated":true}]}}