{"id":28,"date":"2021-11-12T11:00:38","date_gmt":"2021-11-12T10:00:38","guid":{"rendered":"http:\/\/testrolland.justecordes.fr\/?page_id=28"},"modified":"2022-02-18T10:49:15","modified_gmt":"2022-02-18T09:49:15","slug":"cgv","status":"publish","type":"page","link":"https:\/\/rolland-sprinklers.com\/IRRIGATION\/cgv\/","title":{"rendered":"Conditions g\u00e9n\u00e9rales de ventes"},"content":{"rendered":"\r\n<p>Les ventes consenties par la soci\u00e9t\u00e9 ROLLAND Arroseurs\/Sprinklers sont soumises aux pr\u00e9sentes conditions g\u00e9n\u00e9rales de vente (C.G.V) qui pr\u00e9valent sur toutes conditions d\u2019achat, sauf d\u00e9rogation express et formelle de sa part. Le fait de passer commande implique l\u2019adh\u00e9sion enti\u00e8re et sans r\u00e9serve du client \u00e0 ces conditions.<\/p>\r\n\r\n\r\n\r\n<p><strong>DEVIS:<\/strong><\/p>\r\n\r\n\r\n\r\n<p>les \u00e9ventuelles \u00e9tudes techniques et devis seront \u00e9labor\u00e9s \u00e0 partir d\u2019\u00e9l\u00e9ments donn\u00e9s par le client sous son unique responsabilit\u00e9. ROLLAND Arroseurs\/Sprinklers n\u2019\u00e9tablit les dites \u00e9tudes et devis qu\u2019\u00e0 titre de simple renseignement.<\/p>\r\n\r\n\r\n\r\n<p><strong>COMMANDE:<\/strong><\/p>\r\n\r\n\r\n\r\n<p>les commandes qui nous sont transmises s\u2019entendent toujours sous r\u00e9serve de l\u2019acceptation de ROLLAND Arroseurs\/Sprinklers. Celle-ci ne peut r\u00e9sulter que de l\u2019\u00e9mission d\u2019un accus\u00e9 de r\u00e9ception de commande ou de l\u2019ex\u00e9cution directe de la commande. Minimum de commande 40 \u20ac HT net en France, 300 \u20ac \u00e0 l\u2019export. En cas de non-respect des minimums de commande, des frais de facturation de 15\u20ac seront appliqu\u00e9s.<\/p>\r\n\r\n\r\n\r\n<p><strong>PRIX:<\/strong><\/p>\r\n\r\n\r\n\r\n<p>nos prix sont fermes suivant le tarif en cours. Ils ne sont communiqu\u00e9s qu\u2019\u00e0 titre indicatif et susceptible de modifications sans pr\u00e9avis suivant nos achats. Merci de demander une confirmation ou devis avant toute commande. ROLLAND Arroseurs\/Sprinklers se r\u00e9serve le droit de r\u00e9percuter les hausses intervenues entre-temps.<\/p>\r\n\r\n\r\n\r\n<p><strong>DELAI:<\/strong><\/p>\r\n\r\n\r\n\r\n<p>les d\u00e9lais sont donn\u00e9s de toute bonne foi, nous nous faisons un devoir de les respecter. Sauf acceptation expresse de ROLLAND Arroseurs\/Sprinklers, les retards ne peuvent justifier l&rsquo;annulation de la commande ni donner lieu \u00e0 des dommages et int\u00e9r\u00eats ou p\u00e9nalit\u00e9s.<\/p>\r\n\r\n\r\n\r\n<p><strong>TRANSPORT:<\/strong><\/p>\r\n\r\n\r\n\r\n<p>Nos fournitures voyagent aux risques et p\u00e9rils du client qui fera son affaire personnelle de tout recours contre tous transporteurs pour retard, perte, avarie, manquant, erreurs, etc., et agira suivant l&rsquo;article 105 du code du Commerce.<\/p>\r\n\r\n\r\n\r\n<p><strong>REGLEMENT:<\/strong><\/p>\r\n\r\n\r\n\r\n<p>nos fournitures sont payables \u00e0 30 jours sauf stipulation contraire de notre part. Tous nos prix s&rsquo;entendent hors taxes d\u00e9part notre usine de Mognard sauf stipulation de notre part. Le non-respect des r\u00e8glements autorise ROLLAND Arroseurs\/Sprinklers \u00e0 suspendre les commandes en carnet et \u00e0 exiger le r\u00e8glement des factures en cours. En cas de recouvrement par voie contentieuse, une indemnit\u00e9 forfaitaire de recouvrement \u00e9gal \u00e0 15% des sommes dues est factur\u00e9e \u00e0 l\u2019acheteur.<\/p>\r\n\r\n\r\n\r\n<p><strong>GARANTIE:<\/strong><\/p>\r\n\r\n\r\n\r\n<p>nos produits sont couverts par les garanties l\u00e9gales. Toute d\u00e9fectuosit\u00e9 provoqu\u00e9e par une mauvaise utilisation ne saurait donner lieu \u00e0 garantie. La garantie ne s\u2019applique qu\u2019\u00e0 l\u2019\u00e9change ou \u00e0 la remise en \u00e9tat pur et simple de l\u2019article d\u00e9fectueux et ne saurait en aucun cas inclure des frais de d\u00e9montage et remontage, ni des frais ou d\u00e9g\u00e2ts occasionn\u00e9s par le mauvais fonctionnement de l\u2019appareil. Les conseils techniques que nous avons \u00e9t\u00e9 amen\u00e9s \u00e0 donner, soit directement, soit par l&rsquo;entremise de nos repr\u00e9sentants, soit par notices, ne sauraient en aucun cas entra\u00eener pour ROLLAND Arroseurs\/Sprinklers quelconque responsabilit\u00e9. Les caract\u00e9ristiques de nos appareils ne sont donn\u00e9es qu&rsquo;\u00e0 titre indicatif.<\/p>\r\n\r\n\r\n\r\n<p><strong>FORCE MAJEURE:<\/strong><\/p>\r\n\r\n\r\n\r\n<p>tout \u00e9v\u00e9nement impr\u00e9visible, irr\u00e9sistible et ind\u00e9pendant de la volont\u00e9 des parties qui emp\u00eache ou r\u00e9duit les fabrications et\/ou les prestations\u00a0est consid\u00e9r\u00e9 comme cas de force majeure et d\u00e9charge ROLLAND Arroseurs\/Sprinklers de l&rsquo;obligation de livrer.<\/p>\r\n\r\n\r\n\r\n<p><strong>RESERVE DE PROPRIETE:<\/strong><\/p>\r\n\r\n\r\n\r\n<p>en application de la loi n\u00b0 80-335 du 12\/05\/1980, le transfert de propri\u00e9t\u00e9 ne deviendra effectif qu\u2019apr\u00e8s le r\u00e8glement int\u00e9gral du prix des marchandises livr\u00e9es.<\/p>\r\n\r\n\r\n\r\n<p><strong>PROPRIETE INTELECTUELLE:<\/strong><\/p>\r\n\r\n\r\n\r\n<p>l\u2019acheteur s\u2019engage \u00e0 respecter l\u2019ensemble des droits de propri\u00e9t\u00e9 intellectuelle de ROLLAND Arroseurs\/Sprinklers dont il d\u00e9clare avoir parfaite connaissance.<\/p>\r\n\r\n\r\n\r\n<p><strong>PROTECTION DES DONNEES:<\/strong><\/p>\r\n\r\n\r\n\r\n<p>ROLLAND Arroseurs\/Sprinklers prot\u00e8ge les donn\u00e9es personnelles du Client. Le Client a un droit d\u2019acc\u00e8s, de modification, de\u00a0rectification et de suppression sur les donn\u00e9es personnelles qu\u2019il communique \u00e0 ROLLAND Arroseurs\/Sprinklers. Le Client peut exercer ce droit en adressant une demande \u00e9crite \u00e0 ROLLAND Arroseurs\/Sprinklers.<\/p>\r\n\r\n\r\n\r\n<p><strong>JURIDICTION:<\/strong><\/p>\r\n\r\n\r\n\r\n<p>Le tribunal de Chamb\u00e9ry sera seul comp\u00e9tent pour toutes contestations m\u00eame en cas d\u2019appel en garantie ou de pluralit\u00e9 de d\u00e9fendeurs. La loi fran\u00e7aise est seule applicable.<\/p>\r\n\r\n\r\n\r\n<p>&nbsp;<\/p>\r\n","protected":false},"excerpt":{"rendered":"<p>Les ventes consenties par la soci\u00e9t\u00e9 ROLLAND Arroseurs\/Sprinklers sont soumises aux pr\u00e9sentes conditions g\u00e9n\u00e9rales de vente (C.G.V) qui pr\u00e9valent sur toutes conditions d\u2019achat, sauf d\u00e9rogation express et formelle de sa part. Le fait de passer commande implique l\u2019adh\u00e9sion enti\u00e8re et sans r\u00e9serve du client \u00e0 ces conditions. DEVIS: les \u00e9ventuelles \u00e9tudes techniques et devis seront [&hellip;]<\/p>\n","protected":false},"author":1,"featured_media":0,"parent":0,"menu_order":0,"comment_status":"closed","ping_status":"closed","template":"","meta":{"footnotes":""},"class_list":["post-28","page","type-page","status-publish","hentry"],"jetpack_sharing_enabled":true,"_links":{"self":[{"href":"https:\/\/rolland-sprinklers.com\/IRRIGATION\/wp-json\/wp\/v2\/pages\/28","targetHints":{"allow":["GET"]}}],"collection":[{"href":"https:\/\/rolland-sprinklers.com\/IRRIGATION\/wp-json\/wp\/v2\/pages"}],"about":[{"href":"https:\/\/rolland-sprinklers.com\/IRRIGATION\/wp-json\/wp\/v2\/types\/page"}],"author":[{"embeddable":true,"href":"https:\/\/rolland-sprinklers.com\/IRRIGATION\/wp-json\/wp\/v2\/users\/1"}],"replies":[{"embeddable":true,"href":"https:\/\/rolland-sprinklers.com\/IRRIGATION\/wp-json\/wp\/v2\/comments?post=28"}],"version-history":[{"count":4,"href":"https:\/\/rolland-sprinklers.com\/IRRIGATION\/wp-json\/wp\/v2\/pages\/28\/revisions"}],"predecessor-version":[{"id":4263,"href":"https:\/\/rolland-sprinklers.com\/IRRIGATION\/wp-json\/wp\/v2\/pages\/28\/revisions\/4263"}],"wp:attachment":[{"href":"https:\/\/rolland-sprinklers.com\/IRRIGATION\/wp-json\/wp\/v2\/media?parent=28"}],"curies":[{"name":"wp","href":"https:\/\/api.w.org\/{rel}","templated":true}]}}