{"id":231,"date":"2022-01-13T14:35:34","date_gmt":"2022-01-13T13:35:34","guid":{"rendered":"http:\/\/testrolland.justecordes.fr\/?page_id=231"},"modified":"2022-01-14T10:55:00","modified_gmt":"2022-01-14T09:55:00","slug":"paiement-securise","status":"publish","type":"page","link":"https:\/\/rolland-sprinklers.com\/IRRIGATION\/paiement-securise\/","title":{"rendered":"Paiement s\u00e9curis\u00e9"},"content":{"rendered":"\n<p><strong>PAIEMENT 100% SECURISE<\/strong><\/p>\n\n\n\n<p>ROLLAND Arroseurs\/Sprinklers vous propose plusieurs moyens de paiement<\/p>\n\n\n\n<ul class=\"wp-block-list\"><li>Carte bancaire<\/li><li>Ch\u00e8que bancaire<\/li><li>Virement bancaire<\/li><\/ul>\n\n\n\n<p><strong>Notre paiement 100% s\u00e9curis\u00e9<\/strong><\/p>\n\n\n\n<p>Gr\u00e2ce aux serveurs s\u00e9curis\u00e9s de nos partenaires bancaires, toutes vos transactions sont 100% s\u00fbres.<\/p>\n\n\n\n<p>Lors de votre paiement, nous utilisons un cryptage appel\u00e9 \u00ab\u00a0protocole HTTPS\u00a0\u00bb. La saisie et le transfert de vos donn\u00e9es de paiement sont chiffr\u00e9s (proc\u00e9d\u00e9 de cryptage SSL) et donc vos donn\u00e9es ne peuvent \u00eatre utilis\u00e9es par des personnes mal intentionn\u00e9es.<\/p>\n\n\n\n<p>De plus, pour \u00e9viter toute usurpation d\u2019identit\u00e9, ROLLAND Arroseurs\/Sprinklers utilise \u00e9galement le protocole 3d-secure (souvent caract\u00e9ris\u00e9 par l\u2019envoi d\u2019un code par SMS pour valider le paiement, en fonction de votre \u00e9tablissement bancaire).<\/p>\n\n\n\n<p><strong>Paiement par carte bancaire<\/strong><\/p>\n\n\n\n<p>Le paiement par carte bancaire est le moyen le plus simple et rapide pour acheter en ligne sur ROLLAND Arroseurs\/Sprinklers<\/p>\n\n\n\n<p>Il est r\u00e9alis\u00e9 dans un espace 100% s\u00e9curis\u00e9 gr\u00e2ce \u00e0 nos partenaires bancaires, comme \u00e9nonc\u00e9 ci-dessus.<\/p>\n\n\n\n<p>Les cartes accept\u00e9es sont : carte bleue, visa, mastercard.<\/p>\n\n\n\n<p><strong>Paiement par ch\u00e8que bancaire<\/strong><\/p>\n\n\n\n<p>Apr\u00e8s validation de votre commande en ligne, vous devez envoyer par courrier :<\/p>\n\n\n\n<ul class=\"wp-block-list\"><li>votre ch\u00e8que sign\u00e9, du montant de votre commande, \u00e0 l\u2019ordre de ROLLAND Arroseurs\/Sprinklers<\/li><li>nous indiquer votre num\u00e9ro de commande<\/li><li>adresse d\u2019envoi : ROLLAND Arroseurs\/Sprinklers, 235 rte de la Biolle, ZA le sauvage, Mognard, 73410 Entrelacs<\/li><\/ul>\n\n\n\n<p>A r\u00e9ception du ch\u00e8que, nous effectuons des v\u00e9rifications avant encaissement et envoyons ensuite votre commande.<\/p>\n\n\n\n<p>Votre commande \u00e9tant trait\u00e9e \u00e0 r\u00e9ception du ch\u00e8que, le paiement par ch\u00e8que engendre des d\u00e9lais de livraison sup\u00e9rieurs au paiement par carte bancaire.<\/p>\n\n\n\n<p>La non-r\u00e9ception du ch\u00e8que, sous quinze jours ouvrables, entra\u00eene l\u2019annulation de la commande.<\/p>\n\n\n\n<p><strong>Paiement par virement bancaire<\/strong><\/p>\n\n\n\n<p>Apr\u00e8s validation de votre commande en ligne, vous devez effectuer votre virement depuis les services de votre banque ou \u00e0 l\u2019aide de votre conseiller bancaire.<\/p>\n\n\n\n<p>Le virement doit \u00eatre envoy\u00e9 sur le compte de la soci\u00e9t\u00e9 ROLLAND Arroseurs\/Sprinklers dont les coordonn\u00e9es vous sont transmises par email.<\/p>\n\n\n\n<p>Lorsque le montant a \u00e9t\u00e9 cr\u00e9dit\u00e9 sur le compte bancaire de ROLLAND Arroseurs\/Sprinklers, nous envoyons votre commande.<\/p>\n\n\n\n<p>Votre commande \u00e9tant trait\u00e9e \u00e0 r\u00e9ception du virement, celui-ci engendre des d\u00e9lais de livraison sup\u00e9rieurs au paiement par carte bancaire. En effet, le virement bancaire est effectif apr\u00e8s plusieurs jours ouvrables.<\/p>\n","protected":false},"excerpt":{"rendered":"<p>PAIEMENT 100% SECURISE ROLLAND Arroseurs\/Sprinklers vous propose plusieurs moyens de paiement Carte bancaire Ch\u00e8que bancaire Virement bancaire Notre paiement 100% s\u00e9curis\u00e9 Gr\u00e2ce aux serveurs s\u00e9curis\u00e9s de nos partenaires bancaires, toutes vos transactions sont 100% s\u00fbres. Lors de votre paiement, nous utilisons un cryptage appel\u00e9 \u00ab\u00a0protocole HTTPS\u00a0\u00bb. La saisie et le transfert de vos donn\u00e9es de [&hellip;]<\/p>\n","protected":false},"author":1,"featured_media":0,"parent":0,"menu_order":0,"comment_status":"closed","ping_status":"closed","template":"","meta":{"footnotes":""},"class_list":["post-231","page","type-page","status-publish","hentry"],"jetpack_sharing_enabled":true,"_links":{"self":[{"href":"https:\/\/rolland-sprinklers.com\/IRRIGATION\/wp-json\/wp\/v2\/pages\/231","targetHints":{"allow":["GET"]}}],"collection":[{"href":"https:\/\/rolland-sprinklers.com\/IRRIGATION\/wp-json\/wp\/v2\/pages"}],"about":[{"href":"https:\/\/rolland-sprinklers.com\/IRRIGATION\/wp-json\/wp\/v2\/types\/page"}],"author":[{"embeddable":true,"href":"https:\/\/rolland-sprinklers.com\/IRRIGATION\/wp-json\/wp\/v2\/users\/1"}],"replies":[{"embeddable":true,"href":"https:\/\/rolland-sprinklers.com\/IRRIGATION\/wp-json\/wp\/v2\/comments?post=231"}],"version-history":[{"count":1,"href":"https:\/\/rolland-sprinklers.com\/IRRIGATION\/wp-json\/wp\/v2\/pages\/231\/revisions"}],"predecessor-version":[{"id":232,"href":"https:\/\/rolland-sprinklers.com\/IRRIGATION\/wp-json\/wp\/v2\/pages\/231\/revisions\/232"}],"wp:attachment":[{"href":"https:\/\/rolland-sprinklers.com\/IRRIGATION\/wp-json\/wp\/v2\/media?parent=231"}],"curies":[{"name":"wp","href":"https:\/\/api.w.org\/{rel}","templated":true}]}}