{"id":52,"date":"2022-04-25T14:13:22","date_gmt":"2022-04-25T12:13:22","guid":{"rendered":"https:\/\/rolland-sprinklers.com\/INCENDIE\/?page_id=52"},"modified":"2023-04-12T09:14:42","modified_gmt":"2023-04-12T07:14:42","slug":"contact","status":"publish","type":"page","link":"https:\/\/rolland-sprinklers.com\/INCENDIE\/en\/contact\/","title":{"rendered":"Contact"},"content":{"rendered":"<p class=\"translation-block\">If you have any questions, do not hesitate to contact us, we will reply within 24h.<\/p>\n\n\n<div class=\"wp-block-jetpack-contact-form is-layout-flex wp-container-jetpack-contact-form-is-layout-2b4208ba wp-block-jetpack-contact-form-is-layout-flex\"><a href=\"https:\/\/rolland-sprinklers.com\/INCENDIE\/en\/contact\/\" target=\"_blank\" rel=\"noopener noreferrer\">Submit a form.<\/a><\/div>\n\n<div class=\"wp-block-image\">\n<figure class=\"aligncenter size-large\"><a href=\"https:\/\/goo.gl\/maps\/XFkwxkxGj1Y4jw1B9\" target=\"_blank\" rel=\"noreferrer noopener\"><img fetchpriority=\"high\" decoding=\"async\" width=\"1024\" height=\"479\" src=\"https:\/\/rolland-sprinklers.com\/INCENDIE\/wp-content\/uploads\/2023\/04\/Carte-acces-usine-1024x479.png\" alt=\"\" class=\"wp-image-874\" srcset=\"https:\/\/rolland-sprinklers.com\/INCENDIE\/wp-content\/uploads\/2023\/04\/Carte-acces-usine-1024x479.png 1024w, https:\/\/rolland-sprinklers.com\/INCENDIE\/wp-content\/uploads\/2023\/04\/Carte-acces-usine-300x140.png 300w, https:\/\/rolland-sprinklers.com\/INCENDIE\/wp-content\/uploads\/2023\/04\/Carte-acces-usine-768x359.png 768w, https:\/\/rolland-sprinklers.com\/INCENDIE\/wp-content\/uploads\/2023\/04\/Carte-acces-usine-1536x719.png 1536w, https:\/\/rolland-sprinklers.com\/INCENDIE\/wp-content\/uploads\/2023\/04\/Carte-acces-usine-18x8.png 18w, https:\/\/rolland-sprinklers.com\/INCENDIE\/wp-content\/uploads\/2023\/04\/Carte-acces-usine-500x234.png 500w, https:\/\/rolland-sprinklers.com\/INCENDIE\/wp-content\/uploads\/2023\/04\/Carte-acces-usine-800x374.png 800w, https:\/\/rolland-sprinklers.com\/INCENDIE\/wp-content\/uploads\/2023\/04\/Carte-acces-usine-1280x599.png 1280w, https:\/\/rolland-sprinklers.com\/INCENDIE\/wp-content\/uploads\/2023\/04\/Carte-acces-usine.png 1844w\" sizes=\"(max-width: 1024px) 100vw, 1024px\" \/><\/a><\/figure>\n<\/div>","protected":false},"excerpt":{"rendered":"<p class=\"translation-block\">If you have any questions, do not hesitate to contact us, we will reply within 24h.<\/p>","protected":false},"author":1,"featured_media":0,"parent":0,"menu_order":0,"comment_status":"closed","ping_status":"closed","template":"","meta":{"_vp_format_video_url":"","_vp_image_focal_point":[],"footnotes":""},"class_list":["post-52","page","type-page","status-publish","hentry"],"yoast_head":"<!-- This site is optimized with the Yoast SEO plugin v27.6 - https:\/\/yoast.com\/product\/yoast-seo-wordpress\/ -->\n<title>Contact - Rolland Incendie \/ Fire<\/title>\n<meta name=\"robots\" content=\"index, follow, max-snippet:-1, max-image-preview:large, max-video-preview:-1\" \/>\n<link rel=\"canonical\" href=\"https:\/\/rolland-sprinklers.com\/INCENDIE\/en\/contact\/\" \/>\n<meta property=\"og:locale\" content=\"en_GB\" \/>\n<meta property=\"og:type\" content=\"article\" \/>\n<meta property=\"og:title\" content=\"Contact - Rolland Incendie \/ Fire\" \/>\n<meta property=\"og:description\" content=\"Si vous avez des questions, n\u2019h\u00e9sitez pas \u00e0 nous envoyer un message.Nous r\u00e9pondrons dans les 24 heures\" \/>\n<meta property=\"og:url\" content=\"https:\/\/rolland-sprinklers.com\/INCENDIE\/en\/contact\/\" \/>\n<meta property=\"og:site_name\" content=\"Rolland Incendie \/ Fire\" \/>\n<meta property=\"article:modified_time\" content=\"2023-04-12T07:14:42+00:00\" \/>\n<meta property=\"og:image\" content=\"https:\/\/rolland-sprinklers.com\/INCENDIE\/wp-content\/uploads\/2023\/04\/Carte-acces-usine-1024x479.png\" \/>\n<meta name=\"twitter:card\" content=\"summary_large_image\" \/>\n<meta name=\"twitter:label1\" content=\"Estimated reading time\" \/>\n\t<meta name=\"twitter:data1\" content=\"1 minute\" \/>\n<script type=\"application\/ld+json\" class=\"yoast-schema-graph\">{\"@context\":\"https:\\\/\\\/schema.org\",\"@graph\":[{\"@type\":\"WebPage\",\"@id\":\"https:\\\/\\\/rolland-sprinklers.com\\\/INCENDIE\\\/contact\\\/\",\"url\":\"https:\\\/\\\/rolland-sprinklers.com\\\/INCENDIE\\\/contact\\\/\",\"name\":\"Contact - Rolland Incendie \\\/ Fire\",\"isPartOf\":{\"@id\":\"https:\\\/\\\/rolland-sprinklers.com\\\/INCENDIE\\\/#website\"},\"primaryImageOfPage\":{\"@id\":\"https:\\\/\\\/rolland-sprinklers.com\\\/INCENDIE\\\/contact\\\/#primaryimage\"},\"image\":{\"@id\":\"https:\\\/\\\/rolland-sprinklers.com\\\/INCENDIE\\\/contact\\\/#primaryimage\"},\"thumbnailUrl\":\"https:\\\/\\\/rolland-sprinklers.com\\\/INCENDIE\\\/wp-content\\\/uploads\\\/2023\\\/04\\\/Carte-acces-usine-1024x479.png\",\"datePublished\":\"2022-04-25T12:13:22+00:00\",\"dateModified\":\"2023-04-12T07:14:42+00:00\",\"breadcrumb\":{\"@id\":\"https:\\\/\\\/rolland-sprinklers.com\\\/INCENDIE\\\/contact\\\/#breadcrumb\"},\"inLanguage\":\"en-GB\",\"potentialAction\":[{\"@type\":\"ReadAction\",\"target\":[\"https:\\\/\\\/rolland-sprinklers.com\\\/INCENDIE\\\/contact\\\/\"]}]},{\"@type\":\"ImageObject\",\"inLanguage\":\"en-GB\",\"@id\":\"https:\\\/\\\/rolland-sprinklers.com\\\/INCENDIE\\\/contact\\\/#primaryimage\",\"url\":\"https:\\\/\\\/rolland-sprinklers.com\\\/INCENDIE\\\/wp-content\\\/uploads\\\/2023\\\/04\\\/Carte-acces-usine-1024x479.png\",\"contentUrl\":\"https:\\\/\\\/rolland-sprinklers.com\\\/INCENDIE\\\/wp-content\\\/uploads\\\/2023\\\/04\\\/Carte-acces-usine-1024x479.png\"},{\"@type\":\"BreadcrumbList\",\"@id\":\"https:\\\/\\\/rolland-sprinklers.com\\\/INCENDIE\\\/contact\\\/#breadcrumb\",\"itemListElement\":[{\"@type\":\"ListItem\",\"position\":1,\"name\":\"Accueil\",\"item\":\"https:\\\/\\\/rolland-sprinklers.com\\\/INCENDIE\\\/\"},{\"@type\":\"ListItem\",\"position\":2,\"name\":\"Contact\"}]},{\"@type\":\"WebSite\",\"@id\":\"https:\\\/\\\/rolland-sprinklers.com\\\/INCENDIE\\\/#website\",\"url\":\"https:\\\/\\\/rolland-sprinklers.com\\\/INCENDIE\\\/\",\"name\":\"Rolland Incendie \\\/ Fire\",\"description\":\"\",\"publisher\":{\"@id\":\"https:\\\/\\\/rolland-sprinklers.com\\\/INCENDIE\\\/#organization\"},\"potentialAction\":[{\"@type\":\"SearchAction\",\"target\":{\"@type\":\"EntryPoint\",\"urlTemplate\":\"https:\\\/\\\/rolland-sprinklers.com\\\/INCENDIE\\\/?s={search_term_string}\"},\"query-input\":{\"@type\":\"PropertyValueSpecification\",\"valueRequired\":true,\"valueName\":\"search_term_string\"}}],\"inLanguage\":\"en-GB\"},{\"@type\":\"Organization\",\"@id\":\"https:\\\/\\\/rolland-sprinklers.com\\\/INCENDIE\\\/#organization\",\"name\":\"Rolland Arroseurs Sprinklers\",\"url\":\"https:\\\/\\\/rolland-sprinklers.com\\\/INCENDIE\\\/\",\"logo\":{\"@type\":\"ImageObject\",\"inLanguage\":\"en-GB\",\"@id\":\"https:\\\/\\\/rolland-sprinklers.com\\\/INCENDIE\\\/#\\\/schema\\\/logo\\\/image\\\/\",\"url\":\"https:\\\/\\\/rolland-sprinklers.com\\\/INCENDIE\\\/wp-content\\\/uploads\\\/2022\\\/04\\\/cropped-logo-rollandmade-in_france28-ans-3.png\",\"contentUrl\":\"https:\\\/\\\/rolland-sprinklers.com\\\/INCENDIE\\\/wp-content\\\/uploads\\\/2022\\\/04\\\/cropped-logo-rollandmade-in_france28-ans-3.png\",\"width\":766,\"height\":150,\"caption\":\"Rolland Arroseurs Sprinklers\"},\"image\":{\"@id\":\"https:\\\/\\\/rolland-sprinklers.com\\\/INCENDIE\\\/#\\\/schema\\\/logo\\\/image\\\/\"}}]}<\/script>\n<!-- \/ Yoast SEO plugin. -->","yoast_head_json":{"title":"Contact - Rolland Incendie \/ Fire","robots":{"index":"index","follow":"follow","max-snippet":"max-snippet:-1","max-image-preview":"max-image-preview:large","max-video-preview":"max-video-preview:-1"},"canonical":"https:\/\/rolland-sprinklers.com\/INCENDIE\/en\/contact\/","og_locale":"en_GB","og_type":"article","og_title":"Contact - Rolland Incendie \/ Fire","og_description":"Si vous avez des questions, n\u2019h\u00e9sitez pas \u00e0 nous envoyer un message.Nous r\u00e9pondrons dans les 24 heures","og_url":"https:\/\/rolland-sprinklers.com\/INCENDIE\/en\/contact\/","og_site_name":"Rolland Incendie \/ Fire","article_modified_time":"2023-04-12T07:14:42+00:00","og_image":[{"url":"https:\/\/rolland-sprinklers.com\/INCENDIE\/wp-content\/uploads\/2023\/04\/Carte-acces-usine-1024x479.png","type":"","width":"","height":""}],"twitter_card":"summary_large_image","twitter_misc":{"Estimated reading time":"1 minute"},"schema":{"@context":"https:\/\/schema.org","@graph":[{"@type":"WebPage","@id":"https:\/\/rolland-sprinklers.com\/INCENDIE\/contact\/","url":"https:\/\/rolland-sprinklers.com\/INCENDIE\/contact\/","name":"Contact - Rolland Incendie \/ Fire","isPartOf":{"@id":"https:\/\/rolland-sprinklers.com\/INCENDIE\/#website"},"primaryImageOfPage":{"@id":"https:\/\/rolland-sprinklers.com\/INCENDIE\/contact\/#primaryimage"},"image":{"@id":"https:\/\/rolland-sprinklers.com\/INCENDIE\/contact\/#primaryimage"},"thumbnailUrl":"https:\/\/rolland-sprinklers.com\/INCENDIE\/wp-content\/uploads\/2023\/04\/Carte-acces-usine-1024x479.png","datePublished":"2022-04-25T12:13:22+00:00","dateModified":"2023-04-12T07:14:42+00:00","breadcrumb":{"@id":"https:\/\/rolland-sprinklers.com\/INCENDIE\/contact\/#breadcrumb"},"inLanguage":"en-GB","potentialAction":[{"@type":"ReadAction","target":["https:\/\/rolland-sprinklers.com\/INCENDIE\/contact\/"]}]},{"@type":"ImageObject","inLanguage":"en-GB","@id":"https:\/\/rolland-sprinklers.com\/INCENDIE\/contact\/#primaryimage","url":"https:\/\/rolland-sprinklers.com\/INCENDIE\/wp-content\/uploads\/2023\/04\/Carte-acces-usine-1024x479.png","contentUrl":"https:\/\/rolland-sprinklers.com\/INCENDIE\/wp-content\/uploads\/2023\/04\/Carte-acces-usine-1024x479.png"},{"@type":"BreadcrumbList","@id":"https:\/\/rolland-sprinklers.com\/INCENDIE\/contact\/#breadcrumb","itemListElement":[{"@type":"ListItem","position":1,"name":"Accueil","item":"https:\/\/rolland-sprinklers.com\/INCENDIE\/"},{"@type":"ListItem","position":2,"name":"Contact"}]},{"@type":"WebSite","@id":"https:\/\/rolland-sprinklers.com\/INCENDIE\/#website","url":"https:\/\/rolland-sprinklers.com\/INCENDIE\/","name":"Rolland Incendie \/ Fire","description":"","publisher":{"@id":"https:\/\/rolland-sprinklers.com\/INCENDIE\/#organization"},"potentialAction":[{"@type":"SearchAction","target":{"@type":"EntryPoint","urlTemplate":"https:\/\/rolland-sprinklers.com\/INCENDIE\/?s={search_term_string}"},"query-input":{"@type":"PropertyValueSpecification","valueRequired":true,"valueName":"search_term_string"}}],"inLanguage":"en-GB"},{"@type":"Organization","@id":"https:\/\/rolland-sprinklers.com\/INCENDIE\/#organization","name":"Rolland Arroseurs Sprinklers","url":"https:\/\/rolland-sprinklers.com\/INCENDIE\/","logo":{"@type":"ImageObject","inLanguage":"en-GB","@id":"https:\/\/rolland-sprinklers.com\/INCENDIE\/#\/schema\/logo\/image\/","url":"https:\/\/rolland-sprinklers.com\/INCENDIE\/wp-content\/uploads\/2022\/04\/cropped-logo-rollandmade-in_france28-ans-3.png","contentUrl":"https:\/\/rolland-sprinklers.com\/INCENDIE\/wp-content\/uploads\/2022\/04\/cropped-logo-rollandmade-in_france28-ans-3.png","width":766,"height":150,"caption":"Rolland Arroseurs Sprinklers"},"image":{"@id":"https:\/\/rolland-sprinklers.com\/INCENDIE\/#\/schema\/logo\/image\/"}}]}},"jetpack_sharing_enabled":true,"_links":{"self":[{"href":"https:\/\/rolland-sprinklers.com\/INCENDIE\/en\/wp-json\/wp\/v2\/pages\/52","targetHints":{"allow":["GET"]}}],"collection":[{"href":"https:\/\/rolland-sprinklers.com\/INCENDIE\/en\/wp-json\/wp\/v2\/pages"}],"about":[{"href":"https:\/\/rolland-sprinklers.com\/INCENDIE\/en\/wp-json\/wp\/v2\/types\/page"}],"author":[{"embeddable":true,"href":"https:\/\/rolland-sprinklers.com\/INCENDIE\/en\/wp-json\/wp\/v2\/users\/1"}],"replies":[{"embeddable":true,"href":"https:\/\/rolland-sprinklers.com\/INCENDIE\/en\/wp-json\/wp\/v2\/comments?post=52"}],"version-history":[{"count":5,"href":"https:\/\/rolland-sprinklers.com\/INCENDIE\/en\/wp-json\/wp\/v2\/pages\/52\/revisions"}],"predecessor-version":[{"id":875,"href":"https:\/\/rolland-sprinklers.com\/INCENDIE\/en\/wp-json\/wp\/v2\/pages\/52\/revisions\/875"}],"wp:attachment":[{"href":"https:\/\/rolland-sprinklers.com\/INCENDIE\/en\/wp-json\/wp\/v2\/media?parent=52"}],"curies":[{"name":"wp","href":"https:\/\/api.w.org\/{rel}","templated":true}]}}